{"id":17332,"date":"2025-02-12T16:50:48","date_gmt":"2025-02-12T14:50:48","guid":{"rendered":"https:\/\/finplast.md\/?post_type=product&#038;p=17332"},"modified":"2025-02-12T17:16:41","modified_gmt":"2025-02-12T15:16:41","slug":"ldpe-1","status":"publish","type":"product","link":"https:\/\/finplast.md\/ru\/product\/ldpe-1\/","title":{"rendered":"\u041f\u042d\u041d\u0414 1"},"content":{"rendered":"","protected":false},"excerpt":{"rendered":"<div class=\"wpcf7 no-js\" id=\"wpcf7-f16980-o1\" lang=\"en-US\" dir=\"ltr\" data-wpcf7-id=\"16980\">\n<div class=\"screen-reader-response\">\n<p role=\"status\" aria-live=\"polite\" aria-atomic=\"true\">\n<ul><\/ul>\n<\/div>\n<form action=\"\/ru\/wp-json\/wp\/v2\/product\/17332#wpcf7-f16980-o1\" method=\"post\" class=\"wpcf7-form init\" aria-label=\"\u041a\u043e\u043d\u0442\u0430\u043a\u0442\u043d\u0430\u044f \u0444\u043e\u0440\u043c\u0430\" novalidate=\"novalidate\" data-status=\"init\" data-trp-original-action=\"\/ru\/wp-json\/wp\/v2\/product\/17332#wpcf7-f16980-o1\">\n<fieldset class=\"hidden-fields-container\"><input type=\"hidden\" name=\"_wpcf7\" value=\"16980\" \/><input type=\"hidden\" name=\"_wpcf7_version\" value=\"6.1.5\" \/><input type=\"hidden\" name=\"_wpcf7_locale\" value=\"en_US\" \/><input type=\"hidden\" name=\"_wpcf7_unit_tag\" value=\"wpcf7-f16980-o1\" \/><input type=\"hidden\" name=\"_wpcf7_container_post\" value=\"0\" \/><input type=\"hidden\" name=\"_wpcf7_posted_data_hash\" value=\"\" \/><br \/>\n<\/fieldset>\n<div class=\"row\">\n<div class=\"col-md-6 contact\">\n<p><label>\u041f\u043e\u043b\u043d\u043e\u0435 \u0438\u043c\u044f:<\/label><br \/>\n<span class=\"wpcf7-form-control-wrap\" data-name=\"your-name\"><input size=\"40\" maxlength=\"400\" class=\"wpcf7-form-control wpcf7-text wpcf7-validates-as-required\" aria-required=\"true\" aria-invalid=\"false\" placeholder=\"\u0412\u0430\u0448\u0435 \u0438\u043c\u044f\" value=\"\" type=\"text\" name=\"your-name\" \/><\/span>\n\t\t<\/p>\n<\/p><\/div>\n<div class=\"col-md-6 contact\">\n<p><label>\u041d\u0430\u0437\u0432\u0430\u043d\u0438\u0435 \u043a\u043e\u043c\u043f\u0430\u043d\u0438\u0438:<\/label><br \/>\n<span class=\"wpcf7-form-control-wrap\" data-name=\"your-name\"><input size=\"40\" maxlength=\"400\" class=\"wpcf7-form-control wpcf7-text wpcf7-validates-as-required\" aria-required=\"true\" aria-invalid=\"false\" placeholder=\"\u041d\u0430\u0437\u0432\u0430\u043d\u0438\u0435 \u0432\u0430\u0448\u0435\u0439 \u043a\u043e\u043c\u043f\u0430\u043d\u0438\u0438\" value=\"\" type=\"text\" name=\"your-name\" \/><\/span>\n\t\t<\/p>\n<\/p><\/div>\n<\/div>\n<div class=\"row\">\n<div class=\"col-md-6 contact\">\n<p><label>\u0422\u0435\u043b\u0435\u0444\u043e\u043d:<\/label><br \/>\n<span class=\"wpcf7-form-control-wrap\" data-name=\"tel-654\"><input size=\"40\" maxlength=\"400\" class=\"wpcf7-form-control wpcf7-tel wpcf7-text wpcf7-validates-as-tel\" aria-invalid=\"false\" placeholder=\"06000000\" value=\"\" type=\"tel\" name=\"tel-654\" \/><\/span>\n\t\t<\/p>\n<\/p><\/div>\n<div class=\"col-md-6 contact\">\n<p><label>e-mail:<\/label><br \/>\n<span class=\"wpcf7-form-control-wrap\" data-name=\"your-name\"><input size=\"40\" maxlength=\"400\" class=\"wpcf7-form-control wpcf7-text wpcf7-validates-as-required\" aria-required=\"true\" aria-invalid=\"false\" placeholder=\"\u0412\u0430\u0448 e-mail\" value=\"\" type=\"text\" name=\"your-name\" \/><\/span>\n\t\t<\/p>\n<\/p><\/div>\n<\/div>\n<div class=\"row\">\n<div class=\"col-md-6 contact\">\n<p><label>\u0421\u0442\u0440\u0430\u043d\u0430:<\/label><br \/>\n<span class=\"wpcf7-form-control-wrap\" data-name=\"your-name\"><input size=\"40\" maxlength=\"400\" class=\"wpcf7-form-control wpcf7-text wpcf7-validates-as-required\" aria-required=\"true\" aria-invalid=\"false\" placeholder=\"\u0412\u0430\u0448\u0430 \u0441\u0442\u0440\u0430\u043d\u0430\" value=\"\" type=\"text\" name=\"your-name\" \/><\/span>\n\t\t<\/p>\n<\/p><\/div>\n<div class=\"col-md-6 contact\">\n<p><label>\u0413\u043e\u0440\u043e\u0434:<\/label><br \/>\n<span class=\"wpcf7-form-control-wrap\" data-name=\"your-name\"><input size=\"40\" maxlength=\"400\" class=\"wpcf7-form-control wpcf7-text wpcf7-validates-as-required\" aria-required=\"true\" aria-invalid=\"false\" placeholder=\"\u0412\u0430\u0448 \u0433\u043e\u0440\u043e\u0434\" value=\"\" type=\"text\" name=\"your-name\" \/><\/span>\n\t\t<\/p>\n<\/p><\/div>\n<\/div>\n<div class=\"row\">\n<div class=\"col-md-6 contact\">\n<p><label>\u0410\u0434\u0440\u0435\u0441:<\/label><br \/>\n<span class=\"wpcf7-form-control-wrap\" data-name=\"your-name\"><input size=\"40\" maxlength=\"400\" class=\"wpcf7-form-control wpcf7-text wpcf7-validates-as-required\" aria-required=\"true\" aria-invalid=\"false\" placeholder=\"\u0412\u0430\u0448 \u0430\u0434\u0440\u0435\u0441\" value=\"\" type=\"text\" name=\"your-name\" \/><\/span>\n\t\t<\/p>\n<\/p><\/div>\n<div class=\"col-md-6 contact\">\n<p><label>\u041a\u043e\u043b\u0438\u0447\u0435\u0441\u0442\u0432\u043e:<\/label><br \/>\n<input type=\"number\" id=\"quantity\" class=\"quantity-input\" value=\"1\" min=\"1\" \/>\n\t\t<\/p>\n<\/p><\/div>\n<\/div>\n<div class=\"col-md-12 buton-cf7\">\n<p><input class=\"wpcf7-form-control wpcf7-submit has-spinner\" type=\"submit\" value=\"\u0423\u0437\u043d\u0430\u0439\u0442\u0435 \u0446\u0435\u043d\u0443\" \/>\n\t<\/p>\n<\/div>\n<style>\n \/* Styling general pentru inputuri *\/\n .contact input,\n .contact select,\n .contact textarea {\n width: 100%;\n padding: 10px;\n font-size: 14px;\n border: 1px solid #ddd;\n border-radius: 4px;\n margin-top: 5px;\n box-sizing: border-box;\n }<\/p>\n<p> .quantity-input {\n width: 100%; \/* Face inputul s\u0103 ocupe \u00eentreaga l\u0103\u021bime disponibil\u0103 *\/\n padding: 10px;\n font-size: 14px;\n border: 1px solid #ddd;\n border-radius: 4px;\n box-sizing: border-box;\n }<\/p>\n<p> \/* Aliniere uniform\u0103 pentru toate c\u00e2mpurile din formular *\/\n .row {\n margin-bottom: 15px;\n }\n<\/style>\n<div class=\"wpcf7-response-output\" aria-hidden=\"true\"><\/div>\n<input type=\"hidden\" name=\"trp-form-language\" value=\"ru\"\/><\/form>\n<\/div>","protected":false},"featured_media":17307,"template":"","meta":[],"product_brand":[],"product_cat":[91],"product_tag":[],"class_list":{"0":"post-17332","1":"product","2":"type-product","3":"status-publish","4":"has-post-thumbnail","6":"product_cat-ldpe-polietilena-cu-densitate-joasa","8":"first","9":"instock","10":"shipping-taxable","11":"product-type-simple"},"_links":{"self":[{"href":"https:\/\/finplast.md\/ru\/wp-json\/wp\/v2\/product\/17332","targetHints":{"allow":["GET"]}}],"collection":[{"href":"https:\/\/finplast.md\/ru\/wp-json\/wp\/v2\/product"}],"about":[{"href":"https:\/\/finplast.md\/ru\/wp-json\/wp\/v2\/types\/product"}],"version-history":[{"count":0,"href":"https:\/\/finplast.md\/ru\/wp-json\/wp\/v2\/product\/17332\/revisions"}],"wp:featuredmedia":[{"embeddable":true,"href":"https:\/\/finplast.md\/ru\/wp-json\/wp\/v2\/media\/17307"}],"wp:attachment":[{"href":"https:\/\/finplast.md\/ru\/wp-json\/wp\/v2\/media?parent=17332"}],"wp:term":[{"taxonomy":"product_brand","embeddable":true,"href":"https:\/\/finplast.md\/ru\/wp-json\/wp\/v2\/product_brand?post=17332"},{"taxonomy":"product_cat","embeddable":true,"href":"https:\/\/finplast.md\/ru\/wp-json\/wp\/v2\/product_cat?post=17332"},{"taxonomy":"product_tag","embeddable":true,"href":"https:\/\/finplast.md\/ru\/wp-json\/wp\/v2\/product_tag?post=17332"}],"curies":[{"name":"wp","href":"https:\/\/api.w.org\/{rel}","templated":true}]}}