{"id":15711,"date":"2025-01-16T15:19:18","date_gmt":"2025-01-16T13:19:18","guid":{"rendered":"https:\/\/finplast.md\/?page_id=15711"},"modified":"2025-02-04T16:23:18","modified_gmt":"2025-02-04T14:23:18","slug":"reciclarea-paletelor","status":"publish","type":"page","link":"https:\/\/finplast.md\/tr\/reciclarea-paletelor\/","title":{"rendered":"Palet Geri D\u00f6n\u00fc\u015f\u00fcm\u00fc"},"content":{"rendered":"<div data-elementor-type=\"wp-page\" data-elementor-id=\"15711\" class=\"elementor elementor-15711\" data-elementor-post-type=\"page\">\n\t\t\t\t<div class=\"elementor-element elementor-element-190d068 e-con-full e-flex e-con e-parent\" data-id=\"190d068\" data-element_type=\"container\" data-e-type=\"container\">\n\t\t\t\t<div class=\"elementor-element elementor-element-3d5f2ab elementor-widget elementor-widget-heading\" data-id=\"3d5f2ab\" data-element_type=\"widget\" data-e-type=\"widget\" data-widget_type=\"heading.default\">\n\t\t\t\t<div class=\"elementor-widget-container\">\n\t\t\t\t\t<h1 class=\"elementor-heading-title elementor-size-default\">Ah\u015fap Geri D\u00f6n\u00fc\u015f\u00fcm\u00fc: S\u00fcrd\u00fcr\u00fclebilir Bir Palet \u00c7\u00f6z\u00fcm\u00fc\n\n<\/h1>\t\t\t\t<\/div>\n\t\t\t\t<\/div>\n\t\t\t\t<\/div>\n\t\t<div class=\"wd-negative-gap elementor-element elementor-element-62bb205 e-flex e-con-boxed e-con e-parent\" data-id=\"62bb205\" data-element_type=\"container\" data-e-type=\"container\">\n\t\t\t\t\t<div class=\"e-con-inner\">\n\t\t\t\t<div class=\"elementor-element elementor-element-f61d239 elementor-widget elementor-widget-spacer\" data-id=\"f61d239\" data-element_type=\"widget\" data-e-type=\"widget\" data-widget_type=\"spacer.default\">\n\t\t\t\t<div class=\"elementor-widget-container\">\n\t\t\t\t\t\t\t<div class=\"elementor-spacer\">\n\t\t\t<div class=\"elementor-spacer-inner\"><\/div>\n\t\t<\/div>\n\t\t\t\t\t\t<\/div>\n\t\t\t\t<\/div>\n\t\t\t\t<div class=\"elementor-element elementor-element-b91443e elementor-widget elementor-widget-image\" data-id=\"b91443e\" data-element_type=\"widget\" data-e-type=\"widget\" data-widget_type=\"image.default\">\n\t\t\t\t<div class=\"elementor-widget-container\">\n\t\t\t\t\t\t\t\t\t\t\t\t\t\t\t<img decoding=\"async\" src=\"https:\/\/finplast.md\/wp-content\/uploads\/elementor\/thumbs\/6048-r3nmzz8dnv1typbxb1tn19jkmf481v825aa9rzugho.webp\" title=\"6048\" alt=\"6048\" loading=\"lazy\" \/>\t\t\t\t\t\t\t\t\t\t\t\t\t\t\t<\/div>\n\t\t\t\t<\/div>\n\t\t\t\t<div class=\"elementor-element elementor-element-8ace13b color-scheme-inherit text-left elementor-widget elementor-widget-text-editor\" data-id=\"8ace13b\" data-element_type=\"widget\" data-e-type=\"widget\" data-widget_type=\"text-editor.default\">\n\t\t\t\t<div class=\"elementor-widget-container\">\n\t\t\t\t\t\t\t\t\t<p data-pm-slice=\"1 1 []\">\u00a0\u00a0\u00a0 Ah\u015fap geri d\u00f6n\u00fc\u015f\u00fcm\u00fc, do\u011fal kaynaklar\u0131n korunmas\u0131 ve \u00e7evresel etkinin en aza indirilmesi i\u00e7in \u00f6nemli bir uygulamad\u0131r. Ah\u015faptan yap\u0131lan en yayg\u0131n \u00fcr\u00fcnlerden biri, mallar\u0131n ta\u015f\u0131nmas\u0131 ve depolanmas\u0131 i\u00e7in kullan\u0131lan paletlerdir. \u00dcretimi i\u00e7in y\u00fcksek kaynak t\u00fcketimi nedeniyle, ah\u015fap paletlerin geri d\u00f6n\u00fc\u015f\u00fcm\u00fc ve yeniden kullan\u0131m\u0131 daha s\u00fcrd\u00fcr\u00fclebilir bir gelecek i\u00e7in etkili \u00e7\u00f6z\u00fcmlerdir.<\/p><p><script src=\"moz-extension:\/\/66cff2d0-0259-43ce-a95c-04c1204727e6\/js\/app.js\" type=\"text\/javascript\"><\/script><\/p>\t\t\t\t\t\t\t\t<\/div>\n\t\t\t\t<\/div>\n\t\t\t\t\t<\/div>\n\t\t\t\t<\/div>\n\t\t<div class=\"wd-negative-gap elementor-element elementor-element-3678b36 e-flex e-con-boxed e-con e-parent\" data-id=\"3678b36\" data-element_type=\"container\" data-e-type=\"container\">\n\t\t\t\t\t<div class=\"e-con-inner\">\n\t\t\t\t<div class=\"elementor-element elementor-element-5b64d65 elementor-widget elementor-widget-spacer\" data-id=\"5b64d65\" data-element_type=\"widget\" data-e-type=\"widget\" data-widget_type=\"spacer.default\">\n\t\t\t\t<div class=\"elementor-widget-container\">\n\t\t\t\t\t\t\t<div class=\"elementor-spacer\">\n\t\t\t<div class=\"elementor-spacer-inner\"><\/div>\n\t\t<\/div>\n\t\t\t\t\t\t<\/div>\n\t\t\t\t<\/div>\n\t\t\t\t\t<\/div>\n\t\t\t\t<\/div>\n\t\t<div class=\"wd-negative-gap elementor-element elementor-element-81d577c e-flex e-con-boxed e-con e-parent\" data-id=\"81d577c\" data-element_type=\"container\" data-e-type=\"container\">\n\t\t\t\t\t<div class=\"e-con-inner\">\n\t\t<div class=\"elementor-element elementor-element-9b787a9 e-con-full e-flex e-con e-child\" data-id=\"9b787a9\" data-element_type=\"container\" data-e-type=\"container\">\n\t\t\t\t<div class=\"elementor-element elementor-element-db5783e elementor-widget elementor-widget-heading\" data-id=\"db5783e\" data-element_type=\"widget\" data-e-type=\"widget\" data-widget_type=\"heading.default\">\n\t\t\t\t<div class=\"elementor-widget-container\">\n\t\t\t\t\t<h3 class=\"elementor-heading-title elementor-size-default\">Geri D\u00f6n\u00fc\u015f\u00fcm\u00fcn Faydalar\u0131\nAh\u015fap Paletler<\/h3>\t\t\t\t<\/div>\n\t\t\t\t<\/div>\n\t\t\t\t<div class=\"elementor-element elementor-element-ba0d5d7 color-scheme-inherit text-left elementor-widget elementor-widget-text-editor\" data-id=\"ba0d5d7\" data-element_type=\"widget\" data-e-type=\"widget\" data-widget_type=\"text-editor.default\">\n\t\t\t\t<div class=\"elementor-widget-container\">\n\t\t\t\t\t\t\t\t\t<ol start=\"1\" data-spread=\"false\" data-pm-slice=\"3 3 []\"><li><p><strong>At\u0131klar\u0131n Azalt\u0131lmas\u0131:<\/strong>: Kullan\u0131lm\u0131\u015f paletler genellikle \u00e7\u00f6pl\u00fckte son bulur ve kirlili\u011fe katk\u0131da bulunur. Geri d\u00f6n\u00fc\u015f\u00fcm, at\u0131klar\u0131 \u00f6nemli \u00f6l\u00e7\u00fcde azaltarak yer a\u00e7ar ve bertaraf maliyetlerini d\u00fc\u015f\u00fcr\u00fcr.<\/p><\/li><li><p><strong>Orman kaynaklar\u0131n\u0131n korunmas\u0131<\/strong>: Ah\u015fab\u0131n yeniden kullan\u0131lmas\u0131 a\u011fa\u00e7lar\u0131n daha fazla kesilmesini \u00f6nleyerek ormanlar\u0131n korunmas\u0131na yard\u0131mc\u0131 olur.<\/p><\/li><li><p><strong>Karbon emisyonlar\u0131n\u0131n azalt\u0131lmas\u0131<\/strong>: Mevcut paletleri yenileyerek enerji tasarrufu sa\u011flar ve yeni ah\u015fap \u00fcretimiyle ili\u015fkili sera gaz\u0131 emisyonlar\u0131n\u0131 s\u0131n\u0131rland\u0131r\u0131rs\u0131n\u0131z.<\/p><\/li><\/ol><p><script src=\"moz-extension:\/\/66cff2d0-0259-43ce-a95c-04c1204727e6\/js\/app.js\" type=\"text\/javascript\"><\/script><\/p>\t\t\t\t\t\t\t\t<\/div>\n\t\t\t\t<\/div>\n\t\t\t\t<\/div>\n\t\t\t\t<div class=\"elementor-element elementor-element-995b87c elementor-widget elementor-widget-spacer\" data-id=\"995b87c\" data-element_type=\"widget\" data-e-type=\"widget\" data-widget_type=\"spacer.default\">\n\t\t\t\t<div class=\"elementor-widget-container\">\n\t\t\t\t\t\t\t<div class=\"elementor-spacer\">\n\t\t\t<div class=\"elementor-spacer-inner\"><\/div>\n\t\t<\/div>\n\t\t\t\t\t\t<\/div>\n\t\t\t\t<\/div>\n\t\t<div class=\"elementor-element elementor-element-f8c618f e-con-full e-flex e-con e-child\" data-id=\"f8c618f\" data-element_type=\"container\" data-e-type=\"container\">\n\t\t\t\t<div class=\"elementor-element elementor-element-282c7a8 elementor-widget elementor-widget-heading\" data-id=\"282c7a8\" data-element_type=\"widget\" data-e-type=\"widget\" data-widget_type=\"heading.default\">\n\t\t\t\t<div class=\"elementor-widget-container\">\n\t\t\t\t\t<h3 class=\"elementor-heading-title elementor-size-default\">Palet Geri D\u00f6n\u00fc\u015f\u00fcm Y\u00f6ntemleri<\/h3>\t\t\t\t<\/div>\n\t\t\t\t<\/div>\n\t\t\t\t<div class=\"elementor-element elementor-element-704a2b9 elementor-widget elementor-widget-wd_text_block\" data-id=\"704a2b9\" data-element_type=\"widget\" data-e-type=\"widget\" data-widget_type=\"wd_text_block.default\">\n\t\t\t\t<div class=\"elementor-widget-container\">\n\t\t\t\t\t\t\t<div class=\"wd-text-block reset-last-child text-left\">\n\t\t\t\n\t\t\t<ol start=\"1\" data-spread=\"false\" data-pm-slice=\"3 3 []\"><li><p><strong>Do\u011frudan yeniden kullan\u0131m<\/strong>: \u0130yi durumda olan paletler temizlenebilir ve nakliyede yeniden kullan\u0131labilir.<\/p><\/li><li><p><strong>Onar\u0131m<\/strong>: Hasarl\u0131 paletler onar\u0131labilir ve minimum maliyetle hizmete geri d\u00f6nd\u00fcr\u00fclebilir.<\/p><\/li><li><p><strong>Yeni \u00fcr\u00fcnlere d\u00f6n\u00fc\u015f\u00fcm<\/strong>: Paletlerden elde edilen ah\u015fap mobilya, dekoratif panel, kompost ve hatta \u0131s\u0131tma i\u00e7in yak\u0131t yap\u0131m\u0131nda kullan\u0131labilir.<\/p><\/li><\/ol><p><script src=\"moz-extension:\/\/66cff2d0-0259-43ce-a95c-04c1204727e6\/js\/app.js\" type=\"text\/javascript\"><\/script><\/p>\n\t\t\t\t\t<\/div>\n\t\t\t\t\t\t<\/div>\n\t\t\t\t<\/div>\n\t\t\t\t<\/div>\n\t\t\t\t\t<\/div>\n\t\t\t\t<\/div>\n\t\t<div class=\"elementor-element elementor-element-2915a32 e-con-full e-flex e-con e-parent\" data-id=\"2915a32\" data-element_type=\"container\" data-e-type=\"container\">\n\t\t\t\t<div class=\"elementor-element elementor-element-3e8c95b elementor-arrows-position-inside elementor-pagination-position-outside elementor-widget elementor-widget-image-carousel\" data-id=\"3e8c95b\" data-element_type=\"widget\" data-e-type=\"widget\" data-settings=\"{&quot;image_spacing_custom&quot;:{&quot;unit&quot;:&quot;px&quot;,&quot;size&quot;:30,&quot;sizes&quot;:[]},&quot;navigation&quot;:&quot;both&quot;,&quot;autoplay&quot;:&quot;yes&quot;,&quot;pause_on_hover&quot;:&quot;yes&quot;,&quot;pause_on_interaction&quot;:&quot;yes&quot;,&quot;autoplay_speed&quot;:5000,&quot;infinite&quot;:&quot;yes&quot;,&quot;speed&quot;:500,&quot;image_spacing_custom_tablet&quot;:{&quot;unit&quot;:&quot;px&quot;,&quot;size&quot;:&quot;&quot;,&quot;sizes&quot;:[]},&quot;image_spacing_custom_mobile&quot;:{&quot;unit&quot;:&quot;px&quot;,&quot;size&quot;:&quot;&quot;,&quot;sizes&quot;:[]}}\" data-widget_type=\"image-carousel.default\">\n\t\t\t\t<div class=\"elementor-widget-container\">\n\t\t\t\t\t\t\t<div class=\"elementor-image-carousel-wrapper swiper\" role=\"region\" aria-roledescription=\"carousel\" aria-label=\"Resim karuseli\" dir=\"ltr\">\n\t\t\t<div class=\"elementor-image-carousel swiper-wrapper\" aria-live=\"off\">\n\t\t\t\t\t\t\t\t<div class=\"swiper-slide\" role=\"group\" aria-roledescription=\"slide\" aria-label=\"1 \/ 5\"><figure class=\"swiper-slide-inner\"><img decoding=\"async\" class=\"swiper-slide-image\" src=\"https:\/\/finplast.md\/wp-content\/uploads\/elementor\/thumbs\/2511-r3nn013vcbt5o328e78dm13ivileedpfnncgyr6w28.webp\" alt=\"2511\" \/><\/figure><\/div><div class=\"swiper-slide\" role=\"group\" aria-roledescription=\"slide\" aria-label=\"5 \u00fczerinden 2\"><figure class=\"swiper-slide-inner\"><img decoding=\"async\" class=\"swiper-slide-image\" src=\"https:\/\/finplast.md\/wp-content\/uploads\/elementor\/thumbs\/18814853-r3nj76rqdmhdfru0gjso428pj32ospg7uc8ork37ww.webp\" alt=\"18814853\" \/><\/figure><\/div><div class=\"swiper-slide\" role=\"group\" aria-roledescription=\"slide\" aria-label=\"5 \u00fczerinden 3\"><figure class=\"swiper-slide-inner\"><img decoding=\"async\" class=\"swiper-slide-image\" src=\"https:\/\/finplast.md\/wp-content\/uploads\/elementor\/thumbs\/8518-r3nj79l8y4l8elpx030jtjj3b8osfsreuq757dz1e8.webp\" alt=\"8518\" \/><\/figure><\/div><div class=\"swiper-slide\" role=\"group\" aria-roledescription=\"slide\" aria-label=\"4 \/ 5\"><figure class=\"swiper-slide-inner\"><img decoding=\"async\" class=\"swiper-slide-image\" src=\"https:\/\/finplast.md\/wp-content\/uploads\/elementor\/thumbs\/carpentry-elements_23-2147773353-r3nj74w1zyessjwqrizez2pscbbydb8r62xpt0609c.webp\" alt=\"carpentry-elements_23-2147773353\" \/><\/figure><\/div><div class=\"swiper-slide\" role=\"group\" aria-roledescription=\"slide\" aria-label=\"5 \u00fczerinden 5\"><figure class=\"swiper-slide-inner\"><img decoding=\"async\" class=\"swiper-slide-image\" src=\"https:\/\/finplast.md\/wp-content\/uploads\/elementor\/thumbs\/selection-wooden-slabs_23-2148394715-r3nj730dmac85bzh2i65u36v5jl7xx1ahtmqug8sls.webp\" alt=\"selection-wooden-slabs_23-2148394715\" \/><\/figure><\/div>\t\t\t<\/div>\n\t\t\t\t\t\t\t\t\t\t\t\t<div class=\"elementor-swiper-button elementor-swiper-button-prev\" role=\"button\" tabindex=\"0\">\n\t\t\t\t\t\t<svg aria-hidden=\"true\" class=\"e-font-icon-svg e-eicon-chevron-left\" viewbox=\"0 0 1000 1000\" xmlns=\"http:\/\/www.w3.org\/2000\/svg\"><path d=\"M646 125C629 125 613 133 604 142L308 442C296 454 292 471 292 487 292 504 296 521 308 533L604 854C617 867 629 875 646 875 663 875 679 871 692 858 704 846 713 829 713 812 713 796 708 779 692 767L438 487 692 225C700 217 708 204 708 187 708 171 704 154 692 142 675 129 663 125 646 125Z\"><\/path><\/svg>\t\t\t\t\t<\/div>\n\t\t\t\t\t<div class=\"elementor-swiper-button elementor-swiper-button-next\" role=\"button\" tabindex=\"0\">\n\t\t\t\t\t\t<svg aria-hidden=\"true\" class=\"e-font-icon-svg e-eicon-chevron-right\" viewbox=\"0 0 1000 1000\" xmlns=\"http:\/\/www.w3.org\/2000\/svg\"><path d=\"M696 533C708 521 713 504 713 487 713 471 708 454 696 446L400 146C388 133 375 125 354 125 338 125 325 129 313 142 300 154 292 171 292 187 292 204 296 221 308 233L563 492 304 771C292 783 288 800 288 817 288 833 296 850 308 863 321 871 338 875 354 875 371 875 388 867 400 854L696 533Z\"><\/path><\/svg>\t\t\t\t\t<\/div>\n\t\t\t\t\n\t\t\t\t\t\t\t\t\t<div class=\"swiper-pagination\"><\/div>\n\t\t\t\t\t\t\t\t\t<\/div>\n\t\t\t\t\t\t<\/div>\n\t\t\t\t<\/div>\n\t\t\t\t<div class=\"elementor-element elementor-element-6a36d16 elementor-widget elementor-widget-spacer\" data-id=\"6a36d16\" data-element_type=\"widget\" data-e-type=\"widget\" data-widget_type=\"spacer.default\">\n\t\t\t\t<div class=\"elementor-widget-container\">\n\t\t\t\t\t\t\t<div class=\"elementor-spacer\">\n\t\t\t<div class=\"elementor-spacer-inner\"><\/div>\n\t\t<\/div>\n\t\t\t\t\t\t<\/div>\n\t\t\t\t<\/div>\n\t\t\t\t<div class=\"elementor-element elementor-element-284bdba elementor-widget elementor-widget-heading\" data-id=\"284bdba\" data-element_type=\"widget\" data-e-type=\"widget\" data-widget_type=\"heading.default\">\n\t\t\t\t<div class=\"elementor-widget-container\">\n\t\t\t\t\t<h3 class=\"elementor-heading-title elementor-size-default\">Finplast - ah\u015fap paletlerin geri d\u00f6n\u00fc\u015f\u00fcm\u00fc i\u00e7in ideal ortak<\/h3>\t\t\t\t<\/div>\n\t\t\t\t<\/div>\n\t\t\t\t<div class=\"elementor-element elementor-element-409c81f elementor-widget elementor-widget-wd_text_block\" data-id=\"409c81f\" data-element_type=\"widget\" data-e-type=\"widget\" data-widget_type=\"wd_text_block.default\">\n\t\t\t\t<div class=\"elementor-widget-container\">\n\t\t\t\t\t\t\t<div class=\"wd-text-block reset-last-child text-left\">\n\t\t\t\n\t\t\t<p>Ah\u015fap paletlerin geri d\u00f6n\u00fc\u015f\u00fcm\u00fc, at\u0131klar\u0131n azalt\u0131lmas\u0131na ve do\u011fal kaynaklar\u0131n korunmas\u0131na \u00f6nemli \u00f6l\u00e7\u00fcde katk\u0131da bulunur. Paletlerin yeniden kullan\u0131lmas\u0131 ve yenilenmesi, a\u015f\u0131r\u0131 ormans\u0131zla\u015fma ihtiyac\u0131n\u0131 s\u0131n\u0131rland\u0131r\u0131r ve \u015firketlerin lojistik zincirini optimize eder. Bizimle \u00e7al\u0131\u015farak d\u00f6ng\u00fcsel ekonomiyi destekleyecek, operasyonel maliyetleri azaltacak ve daha temiz bir \u00e7evreye olan ba\u011fl\u0131l\u0131\u011f\u0131n\u0131z\u0131 g\u00f6stereceksiniz.<\/p>\n\t\t\t\t\t<\/div>\n\t\t\t\t\t\t<\/div>\n\t\t\t\t<\/div>\n\t\t\t\t<\/div>\n\t\t<div class=\"wd-negative-gap elementor-element elementor-element-ce3ded4 e-flex e-con-boxed e-con e-parent\" data-id=\"ce3ded4\" data-element_type=\"container\" data-e-type=\"container\">\n\t\t\t\t\t<div class=\"e-con-inner\">\n\t\t\t\t<div class=\"elementor-element elementor-element-7b00a9e elementor-widget elementor-widget-wd_text_block\" data-id=\"7b00a9e\" data-element_type=\"widget\" data-e-type=\"widget\" data-widget_type=\"wd_text_block.default\">\n\t\t\t\t<div class=\"elementor-widget-container\">\n\t\t\t\t\t\t\t<div class=\"wd-text-block reset-last-child text-left\">\n\t\t\t\n\t\t\t<p data-pm-slice=\"1 1 []\">Ah\u015fap paletlerin geri d\u00f6n\u00fc\u015f\u00fcm\u00fcne y\u00f6nelik \u00f6zelle\u015ftirilmi\u015f \u00e7\u00f6z\u00fcmlerimizi ke\u015ffetmek i\u00e7in bizimle ileti\u015fime ge\u00e7in.<\/p>\n\t\t\t\t\t<\/div>\n\t\t\t\t\t\t<\/div>\n\t\t\t\t<\/div>\n\t\t\t\t\t<\/div>\n\t\t\t\t<\/div>\n\t\t<div class=\"wd-negative-gap elementor-element elementor-element-56963ff e-flex e-con-boxed e-con e-parent\" data-id=\"56963ff\" data-element_type=\"container\" data-e-type=\"container\">\n\t\t\t\t\t<div class=\"e-con-inner\">\n\t\t\t\t<div class=\"elementor-element elementor-element-340b284 elementor-widget__width-auto elementor-widget elementor-widget-wd_button\" data-id=\"340b284\" data-element_type=\"widget\" data-e-type=\"widget\" data-widget_type=\"wd_button.default\">\n\t\t\t\t<div class=\"elementor-widget-container\">\n\t\t\t\t\t\t\t<div class=\"wd-button-wrapper text-center\" >\n\t\t\t<a class=\"btn btn-style-default btn-shape-round btn-size-default btn-color-primary btn-icon-pos-right\"  href=\"tel:+37361290000\">\n\t\t\t\t<span class=\"wd-btn-text\" data-elementor-setting-key=\"text\">\n\t\t\t\t\tBize hemen ula\u015f\u0131n!\t\t\t\t<\/span>\n\n\t\t\t\t\t\t\t<\/a>\n\t\t<\/div>\n\t\t\t\t\t\t<\/div>\n\t\t\t\t<\/div>\n\t\t\t\t\t<\/div>\n\t\t\t\t<\/div>\n\t\t\t\t<\/div>","protected":false},"excerpt":{"rendered":"<p>Reciclarea Lemnului: O Solu\u021bie Durabil\u0103 pentru Palete \u00a0\u00a0\u00a0 Reciclarea lemnului este o practic\u0103 esen\u021bial\u0103 pentru conservarea resurselor naturale \u0219i reducerea<\/p>","protected":false},"author":7,"featured_media":0,"parent":0,"menu_order":0,"comment_status":"closed","ping_status":"closed","template":"","meta":{"footnotes":""},"class_list":["post-15711","page","type-page","status-publish","hentry"],"_links":{"self":[{"href":"https:\/\/finplast.md\/tr\/wp-json\/wp\/v2\/pages\/15711","targetHints":{"allow":["GET"]}}],"collection":[{"href":"https:\/\/finplast.md\/tr\/wp-json\/wp\/v2\/pages"}],"about":[{"href":"https:\/\/finplast.md\/tr\/wp-json\/wp\/v2\/types\/page"}],"author":[{"embeddable":true,"href":"https:\/\/finplast.md\/tr\/wp-json\/wp\/v2\/users\/7"}],"replies":[{"embeddable":true,"href":"https:\/\/finplast.md\/tr\/wp-json\/wp\/v2\/comments?post=15711"}],"version-history":[{"count":0,"href":"https:\/\/finplast.md\/tr\/wp-json\/wp\/v2\/pages\/15711\/revisions"}],"wp:attachment":[{"href":"https:\/\/finplast.md\/tr\/wp-json\/wp\/v2\/media?parent=15711"}],"curies":[{"name":"wp","href":"https:\/\/api.w.org\/{rel}","templated":true}]}}