{"id":15729,"date":"2025-01-16T15:35:12","date_gmt":"2025-01-16T13:35:12","guid":{"rendered":"https:\/\/finplast.md\/?page_id=15729"},"modified":"2025-02-04T16:36:57","modified_gmt":"2025-02-04T14:36:57","slug":"reciclare-plasticului-rigid","status":"publish","type":"page","link":"https:\/\/finplast.md\/tr\/reciclare-plasticului-rigid\/","title":{"rendered":"Sert Plastik Geri D\u00f6n\u00fc\u015f\u00fcm\u00fc"},"content":{"rendered":"<div data-elementor-type=\"wp-page\" data-elementor-id=\"15729\" class=\"elementor elementor-15729\" data-elementor-post-type=\"page\">\n\t\t\t\t<div class=\"elementor-element elementor-element-1101d6c9 e-con-full e-flex e-con e-parent\" data-id=\"1101d6c9\" data-element_type=\"container\" data-e-type=\"container\">\n\t\t\t\t<div class=\"elementor-element elementor-element-41e0a118 elementor-widget elementor-widget-heading\" data-id=\"41e0a118\" data-element_type=\"widget\" data-e-type=\"widget\" data-widget_type=\"heading.default\">\n\t\t\t\t<div class=\"elementor-widget-container\">\n\t\t\t\t\t<h1 class=\"elementor-heading-title elementor-size-default\">Sert Plastik Geri D\u00f6n\u00fc\u015f\u00fcm\u00fc: \u00c7evre i\u00e7in S\u00fcrd\u00fcr\u00fclebilir Bir \u00c7\u00f6z\u00fcm<\/h1>\t\t\t\t<\/div>\n\t\t\t\t<\/div>\n\t\t\t\t<\/div>\n\t\t<div class=\"wd-negative-gap elementor-element elementor-element-7351569 e-flex e-con-boxed e-con e-parent\" data-id=\"7351569\" data-element_type=\"container\" data-e-type=\"container\">\n\t\t\t\t\t<div class=\"e-con-inner\">\n\t\t\t\t<div class=\"elementor-element elementor-element-2e45fa1 elementor-widget elementor-widget-image\" data-id=\"2e45fa1\" data-element_type=\"widget\" data-e-type=\"widget\" data-widget_type=\"image.default\">\n\t\t\t\t<div class=\"elementor-widget-container\">\n\t\t\t\t\t\t\t\t\t\t\t\t\t\t\t<img decoding=\"async\" src=\"https:\/\/finplast.md\/wp-content\/uploads\/elementor\/thumbs\/474075197_122177758826097850_862909841808663597_n-r0h8vm0rl4qj1e5z05dls8emv85wgrlq0741k73wfw.jpg\" title=\"474075197_122177758826097850_862909841808663597_n\" alt=\"474075197_122177758826097850_862909841808663597_n\" loading=\"lazy\" \/>\t\t\t\t\t\t\t\t\t\t\t\t\t\t\t<\/div>\n\t\t\t\t<\/div>\n\t\t\t\t\t<\/div>\n\t\t\t\t<\/div>\n\t\t<div class=\"wd-negative-gap elementor-element elementor-element-564c95d7 e-flex e-con-boxed e-con e-parent\" data-id=\"564c95d7\" data-element_type=\"container\" data-e-type=\"container\">\n\t\t\t\t\t<div class=\"e-con-inner\">\n\t\t\t\t<div class=\"elementor-element elementor-element-4336e15 elementor-widget elementor-widget-spacer\" data-id=\"4336e15\" data-element_type=\"widget\" data-e-type=\"widget\" data-widget_type=\"spacer.default\">\n\t\t\t\t<div class=\"elementor-widget-container\">\n\t\t\t\t\t\t\t<div class=\"elementor-spacer\">\n\t\t\t<div class=\"elementor-spacer-inner\"><\/div>\n\t\t<\/div>\n\t\t\t\t\t\t<\/div>\n\t\t\t\t<\/div>\n\t\t\t\t<div class=\"elementor-element elementor-element-4bd633c5 color-scheme-inherit text-left elementor-widget elementor-widget-text-editor\" data-id=\"4bd633c5\" data-element_type=\"widget\" data-e-type=\"widget\" data-widget_type=\"text-editor.default\">\n\t\t\t\t<div class=\"elementor-widget-container\">\n\t\t\t\t\t\t\t\t\t<p data-pm-slice=\"1 1 []\">\u00a0 \u00a0 Kasalarda, paletlerde ve di\u011fer end\u00fcstriyel \u00fcr\u00fcnlerde kullan\u0131lan sert plastik, \u00f6nemli bir kirlilik kayna\u011f\u0131d\u0131r. Bu t\u00fcr plastikler \u00e7evrede y\u00fczlerce y\u0131l kalabilmekte, at\u0131k birikimine katk\u0131da bulunmakta ve toprak ile suyu olumsuz y\u00f6nde etkilemektedir. Sert plasti\u011fi uygun \u015fekilde geri d\u00f6n\u00fc\u015ft\u00fcrerek \u00e7evresel etkisini azaltabilir ve daha temiz ve s\u00fcrd\u00fcr\u00fclebilir bir \u00e7evrenin geli\u015fimini destekleyebiliriz.<\/p>\t\t\t\t\t\t\t\t<\/div>\n\t\t\t\t<\/div>\n\t\t\t\t\t<\/div>\n\t\t\t\t<\/div>\n\t\t<div class=\"wd-negative-gap elementor-element elementor-element-955199f e-flex e-con-boxed e-con e-parent\" data-id=\"955199f\" data-element_type=\"container\" data-e-type=\"container\">\n\t\t\t\t\t<div class=\"e-con-inner\">\n\t\t\t\t<div class=\"elementor-element elementor-element-886fc2d elementor-widget elementor-widget-spacer\" data-id=\"886fc2d\" data-element_type=\"widget\" data-e-type=\"widget\" data-widget_type=\"spacer.default\">\n\t\t\t\t<div class=\"elementor-widget-container\">\n\t\t\t\t\t\t\t<div class=\"elementor-spacer\">\n\t\t\t<div class=\"elementor-spacer-inner\"><\/div>\n\t\t<\/div>\n\t\t\t\t\t\t<\/div>\n\t\t\t\t<\/div>\n\t\t\t\t\t<\/div>\n\t\t\t\t<\/div>\n\t\t<div class=\"elementor-element elementor-element-60d7bea4 e-con-full e-flex e-con e-parent\" data-id=\"60d7bea4\" data-element_type=\"container\" data-e-type=\"container\">\n\t\t<div class=\"elementor-element elementor-element-6f547fad e-con-full e-flex e-con e-child\" data-id=\"6f547fad\" data-element_type=\"container\" data-e-type=\"container\">\n\t\t\t\t<div class=\"elementor-element elementor-element-7999029b elementor-widget elementor-widget-heading\" data-id=\"7999029b\" data-element_type=\"widget\" data-e-type=\"widget\" data-widget_type=\"heading.default\">\n\t\t\t\t<div class=\"elementor-widget-container\">\n\t\t\t\t\t<h3 class=\"elementor-heading-title elementor-size-default\">Sert Plastik Geri D\u00f6n\u00fc\u015f\u00fcm\u00fcn\u00fcn Faydalar\u0131<\/h3>\t\t\t\t<\/div>\n\t\t\t\t<\/div>\n\t\t\t\t<div class=\"elementor-element elementor-element-2f073cb4 color-scheme-inherit text-left elementor-widget elementor-widget-text-editor\" data-id=\"2f073cb4\" data-element_type=\"widget\" data-e-type=\"widget\" data-widget_type=\"text-editor.default\">\n\t\t\t\t<div class=\"elementor-widget-container\">\n\t\t\t\t\t\t\t\t\t<ul><li style=\"list-style-type: none;\"><ul data-spread=\"false\" data-pm-slice=\"3 3 []\"><li><p><strong>Maliyetleri azalt\u0131n ve kaynaklar\u0131 optimize edin: <\/strong>Kasalar gibi sert plastiklerin geri d\u00f6n\u00fc\u015ft\u00fcr\u00fclmesi, malzemelerin yeniden kullan\u0131lmas\u0131n\u0131 sa\u011flar ve \u00fcretim ve at\u0131k y\u00f6netimi maliyetlerini d\u00fc\u015f\u00fcr\u00fcr.<\/p><\/li><li><p><strong>Do\u011fal kaynaklar\u0131n korunmas\u0131<\/strong>: Plastiklerin yeniden kullan\u0131lmas\u0131n\u0131 sa\u011flayarak benzin ihtiyac\u0131n\u0131 azalt\u0131r.<\/p><\/li><li><p><strong>Yeni \u00fcr\u00fcnler yaratmak<\/strong>: Geri d\u00f6n\u00fc\u015ft\u00fcr\u00fclm\u00fc\u015f plastik mobilya, ambalaj veya in\u015faat malzemesi yap\u0131m\u0131nda kullan\u0131l\u0131r.<\/p><\/li><\/ul><\/li><\/ul><p><script src=\"moz-extension:\/\/66cff2d0-0259-43ce-a95c-04c1204727e6\/js\/app.js\" type=\"text\/javascript\"><\/script><\/p><p><script src=\"moz-extension:\/\/66cff2d0-0259-43ce-a95c-04c1204727e6\/js\/app.js\" type=\"text\/javascript\"><\/script><\/p>\t\t\t\t\t\t\t\t<\/div>\n\t\t\t\t<\/div>\n\t\t\t\t<\/div>\n\t\t\t\t<div class=\"elementor-element elementor-element-65e0d8c elementor-widget elementor-widget-spacer\" data-id=\"65e0d8c\" data-element_type=\"widget\" data-e-type=\"widget\" data-widget_type=\"spacer.default\">\n\t\t\t\t<div class=\"elementor-widget-container\">\n\t\t\t\t\t\t\t<div class=\"elementor-spacer\">\n\t\t\t<div class=\"elementor-spacer-inner\"><\/div>\n\t\t<\/div>\n\t\t\t\t\t\t<\/div>\n\t\t\t\t<\/div>\n\t\t<div class=\"elementor-element elementor-element-14d38408 e-con-full e-flex e-con e-child\" data-id=\"14d38408\" data-element_type=\"container\" data-e-type=\"container\">\n\t\t\t\t<div class=\"elementor-element elementor-element-6292f8a5 elementor-widget elementor-widget-heading\" data-id=\"6292f8a5\" data-element_type=\"widget\" data-e-type=\"widget\" data-widget_type=\"heading.default\">\n\t\t\t\t<div class=\"elementor-widget-container\">\n\t\t\t\t\t<h3 class=\"elementor-heading-title elementor-size-default\">Geri D\u00f6n\u00fc\u015f\u00fcm S\u00fcreci A\u015famalar\u0131<\/h3>\t\t\t\t<\/div>\n\t\t\t\t<\/div>\n\t\t\t\t<div class=\"elementor-element elementor-element-3edd2bf4 elementor-widget elementor-widget-wd_text_block\" data-id=\"3edd2bf4\" data-element_type=\"widget\" data-e-type=\"widget\" data-widget_type=\"wd_text_block.default\">\n\t\t\t\t<div class=\"elementor-widget-container\">\n\t\t\t\t\t\t\t<div class=\"wd-text-block reset-last-child text-left\">\n\t\t\t\n\t\t\t<ol><li style=\"list-style-type: none;\"><ol><li><strong>Toplama:<\/strong>: Plastik, geri d\u00f6n\u00fc\u015f\u00fcm programlar\u0131 veya \u00f6zel merkezler taraf\u0131ndan toplan\u0131r.<\/li><li><strong>Ay\u0131rma:<\/strong>: Malzemeler do\u011fru i\u015fleme i\u00e7in t\u00fcrlerine g\u00f6re (PE, PP, PET, vb.) ayr\u0131l\u0131r.<\/li><li><strong>Temizleme:<\/strong>: Plastik, g\u0131da art\u0131klar\u0131 veya etiketler gibi yabanc\u0131 maddelerden ar\u0131nd\u0131rmak i\u00e7in y\u0131kan\u0131r.<\/li><li><strong>Par\u00e7alama:<\/strong>: Malzeme, kolay yeniden i\u015fleme i\u00e7in k\u00fc\u00e7\u00fck par\u00e7alar halinde \u00fcretilmi\u015ftir.<\/li><li><strong>\u0130\u015fleme:<\/strong>: Plastik par\u00e7alar\u0131 eritilir ve yeni nesneler yapmak i\u00e7in kullan\u0131lan peletlere d\u00f6n\u00fc\u015ft\u00fcr\u00fcl\u00fcr.<\/li><\/ol><\/li><\/ol>\n\t\t\t\t\t<\/div>\n\t\t\t\t\t\t<\/div>\n\t\t\t\t<\/div>\n\t\t\t\t<\/div>\n\t\t\t\t<\/div>\n\t\t<div class=\"elementor-element elementor-element-4b7310cd e-con-full e-flex e-con e-parent\" data-id=\"4b7310cd\" data-element_type=\"container\" data-e-type=\"container\">\n\t\t\t\t<div class=\"elementor-element elementor-element-6079360 elementor-arrows-position-inside elementor-pagination-position-outside elementor-widget elementor-widget-image-carousel\" data-id=\"6079360\" data-element_type=\"widget\" data-e-type=\"widget\" data-settings=\"{&quot;image_spacing_custom&quot;:{&quot;unit&quot;:&quot;px&quot;,&quot;size&quot;:30,&quot;sizes&quot;:[]},&quot;navigation&quot;:&quot;both&quot;,&quot;autoplay&quot;:&quot;yes&quot;,&quot;pause_on_hover&quot;:&quot;yes&quot;,&quot;pause_on_interaction&quot;:&quot;yes&quot;,&quot;autoplay_speed&quot;:5000,&quot;infinite&quot;:&quot;yes&quot;,&quot;speed&quot;:500,&quot;image_spacing_custom_tablet&quot;:{&quot;unit&quot;:&quot;px&quot;,&quot;size&quot;:&quot;&quot;,&quot;sizes&quot;:[]},&quot;image_spacing_custom_mobile&quot;:{&quot;unit&quot;:&quot;px&quot;,&quot;size&quot;:&quot;&quot;,&quot;sizes&quot;:[]}}\" data-widget_type=\"image-carousel.default\">\n\t\t\t\t<div class=\"elementor-widget-container\">\n\t\t\t\t\t\t\t<div class=\"elementor-image-carousel-wrapper swiper\" role=\"region\" aria-roledescription=\"carousel\" aria-label=\"Resim karuseli\" dir=\"ltr\">\n\t\t\t<div class=\"elementor-image-carousel swiper-wrapper\" aria-live=\"off\">\n\t\t\t\t\t\t\t\t<div class=\"swiper-slide\" role=\"group\" aria-roledescription=\"slide\" aria-label=\"1 \u0438\u0437 6\"><figure class=\"swiper-slide-inner\"><img decoding=\"async\" class=\"swiper-slide-image\" src=\"https:\/\/finplast.md\/wp-content\/uploads\/elementor\/thumbs\/21493755-r3nj714p8m9ni427dhcwp3nxyruhiitttkbrvwbky8.webp\" alt=\"21493755\" \/><\/figure><\/div><div class=\"swiper-slide\" role=\"group\" aria-roledescription=\"slide\" aria-label=\"2 \u0438\u0437 6\"><figure class=\"swiper-slide-inner\"><img decoding=\"async\" class=\"swiper-slide-image\" src=\"https:\/\/finplast.md\/wp-content\/uploads\/elementor\/thumbs\/IS891-023-r3o2yedjhu2s24rchh3g839ehnlrw3wraibnznkhxs.jpg\" alt=\"Stack of plastic bottles\" \/><\/figure><\/div><div class=\"swiper-slide\" role=\"group\" aria-roledescription=\"slide\" aria-label=\"3 \u0438\u0437 6\"><figure class=\"swiper-slide-inner\"><img decoding=\"async\" class=\"swiper-slide-image\" src=\"https:\/\/finplast.md\/wp-content\/uploads\/elementor\/thumbs\/Pic.-04_Recycled-plastic-in-different-colors-r3o16geskkjk93n2vc243q5jp0rv9d2460njp0dn80.jpg\" alt=\"Pic.-04_Recycled-plastic-in-different-colors\" \/><\/figure><\/div><div class=\"swiper-slide\" role=\"group\" aria-roledescription=\"slide\" aria-label=\"4 \u0438\u0437 6\"><figure class=\"swiper-slide-inner\"><img decoding=\"async\" class=\"swiper-slide-image\" src=\"https:\/\/finplast.md\/wp-content\/uploads\/elementor\/thumbs\/plastic-containers-cleaned-before-recycling_53876-147584_jpg2-min-r3o1654qak44ds3gp76l9t00kebgoztc4gtpxoudao.png\" alt=\"plastic-containers-cleaned-before-recycling_53876-147584_jpg(2)-min\" \/><\/figure><\/div><div class=\"swiper-slide\" role=\"group\" aria-roledescription=\"slide\" aria-label=\"5 \u0438\u0437 6\"><figure class=\"swiper-slide-inner\"><img decoding=\"async\" class=\"swiper-slide-image\" src=\"https:\/\/finplast.md\/wp-content\/uploads\/elementor\/thumbs\/recycled-polyester-fiber-synthetic-fabric-r0brtzg84is87vv070n552b2wnhctko6w3x9bcblqo.jpg\" alt=\"recycled-polyester-fiber-synthetic-fabric\" \/><\/figure><\/div><div class=\"swiper-slide\" role=\"group\" aria-roledescription=\"slide\" aria-label=\"6 \u0438\u0437 6\"><figure class=\"swiper-slide-inner\"><img decoding=\"async\" class=\"swiper-slide-image\" src=\"https:\/\/finplast.md\/wp-content\/uploads\/elementor\/thumbs\/what-is-recycling-r3o0psprg9qmhvu654u4wxhgp6vougxd7kfrih2ths.jpg\" alt=\"what-is-recycling\" \/><\/figure><\/div>\t\t\t<\/div>\n\t\t\t\t\t\t\t\t\t\t\t\t<div class=\"elementor-swiper-button elementor-swiper-button-prev\" role=\"button\" tabindex=\"0\">\n\t\t\t\t\t\t<svg aria-hidden=\"true\" class=\"e-font-icon-svg e-eicon-chevron-left\" viewbox=\"0 0 1000 1000\" xmlns=\"http:\/\/www.w3.org\/2000\/svg\"><path d=\"M646 125C629 125 613 133 604 142L308 442C296 454 292 471 292 487 292 504 296 521 308 533L604 854C617 867 629 875 646 875 663 875 679 871 692 858 704 846 713 829 713 812 713 796 708 779 692 767L438 487 692 225C700 217 708 204 708 187 708 171 704 154 692 142 675 129 663 125 646 125Z\"><\/path><\/svg>\t\t\t\t\t<\/div>\n\t\t\t\t\t<div class=\"elementor-swiper-button elementor-swiper-button-next\" role=\"button\" tabindex=\"0\">\n\t\t\t\t\t\t<svg aria-hidden=\"true\" class=\"e-font-icon-svg e-eicon-chevron-right\" viewbox=\"0 0 1000 1000\" xmlns=\"http:\/\/www.w3.org\/2000\/svg\"><path d=\"M696 533C708 521 713 504 713 487 713 471 708 454 696 446L400 146C388 133 375 125 354 125 338 125 325 129 313 142 300 154 292 171 292 187 292 204 296 221 308 233L563 492 304 771C292 783 288 800 288 817 288 833 296 850 308 863 321 871 338 875 354 875 371 875 388 867 400 854L696 533Z\"><\/path><\/svg>\t\t\t\t\t<\/div>\n\t\t\t\t\n\t\t\t\t\t\t\t\t\t<div class=\"swiper-pagination\"><\/div>\n\t\t\t\t\t\t\t\t\t<\/div>\n\t\t\t\t\t\t<\/div>\n\t\t\t\t<\/div>\n\t\t\t\t<div class=\"elementor-element elementor-element-6f32eb58 elementor-widget elementor-widget-heading\" data-id=\"6f32eb58\" data-element_type=\"widget\" data-e-type=\"widget\" data-widget_type=\"heading.default\">\n\t\t\t\t<div class=\"elementor-widget-container\">\n\t\t\t\t\t<h3 class=\"elementor-heading-title elementor-size-default\">Finplast - Sert plastik geri d\u00f6n\u00fc\u015f\u00fcm\u00fc i\u00e7in ideal ortak<\/h3>\t\t\t\t<\/div>\n\t\t\t\t<\/div>\n\t\t\t\t<div class=\"elementor-element elementor-element-2d9de869 elementor-widget elementor-widget-wd_text_block\" data-id=\"2d9de869\" data-element_type=\"widget\" data-e-type=\"widget\" data-widget_type=\"wd_text_block.default\">\n\t\t\t\t<div class=\"elementor-widget-container\">\n\t\t\t\t\t\t\t<div class=\"wd-text-block reset-last-child text-left\">\n\t\t\t\n\t\t\t<p>Finplast, kasalar, paletler ve di\u011fer sert plastik \u00fcr\u00fcnler gibi sert plastiklerin toplanmas\u0131 ve geri d\u00f6n\u00fc\u015ft\u00fcr\u00fclmesi i\u00e7in eksiksiz \u00e7\u00f6z\u00fcmler sunar. Bizimle \u00e7al\u0131\u015farak at\u0131klar\u0131n azalt\u0131lmas\u0131na yard\u0131mc\u0131 olacak, malzeme y\u00f6netimi maliyetlerini optimize edecek ve verimli bir d\u00f6ng\u00fcsel ekonominin geli\u015fimini destekleyeceksiniz.<\/p>\n\t\t\t\t\t<\/div>\n\t\t\t\t\t\t<\/div>\n\t\t\t\t<\/div>\n\t\t\t\t<\/div>\n\t\t<div class=\"wd-negative-gap elementor-element elementor-element-912af39 e-flex e-con-boxed e-con e-parent\" data-id=\"912af39\" data-element_type=\"container\" data-e-type=\"container\">\n\t\t\t\t\t<div class=\"e-con-inner\">\n\t\t\t\t<div class=\"elementor-element elementor-element-3a024953 elementor-widget elementor-widget-wd_text_block\" data-id=\"3a024953\" data-element_type=\"widget\" data-e-type=\"widget\" data-widget_type=\"wd_text_block.default\">\n\t\t\t\t<div class=\"elementor-widget-container\">\n\t\t\t\t\t\t\t<div class=\"wd-text-block reset-last-child text-left\">\n\t\t\t\n\t\t\t<p data-pm-slice=\"1 1 []\">Uzun vadeli bir i\u015fbirli\u011finin faydalar\u0131n\u0131 ke\u015ffetmek i\u00e7in bizimle ileti\u015fime ge\u00e7in.<\/p>\n\t\t\t\t\t<\/div>\n\t\t\t\t\t\t<\/div>\n\t\t\t\t<\/div>\n\t\t\t\t\t<\/div>\n\t\t\t\t<\/div>\n\t\t<div class=\"wd-negative-gap elementor-element elementor-element-6a3e93fc e-flex e-con-boxed e-con e-parent\" data-id=\"6a3e93fc\" data-element_type=\"container\" data-e-type=\"container\">\n\t\t\t\t\t<div class=\"e-con-inner\">\n\t\t\t\t<div class=\"elementor-element elementor-element-4a5ab544 elementor-widget__width-auto elementor-widget elementor-widget-wd_button\" data-id=\"4a5ab544\" data-element_type=\"widget\" data-e-type=\"widget\" data-widget_type=\"wd_button.default\">\n\t\t\t\t<div class=\"elementor-widget-container\">\n\t\t\t\t\t\t\t<div class=\"wd-button-wrapper text-center\" >\n\t\t\t<a class=\"btn btn-style-default btn-shape-round btn-size-default btn-color-primary btn-icon-pos-right\"  href=\"tel:+37361290000\">\n\t\t\t\t<span class=\"wd-btn-text\" data-elementor-setting-key=\"text\">\n\t\t\t\t\tBize hemen ula\u015f\u0131n!\t\t\t\t<\/span>\n\n\t\t\t\t\t\t\t<\/a>\n\t\t<\/div>\n\t\t\t\t\t\t<\/div>\n\t\t\t\t<\/div>\n\t\t\t\t\t<\/div>\n\t\t\t\t<\/div>\n\t\t\t\t<\/div>","protected":false},"excerpt":{"rendered":"<p>Sert Plastik Geri D\u00f6n\u00fc\u015f\u00fcm\u00fc: \u00c7evre i\u00e7in S\u00fcrd\u00fcr\u00fclebilir Bir \u00c7\u00f6z\u00fcm Kasalar, paletler ve di\u011fer \u00fcr\u00fcnlerin yap\u0131m\u0131nda kullan\u0131lan sert plastikler<\/p>","protected":false},"author":7,"featured_media":0,"parent":0,"menu_order":0,"comment_status":"closed","ping_status":"closed","template":"","meta":{"footnotes":""},"class_list":["post-15729","page","type-page","status-publish","hentry"],"_links":{"self":[{"href":"https:\/\/finplast.md\/tr\/wp-json\/wp\/v2\/pages\/15729","targetHints":{"allow":["GET"]}}],"collection":[{"href":"https:\/\/finplast.md\/tr\/wp-json\/wp\/v2\/pages"}],"about":[{"href":"https:\/\/finplast.md\/tr\/wp-json\/wp\/v2\/types\/page"}],"author":[{"embeddable":true,"href":"https:\/\/finplast.md\/tr\/wp-json\/wp\/v2\/users\/7"}],"replies":[{"embeddable":true,"href":"https:\/\/finplast.md\/tr\/wp-json\/wp\/v2\/comments?post=15729"}],"version-history":[{"count":0,"href":"https:\/\/finplast.md\/tr\/wp-json\/wp\/v2\/pages\/15729\/revisions"}],"wp:attachment":[{"href":"https:\/\/finplast.md\/tr\/wp-json\/wp\/v2\/media?parent=15729"}],"curies":[{"name":"wp","href":"https:\/\/api.w.org\/{rel}","templated":true}]}}