{"id":15750,"date":"2025-01-16T15:50:19","date_gmt":"2025-01-16T13:50:19","guid":{"rendered":"https:\/\/finplast.md\/?page_id=15750"},"modified":"2025-02-04T16:34:45","modified_gmt":"2025-02-04T14:34:45","slug":"reciclarea-sticlei","status":"publish","type":"page","link":"https:\/\/finplast.md\/tr\/reciclarea-sticlei\/","title":{"rendered":"Cam Geri D\u00f6n\u00fc\u015f\u00fcm\u00fc"},"content":{"rendered":"<div data-elementor-type=\"wp-page\" data-elementor-id=\"15750\" class=\"elementor elementor-15750\" data-elementor-post-type=\"page\">\n\t\t\t\t<div class=\"elementor-element elementor-element-3b87ef1c e-con-full e-flex e-con e-parent\" data-id=\"3b87ef1c\" data-element_type=\"container\" data-e-type=\"container\">\n\t\t\t\t<div class=\"elementor-element elementor-element-3fc80ef1 elementor-widget elementor-widget-heading\" data-id=\"3fc80ef1\" data-element_type=\"widget\" data-e-type=\"widget\" data-widget_type=\"heading.default\">\n\t\t\t\t<div class=\"elementor-widget-container\">\n\t\t\t\t\t<h1 class=\"elementor-heading-title elementor-size-default\">Plasti\u011fin Geri D\u00f6n\u00fc\u015f\u00fcm\u00fc: Gelecek i\u00e7in S\u00fcrd\u00fcr\u00fclebilir Bir \u00c7\u00f6z\u00fcm<\/h1>\t\t\t\t<\/div>\n\t\t\t\t<\/div>\n\t\t\t\t<\/div>\n\t\t<div class=\"wd-negative-gap elementor-element elementor-element-3a80602f e-flex e-con-boxed e-con e-parent\" data-id=\"3a80602f\" data-element_type=\"container\" data-e-type=\"container\">\n\t\t\t\t\t<div class=\"e-con-inner\">\n\t\t\t\t<div class=\"elementor-element elementor-element-07f4116 elementor-widget elementor-widget-image\" data-id=\"07f4116\" data-element_type=\"widget\" data-e-type=\"widget\" data-widget_type=\"image.default\">\n\t\t\t\t<div class=\"elementor-widget-container\">\n\t\t\t\t\t\t\t\t\t\t\t\t\t\t\t<img decoding=\"async\" src=\"https:\/\/finplast.md\/wp-content\/uploads\/elementor\/thumbs\/285112-r3nn05t8zpau7z2d8mo10pvss47sjqy6i6uo4xkpa4.webp\" title=\"285112\" alt=\"285112\" loading=\"lazy\" \/>\t\t\t\t\t\t\t\t\t\t\t\t\t\t\t<\/div>\n\t\t\t\t<\/div>\n\t\t\t\t<div class=\"elementor-element elementor-element-142826a6 elementor-widget elementor-widget-spacer\" data-id=\"142826a6\" data-element_type=\"widget\" data-e-type=\"widget\" data-widget_type=\"spacer.default\">\n\t\t\t\t<div class=\"elementor-widget-container\">\n\t\t\t\t\t\t\t<div class=\"elementor-spacer\">\n\t\t\t<div class=\"elementor-spacer-inner\"><\/div>\n\t\t<\/div>\n\t\t\t\t\t\t<\/div>\n\t\t\t\t<\/div>\n\t\t\t\t<div class=\"elementor-element elementor-element-70f74ef6 color-scheme-inherit text-left elementor-widget elementor-widget-text-editor\" data-id=\"70f74ef6\" data-element_type=\"widget\" data-e-type=\"widget\" data-widget_type=\"text-editor.default\">\n\t\t\t\t<div class=\"elementor-widget-container\">\n\t\t\t\t\t\t\t\t\t<p data-pm-slice=\"1 1 []\">\u00a0\u00a0\u00a0 Cam \u00e7ok y\u00f6nl\u00fc ve 100% geri d\u00f6n\u00fc\u015ft\u00fcr\u00fclebilir bir malzemedir, bu da onu d\u00f6ng\u00fcsel bir ekonomi i\u00e7in ideal k\u0131lar. Cam\u0131n geri d\u00f6n\u00fc\u015f\u00fcm\u00fc sadece kirlili\u011fi azaltmakla kalmaz, ayn\u0131 zamanda de\u011ferli do\u011fal kaynaklar\u0131 da korur. \u00d6zelliklerini kaybetmeden tekrar tekrar geri d\u00f6n\u00fc\u015ft\u00fcr\u00fclebilmesi sayesinde cam geri d\u00f6n\u00fc\u015f\u00fcm\u00fc, \u00e7evreyi korumak i\u00e7in en etkili uygulamalardan biridir.<\/p><p><script src=\"moz-extension:\/\/66cff2d0-0259-43ce-a95c-04c1204727e6\/js\/app.js\" type=\"text\/javascript\"><\/script><\/p>\t\t\t\t\t\t\t\t<\/div>\n\t\t\t\t<\/div>\n\t\t\t\t\t<\/div>\n\t\t\t\t<\/div>\n\t\t<div class=\"wd-negative-gap elementor-element elementor-element-f45f625 e-flex e-con-boxed e-con e-parent\" data-id=\"f45f625\" data-element_type=\"container\" data-e-type=\"container\">\n\t\t\t\t\t<div class=\"e-con-inner\">\n\t\t\t\t<div class=\"elementor-element elementor-element-9a55a09 elementor-widget elementor-widget-spacer\" data-id=\"9a55a09\" data-element_type=\"widget\" data-e-type=\"widget\" data-widget_type=\"spacer.default\">\n\t\t\t\t<div class=\"elementor-widget-container\">\n\t\t\t\t\t\t\t<div class=\"elementor-spacer\">\n\t\t\t<div class=\"elementor-spacer-inner\"><\/div>\n\t\t<\/div>\n\t\t\t\t\t\t<\/div>\n\t\t\t\t<\/div>\n\t\t\t\t\t<\/div>\n\t\t\t\t<\/div>\n\t\t<div class=\"wd-negative-gap elementor-element elementor-element-32d58bca e-flex e-con-boxed e-con e-parent\" data-id=\"32d58bca\" data-element_type=\"container\" data-e-type=\"container\">\n\t\t\t\t\t<div class=\"e-con-inner\">\n\t\t<div class=\"elementor-element elementor-element-73f30733 e-con-full e-flex e-con e-child\" data-id=\"73f30733\" data-element_type=\"container\" data-e-type=\"container\">\n\t\t\t\t<div class=\"elementor-element elementor-element-2f495a46 elementor-widget elementor-widget-heading\" data-id=\"2f495a46\" data-element_type=\"widget\" data-e-type=\"widget\" data-widget_type=\"heading.default\">\n\t\t\t\t<div class=\"elementor-widget-container\">\n\t\t\t\t\t<h3 class=\"elementor-heading-title elementor-size-default\">\n\nGeri D\u00f6n\u00fc\u015f\u00fcm\u00fcn Faydalar\u0131<\/h3>\t\t\t\t<\/div>\n\t\t\t\t<\/div>\n\t\t\t\t<div class=\"elementor-element elementor-element-44c2f5ac color-scheme-inherit text-left elementor-widget elementor-widget-text-editor\" data-id=\"44c2f5ac\" data-element_type=\"widget\" data-e-type=\"widget\" data-widget_type=\"text-editor.default\">\n\t\t\t\t<div class=\"elementor-widget-container\">\n\t\t\t\t\t\t\t\t\t<ol start=\"1\" data-spread=\"false\" data-pm-slice=\"3 3 []\"><li><p><strong>Do\u011fal kaynaklar\u0131n korunmas\u0131<\/strong>: Geri d\u00f6n\u00fc\u015f\u00fcm kum, kire\u00e7ta\u015f\u0131 ve soda gibi hammaddelerin \u00e7\u0131kar\u0131lmas\u0131 ihtiyac\u0131n\u0131 azalt\u0131r.<\/p><\/li><li><p><strong>Enerji tasarrufu<\/strong>: Geri d\u00f6n\u00fc\u015ft\u00fcr\u00fclm\u00fc\u015f camdan \u00fcr\u00fcn yapmak, yeni cam yapmaktan daha az enerji kullan\u0131r.<\/p><\/li><li><p><strong>Kirlili\u011fin azalt\u0131lmas\u0131<\/strong>: Geri d\u00f6n\u00fc\u015f\u00fcm, karbon emisyonlar\u0131n\u0131 ve \u00e7\u00f6p sahas\u0131na g\u00f6nderilen at\u0131klar\u0131 en aza indirir.<\/p><\/li><\/ol>\t\t\t\t\t\t\t\t<\/div>\n\t\t\t\t<\/div>\n\t\t\t\t<\/div>\n\t\t\t\t<div class=\"elementor-element elementor-element-23c9e11b elementor-widget elementor-widget-spacer\" data-id=\"23c9e11b\" data-element_type=\"widget\" data-e-type=\"widget\" data-widget_type=\"spacer.default\">\n\t\t\t\t<div class=\"elementor-widget-container\">\n\t\t\t\t\t\t\t<div class=\"elementor-spacer\">\n\t\t\t<div class=\"elementor-spacer-inner\"><\/div>\n\t\t<\/div>\n\t\t\t\t\t\t<\/div>\n\t\t\t\t<\/div>\n\t\t<div class=\"elementor-element elementor-element-34e75b47 e-con-full e-flex e-con e-child\" data-id=\"34e75b47\" data-element_type=\"container\" data-e-type=\"container\">\n\t\t\t\t<div class=\"elementor-element elementor-element-2dbd06c5 elementor-widget elementor-widget-heading\" data-id=\"2dbd06c5\" data-element_type=\"widget\" data-e-type=\"widget\" data-widget_type=\"heading.default\">\n\t\t\t\t<div class=\"elementor-widget-container\">\n\t\t\t\t\t<h3 class=\"elementor-heading-title elementor-size-default\">\u015ei\u015fe Geri D\u00f6n\u00fc\u015f\u00fcm A\u015famalar\u0131<\/h3>\t\t\t\t<\/div>\n\t\t\t\t<\/div>\n\t\t\t\t<div class=\"elementor-element elementor-element-40aaddf6 elementor-widget elementor-widget-wd_text_block\" data-id=\"40aaddf6\" data-element_type=\"widget\" data-e-type=\"widget\" data-widget_type=\"wd_text_block.default\">\n\t\t\t\t<div class=\"elementor-widget-container\">\n\t\t\t\t\t\t\t<div class=\"wd-text-block reset-last-child text-left\">\n\t\t\t\n\t\t\t<ol start=\"1\" data-spread=\"false\" data-pm-slice=\"3 3 []\"><li><p><strong>Toplama:<\/strong>: Cam, geri d\u00f6n\u00fc\u015f\u00fcm\u00fc kolayla\u015ft\u0131rmak i\u00e7in di\u011fer at\u0131k t\u00fcrlerinden ayr\u0131 olarak toplan\u0131r.<\/p><\/li><li><p><strong>Ay\u0131rma:<\/strong>: Farkl\u0131 renkler kar\u0131\u015ft\u0131r\u0131lamayaca\u011f\u0131 i\u00e7in renklerine g\u00f6re ay\u0131r\u0131n (\u015feffaf, ye\u015fil, kahverengi).<\/p><\/li><li><p><strong>Y\u0131kama<\/strong>: Cam par\u00e7alar\u0131, kapak veya etiket gibi yabanc\u0131 maddelerden temizlenir.<\/p><\/li><li><p><strong>Ta\u015flama<\/strong>: Cam, eritilip yeniden kullan\u0131lacak par\u00e7alara ayr\u0131l\u0131r.<\/p><\/li><li><p><strong>Yeni \u00fcr\u00fcnler \u00fcretmek<\/strong>: Geri d\u00f6n\u00fc\u015ft\u00fcr\u00fclm\u00fc\u015f cam yeni kaplar, yap\u0131 malzemeleri veya dekoratif objeler yapmak i\u00e7in kullan\u0131l\u0131r.<\/p><\/li><\/ol>\n\t\t\t\t\t<\/div>\n\t\t\t\t\t\t<\/div>\n\t\t\t\t<\/div>\n\t\t\t\t<\/div>\n\t\t\t\t\t<\/div>\n\t\t\t\t<\/div>\n\t\t<div class=\"elementor-element elementor-element-41c15f7e e-con-full e-flex e-con e-parent\" data-id=\"41c15f7e\" data-element_type=\"container\" data-e-type=\"container\">\n\t\t\t\t<div class=\"elementor-element elementor-element-0e23278 elementor-arrows-position-inside elementor-pagination-position-outside elementor-widget elementor-widget-image-carousel\" data-id=\"0e23278\" data-element_type=\"widget\" data-e-type=\"widget\" data-settings=\"{&quot;image_spacing_custom&quot;:{&quot;unit&quot;:&quot;px&quot;,&quot;size&quot;:30,&quot;sizes&quot;:[]},&quot;navigation&quot;:&quot;both&quot;,&quot;autoplay&quot;:&quot;yes&quot;,&quot;pause_on_hover&quot;:&quot;yes&quot;,&quot;pause_on_interaction&quot;:&quot;yes&quot;,&quot;autoplay_speed&quot;:5000,&quot;infinite&quot;:&quot;yes&quot;,&quot;speed&quot;:500,&quot;image_spacing_custom_tablet&quot;:{&quot;unit&quot;:&quot;px&quot;,&quot;size&quot;:&quot;&quot;,&quot;sizes&quot;:[]},&quot;image_spacing_custom_mobile&quot;:{&quot;unit&quot;:&quot;px&quot;,&quot;size&quot;:&quot;&quot;,&quot;sizes&quot;:[]}}\" data-widget_type=\"image-carousel.default\">\n\t\t\t\t<div class=\"elementor-widget-container\">\n\t\t\t\t\t\t\t<div class=\"elementor-image-carousel-wrapper swiper\" role=\"region\" aria-roledescription=\"carousel\" aria-label=\"Resim karuseli\" dir=\"ltr\">\n\t\t\t<div class=\"elementor-image-carousel swiper-wrapper\" aria-live=\"off\">\n\t\t\t\t\t\t\t\t<div class=\"swiper-slide\" role=\"group\" aria-roledescription=\"slide\" aria-label=\"1 \/ 5\"><figure class=\"swiper-slide-inner\"><img decoding=\"async\" class=\"swiper-slide-image\" src=\"https:\/\/finplast.md\/wp-content\/uploads\/elementor\/thumbs\/108-r3nn0f7g6ucgi8hr3vbs5fjfsanwlu9epl4r5wlzgw.webp\" alt=\"108\" \/><\/figure><\/div><div class=\"swiper-slide\" role=\"group\" aria-roledescription=\"slide\" aria-label=\"2 \/ 5\"><figure class=\"swiper-slide-inner\"><img decoding=\"async\" class=\"swiper-slide-image\" src=\"https:\/\/finplast.md\/wp-content\/uploads\/elementor\/thumbs\/1395-2-r3nn0dbrt69vv0kheuij0g0ilix66g1y1bts7cortc.webp\" alt=\"1395-2\" \/><\/figure><\/div><div class=\"swiper-slide\" role=\"group\" aria-roledescription=\"slide\" aria-label=\"3 \/ 5\"><figure class=\"swiper-slide-inner\"><img decoding=\"async\" class=\"swiper-slide-image\" src=\"https:\/\/finplast.md\/wp-content\/uploads\/elementor\/thumbs\/5077-r3nn0ai98o60w6okvbanayq4tdb2jcqr0xvbrisyc0.webp\" alt=\"5077\" \/><\/figure><\/div><div class=\"swiper-slide\" role=\"group\" aria-roledescription=\"slide\" aria-label=\"4 \/ 5\"><figure class=\"swiper-slide-inner\"><img decoding=\"async\" class=\"swiper-slide-image\" src=\"https:\/\/finplast.md\/wp-content\/uploads\/elementor\/thumbs\/5734-r3nn07oqo625xcsobs2rlhfr17oyw9fk0jwvbox4uo.webp\" alt=\"5734\" \/><\/figure><\/div><div class=\"swiper-slide\" role=\"group\" aria-roledescription=\"slide\" aria-label=\"5 \/ 5\"><figure class=\"swiper-slide-inner\"><img decoding=\"async\" class=\"swiper-slide-image\" src=\"https:\/\/finplast.md\/wp-content\/uploads\/elementor\/thumbs\/many-kinds-garbage-were-scattered-dark-floor_1150-27974-1-r3nn03xdwtx0mwy4xqg9bidwno7i1h0mo1axel2pjk.webp\" alt=\"many-kinds-garbage-were-scattered-dark-floor_1150-27974\" \/><\/figure><\/div>\t\t\t<\/div>\n\t\t\t\t\t\t\t\t\t\t\t\t<div class=\"elementor-swiper-button elementor-swiper-button-prev\" role=\"button\" tabindex=\"0\">\n\t\t\t\t\t\t<svg aria-hidden=\"true\" class=\"e-font-icon-svg e-eicon-chevron-left\" viewbox=\"0 0 1000 1000\" xmlns=\"http:\/\/www.w3.org\/2000\/svg\"><path d=\"M646 125C629 125 613 133 604 142L308 442C296 454 292 471 292 487 292 504 296 521 308 533L604 854C617 867 629 875 646 875 663 875 679 871 692 858 704 846 713 829 713 812 713 796 708 779 692 767L438 487 692 225C700 217 708 204 708 187 708 171 704 154 692 142 675 129 663 125 646 125Z\"><\/path><\/svg>\t\t\t\t\t<\/div>\n\t\t\t\t\t<div class=\"elementor-swiper-button elementor-swiper-button-next\" role=\"button\" tabindex=\"0\">\n\t\t\t\t\t\t<svg aria-hidden=\"true\" class=\"e-font-icon-svg e-eicon-chevron-right\" viewbox=\"0 0 1000 1000\" xmlns=\"http:\/\/www.w3.org\/2000\/svg\"><path d=\"M696 533C708 521 713 504 713 487 713 471 708 454 696 446L400 146C388 133 375 125 354 125 338 125 325 129 313 142 300 154 292 171 292 187 292 204 296 221 308 233L563 492 304 771C292 783 288 800 288 817 288 833 296 850 308 863 321 871 338 875 354 875 371 875 388 867 400 854L696 533Z\"><\/path><\/svg>\t\t\t\t\t<\/div>\n\t\t\t\t\n\t\t\t\t\t\t\t\t\t<div class=\"swiper-pagination\"><\/div>\n\t\t\t\t\t\t\t\t\t<\/div>\n\t\t\t\t\t\t<\/div>\n\t\t\t\t<\/div>\n\t\t\t\t<div class=\"elementor-element elementor-element-79a8eb5c elementor-widget elementor-widget-spacer\" data-id=\"79a8eb5c\" data-element_type=\"widget\" data-e-type=\"widget\" data-widget_type=\"spacer.default\">\n\t\t\t\t<div class=\"elementor-widget-container\">\n\t\t\t\t\t\t\t<div class=\"elementor-spacer\">\n\t\t\t<div class=\"elementor-spacer-inner\"><\/div>\n\t\t<\/div>\n\t\t\t\t\t\t<\/div>\n\t\t\t\t<\/div>\n\t\t\t\t<div class=\"elementor-element elementor-element-10a4781 elementor-widget elementor-widget-heading\" data-id=\"10a4781\" data-element_type=\"widget\" data-e-type=\"widget\" data-widget_type=\"heading.default\">\n\t\t\t\t<div class=\"elementor-widget-container\">\n\t\t\t\t\t<h3 class=\"elementor-heading-title elementor-size-default\">Finplast - Daha temiz bir \u00e7evre i\u00e7in cam geri d\u00f6n\u00fc\u015f\u00fcm\u00fc<\/h3>\t\t\t\t<\/div>\n\t\t\t\t<\/div>\n\t\t\t\t<div class=\"elementor-element elementor-element-5bbf6400 elementor-widget elementor-widget-wd_text_block\" data-id=\"5bbf6400\" data-element_type=\"widget\" data-e-type=\"widget\" data-widget_type=\"wd_text_block.default\">\n\t\t\t\t<div class=\"elementor-widget-container\">\n\t\t\t\t\t\t\t<div class=\"wd-text-block reset-last-child text-left\">\n\t\t\t\n\t\t\t<p>Finplast, 100% geri d\u00f6n\u00fc\u015ft\u00fcr\u00fclebilir bir malzeme olan ve \u00e7evreyi korumak i\u00e7in gerekli olan cam\u0131n toplanmas\u0131 ve geri d\u00f6n\u00fc\u015ft\u00fcr\u00fclmesi i\u00e7in size profesyonel \u00e7\u00f6z\u00fcmler sunar. Cam\u0131 geri d\u00f6n\u00fc\u015ft\u00fcrerek kirlili\u011fi azaltmaya, kaynaklar\u0131 korumaya ve CO\u2082 emisyonlar\u0131n\u0131 d\u00fc\u015f\u00fcrmeye yard\u0131mc\u0131 oluyoruz. Bizimle \u00e7al\u0131\u015fmay\u0131 se\u00e7erek, \u015firketinizin \u00e7evresel sorumlulu\u011funu g\u00fc\u00e7lendirirken s\u00fcrd\u00fcr\u00fclebilir bir at\u0131k y\u00f6netimi sistemine do\u011fru \u00f6nemli bir ad\u0131m atm\u0131\u015f olacaks\u0131n\u0131z.<\/p>\n\t\t\t\t\t<\/div>\n\t\t\t\t\t\t<\/div>\n\t\t\t\t<\/div>\n\t\t\t\t<\/div>\n\t\t<div class=\"wd-negative-gap elementor-element elementor-element-2c10b1e1 e-flex e-con-boxed e-con e-parent\" data-id=\"2c10b1e1\" data-element_type=\"container\" data-e-type=\"container\">\n\t\t\t\t\t<div class=\"e-con-inner\">\n\t\t\t\t<div class=\"elementor-element elementor-element-2782ccb3 elementor-widget elementor-widget-wd_text_block\" data-id=\"2782ccb3\" data-element_type=\"widget\" data-e-type=\"widget\" data-widget_type=\"wd_text_block.default\">\n\t\t\t\t<div class=\"elementor-widget-container\">\n\t\t\t\t\t\t\t<div class=\"wd-text-block reset-last-child text-left\">\n\t\t\t\n\t\t\t<p data-pm-slice=\"1 1 []\">Etkili cam geri d\u00f6n\u00fc\u015f\u00fcm \u00e7\u00f6z\u00fcmlerimizi ke\u015ffetmek i\u00e7in bizimle ileti\u015fime ge\u00e7in.<\/p>\n\t\t\t\t\t<\/div>\n\t\t\t\t\t\t<\/div>\n\t\t\t\t<\/div>\n\t\t\t\t\t<\/div>\n\t\t\t\t<\/div>\n\t\t<div class=\"wd-negative-gap elementor-element elementor-element-42f5c038 e-flex e-con-boxed e-con e-parent\" data-id=\"42f5c038\" data-element_type=\"container\" data-e-type=\"container\">\n\t\t\t\t\t<div class=\"e-con-inner\">\n\t\t\t\t<div class=\"elementor-element elementor-element-1ce836bf elementor-widget__width-auto elementor-widget elementor-widget-wd_button\" data-id=\"1ce836bf\" data-element_type=\"widget\" data-e-type=\"widget\" data-widget_type=\"wd_button.default\">\n\t\t\t\t<div class=\"elementor-widget-container\">\n\t\t\t\t\t\t\t<div class=\"wd-button-wrapper text-center\" >\n\t\t\t<a class=\"btn btn-style-default btn-shape-round btn-size-default btn-color-primary btn-icon-pos-right\"  href=\"tel:+37361290000\">\n\t\t\t\t<span class=\"wd-btn-text\" data-elementor-setting-key=\"text\">\n\t\t\t\t\tBize hemen ula\u015f\u0131n!\t\t\t\t<\/span>\n\n\t\t\t\t\t\t\t<\/a>\n\t\t<\/div>\n\t\t\t\t\t\t<\/div>\n\t\t\t\t<\/div>\n\t\t\t\t\t<\/div>\n\t\t\t\t<\/div>\n\t\t<div class=\"wd-negative-gap elementor-element elementor-element-dd2dd42 e-flex e-con-boxed e-con e-parent\" data-id=\"dd2dd42\" data-element_type=\"container\" data-e-type=\"container\">\n\t\t\t\t\t<div class=\"e-con-inner\">\n\t\t\t\t\t<\/div>\n\t\t\t\t<\/div>\n\t\t\t\t<\/div>","protected":false},"excerpt":{"rendered":"<p>Reciclarea Sticlei: O Solu\u021bie Sustenabil\u0103 pentru Viitor \u00a0\u00a0\u00a0 Sticla este un material versatil \u0219i 100% reciclabil, ceea ce o face<\/p>","protected":false},"author":7,"featured_media":0,"parent":0,"menu_order":0,"comment_status":"closed","ping_status":"closed","template":"","meta":{"footnotes":""},"class_list":["post-15750","page","type-page","status-publish","hentry"],"_links":{"self":[{"href":"https:\/\/finplast.md\/tr\/wp-json\/wp\/v2\/pages\/15750","targetHints":{"allow":["GET"]}}],"collection":[{"href":"https:\/\/finplast.md\/tr\/wp-json\/wp\/v2\/pages"}],"about":[{"href":"https:\/\/finplast.md\/tr\/wp-json\/wp\/v2\/types\/page"}],"author":[{"embeddable":true,"href":"https:\/\/finplast.md\/tr\/wp-json\/wp\/v2\/users\/7"}],"replies":[{"embeddable":true,"href":"https:\/\/finplast.md\/tr\/wp-json\/wp\/v2\/comments?post=15750"}],"version-history":[{"count":0,"href":"https:\/\/finplast.md\/tr\/wp-json\/wp\/v2\/pages\/15750\/revisions"}],"wp:attachment":[{"href":"https:\/\/finplast.md\/tr\/wp-json\/wp\/v2\/media?parent=15750"}],"curies":[{"name":"wp","href":"https:\/\/api.w.org\/{rel}","templated":true}]}}