{"id":15759,"date":"2025-01-16T15:54:45","date_gmt":"2025-01-16T13:54:45","guid":{"rendered":"https:\/\/finplast.md\/?page_id=15759"},"modified":"2025-02-04T16:39:55","modified_gmt":"2025-02-04T14:39:55","slug":"reciclarea-cartonului","status":"publish","type":"page","link":"https:\/\/finplast.md\/tr\/reciclarea-cartonului\/","title":{"rendered":"Karton Geri <br>D\u00f6n\u00fc\u015f\u00fcm\u00fc"},"content":{"rendered":"<div data-elementor-type=\"wp-page\" data-elementor-id=\"15759\" class=\"elementor elementor-15759\" data-elementor-post-type=\"page\">\n\t\t\t\t<div class=\"elementor-element elementor-element-3b45433 e-con-full e-flex e-con e-parent\" data-id=\"3b45433\" data-element_type=\"container\" data-e-type=\"container\">\n\t\t\t\t<div class=\"elementor-element elementor-element-5697d994 elementor-widget elementor-widget-heading\" data-id=\"5697d994\" data-element_type=\"widget\" data-e-type=\"widget\" data-widget_type=\"heading.default\">\n\t\t\t\t<div class=\"elementor-widget-container\">\n\t\t\t\t\t<h1 class=\"elementor-heading-title elementor-size-default\">Karton Geri D\u00f6n\u00fc\u015f\u00fcm\u00fc: S\u00fcrd\u00fcr\u00fclebilirlik i\u00e7in Temel Bir Uygulama<\/h1>\t\t\t\t<\/div>\n\t\t\t\t<\/div>\n\t\t\t\t<\/div>\n\t\t<div class=\"wd-negative-gap elementor-element elementor-element-290d1ed e-flex e-con-boxed e-con e-parent\" data-id=\"290d1ed\" data-element_type=\"container\" data-e-type=\"container\">\n\t\t\t\t\t<div class=\"e-con-inner\">\n\t\t\t\t<div class=\"elementor-element elementor-element-886bd8b elementor-widget elementor-widget-image\" data-id=\"886bd8b\" data-element_type=\"widget\" data-e-type=\"widget\" data-widget_type=\"image.default\">\n\t\t\t\t<div class=\"elementor-widget-container\">\n\t\t\t\t\t\t\t\t\t\t\t\t\t\t\t<img decoding=\"async\" src=\"https:\/\/finplast.md\/wp-content\/uploads\/elementor\/thumbs\/hjhj-r3o2ylwfppobkundvfqzc9c26eu9okgp5fsblnu4n0.jpg\" title=\"hjhj\" alt=\"hjhj\" loading=\"lazy\" \/>\t\t\t\t\t\t\t\t\t\t\t\t\t\t\t<\/div>\n\t\t\t\t<\/div>\n\t\t\t\t\t<\/div>\n\t\t\t\t<\/div>\n\t\t<div class=\"wd-negative-gap elementor-element elementor-element-12877c50 e-flex e-con-boxed e-con e-parent\" data-id=\"12877c50\" data-element_type=\"container\" data-e-type=\"container\">\n\t\t\t\t\t<div class=\"e-con-inner\">\n\t\t\t\t<div class=\"elementor-element elementor-element-656951fb elementor-widget elementor-widget-spacer\" data-id=\"656951fb\" data-element_type=\"widget\" data-e-type=\"widget\" data-widget_type=\"spacer.default\">\n\t\t\t\t<div class=\"elementor-widget-container\">\n\t\t\t\t\t\t\t<div class=\"elementor-spacer\">\n\t\t\t<div class=\"elementor-spacer-inner\"><\/div>\n\t\t<\/div>\n\t\t\t\t\t\t<\/div>\n\t\t\t\t<\/div>\n\t\t\t\t<div class=\"elementor-element elementor-element-4d76ec18 color-scheme-inherit text-left elementor-widget elementor-widget-text-editor\" data-id=\"4d76ec18\" data-element_type=\"widget\" data-e-type=\"widget\" data-widget_type=\"text-editor.default\">\n\t\t\t\t<div class=\"elementor-widget-container\">\n\t\t\t\t\t\t\t\t\t<p>Karton, \u00e7e\u015fitli \u015fekil ve boyutlarda en yayg\u0131n kullan\u0131lan ambalaj malzemelerinden biridir. Pop\u00fclerli\u011fi nedeniyle, karton geri d\u00f6n\u00fc\u015f\u00fcm\u00fc ormans\u0131zla\u015fman\u0131n azalt\u0131lmas\u0131nda ve kaynaklar\u0131n korunmas\u0131nda \u00f6nemli bir rol oynamaktad\u0131r. Geri d\u00f6n\u00fc\u015f\u00fcm s\u00fcreci, kullan\u0131lm\u0131\u015f kartonu yeni \u00fcr\u00fcnlere d\u00f6n\u00fc\u015ft\u00fcrerek sorumlu at\u0131k y\u00f6netimine katk\u0131da bulunur.<\/p>\t\t\t\t\t\t\t\t<\/div>\n\t\t\t\t<\/div>\n\t\t\t\t\t<\/div>\n\t\t\t\t<\/div>\n\t\t<div class=\"wd-negative-gap elementor-element elementor-element-6f42bdc e-flex e-con-boxed e-con e-parent\" data-id=\"6f42bdc\" data-element_type=\"container\" data-e-type=\"container\">\n\t\t\t\t\t<div class=\"e-con-inner\">\n\t\t\t\t<div class=\"elementor-element elementor-element-6e7aed10 elementor-widget elementor-widget-spacer\" data-id=\"6e7aed10\" data-element_type=\"widget\" data-e-type=\"widget\" data-widget_type=\"spacer.default\">\n\t\t\t\t<div class=\"elementor-widget-container\">\n\t\t\t\t\t\t\t<div class=\"elementor-spacer\">\n\t\t\t<div class=\"elementor-spacer-inner\"><\/div>\n\t\t<\/div>\n\t\t\t\t\t\t<\/div>\n\t\t\t\t<\/div>\n\t\t\t\t\t<\/div>\n\t\t\t\t<\/div>\n\t\t<div class=\"wd-negative-gap elementor-element elementor-element-162aa21c e-flex e-con-boxed e-con e-parent\" data-id=\"162aa21c\" data-element_type=\"container\" data-e-type=\"container\">\n\t\t\t\t\t<div class=\"e-con-inner\">\n\t\t<div class=\"elementor-element elementor-element-167fbf40 e-con-full e-flex e-con e-child\" data-id=\"167fbf40\" data-element_type=\"container\" data-e-type=\"container\">\n\t\t\t\t<div class=\"elementor-element elementor-element-479b6e5b elementor-widget elementor-widget-heading\" data-id=\"479b6e5b\" data-element_type=\"widget\" data-e-type=\"widget\" data-widget_type=\"heading.default\">\n\t\t\t\t<div class=\"elementor-widget-container\">\n\t\t\t\t\t<h3 class=\"elementor-heading-title elementor-size-default\">Karton Geri D\u00f6n\u00fc\u015f\u00fcm\u00fcn\u00fcn Faydalar\u0131<\/h3>\t\t\t\t<\/div>\n\t\t\t\t<\/div>\n\t\t\t\t<div class=\"elementor-element elementor-element-169ac02b color-scheme-inherit text-left elementor-widget elementor-widget-text-editor\" data-id=\"169ac02b\" data-element_type=\"widget\" data-e-type=\"widget\" data-widget_type=\"text-editor.default\">\n\t\t\t\t<div class=\"elementor-widget-container\">\n\t\t\t\t\t\t\t\t\t<ol start=\"1\" data-spread=\"false\"><li><p><strong>At\u0131klar\u0131n Azalt\u0131lmas\u0131:<\/strong>: Kartonun geri d\u00f6n\u00fc\u015ft\u00fcr\u00fclmesi, \u00e7\u00f6p sahas\u0131na g\u00f6nderilen malzeme miktar\u0131n\u0131 s\u0131n\u0131rland\u0131rarak yerden tasarruf sa\u011flar ve kirlili\u011fi azalt\u0131r.<\/p><\/li><li><p><strong>Ormanlar\u0131n korunmas\u0131<\/strong>: Geri d\u00f6n\u00fc\u015ft\u00fcr\u00fclm\u00fc\u015f karton kullan\u0131m\u0131, odun lifi i\u00e7in a\u011fa\u00e7lar\u0131n kesilmesi ihtiyac\u0131n\u0131 azalt\u0131r.<\/p><\/li><li><p><strong>Enerji tasarrufu<\/strong>: Geri d\u00f6n\u00fc\u015ft\u00fcr\u00fclm\u00fc\u015f karton \u00fcr\u00fcnleri yapmak, yeni elyaf i\u015flemekten daha az enerji gerektirir.<\/p><\/li><\/ol>\t\t\t\t\t\t\t\t<\/div>\n\t\t\t\t<\/div>\n\t\t\t\t<\/div>\n\t\t\t\t<div class=\"elementor-element elementor-element-5e59872c elementor-widget elementor-widget-spacer\" data-id=\"5e59872c\" data-element_type=\"widget\" data-e-type=\"widget\" data-widget_type=\"spacer.default\">\n\t\t\t\t<div class=\"elementor-widget-container\">\n\t\t\t\t\t\t\t<div class=\"elementor-spacer\">\n\t\t\t<div class=\"elementor-spacer-inner\"><\/div>\n\t\t<\/div>\n\t\t\t\t\t\t<\/div>\n\t\t\t\t<\/div>\n\t\t<div class=\"elementor-element elementor-element-72d90df0 e-con-full e-flex e-con e-child\" data-id=\"72d90df0\" data-element_type=\"container\" data-e-type=\"container\">\n\t\t\t\t<div class=\"elementor-element elementor-element-40699cdf elementor-widget elementor-widget-heading\" data-id=\"40699cdf\" data-element_type=\"widget\" data-e-type=\"widget\" data-widget_type=\"heading.default\">\n\t\t\t\t<div class=\"elementor-widget-container\">\n\t\t\t\t\t<h3 class=\"elementor-heading-title elementor-size-default\">Karton Geri D\u00f6n\u00fc\u015f\u00fcm S\u00fcrecindeki Ad\u0131mlar<\/h3>\t\t\t\t<\/div>\n\t\t\t\t<\/div>\n\t\t\t\t<div class=\"elementor-element elementor-element-11ec4cae elementor-widget elementor-widget-wd_text_block\" data-id=\"11ec4cae\" data-element_type=\"widget\" data-e-type=\"widget\" data-widget_type=\"wd_text_block.default\">\n\t\t\t\t<div class=\"elementor-widget-container\">\n\t\t\t\t\t\t\t<div class=\"wd-text-block reset-last-child text-left\">\n\t\t\t\n\t\t\t<ol><li style=\"list-style-type: none;\"><ol start=\"1\" data-spread=\"false\"><li><p><strong>Toplama:<\/strong>: Karton geri d\u00f6n\u00fc\u015f\u00fcm merkezlerinden, evlerden ve kurumlardan toplan\u0131r.<\/p><\/li><li><p><strong>Ay\u0131rma:<\/strong>: Oluklu mukavvay\u0131 ince mukavvadan veya ba\u015fka malzemelerle kaplanm\u0131\u015f mukavvadan ay\u0131r\u0131n.<\/p><\/li><li><p><strong>Ta\u015flama<\/strong>: Karton par\u00e7alan\u0131r ve lifli bir hamur olu\u015fturmak i\u00e7in su ile kar\u0131\u015ft\u0131r\u0131l\u0131r.<\/p><\/li><li><p><strong>Kirletici maddelerin uzakla\u015ft\u0131r\u0131lmas\u0131<\/strong>: Z\u0131mba teli ve yap\u0131\u015ft\u0131r\u0131c\u0131 gibi kirlilikler giderilir.<\/p><\/li><li><p><strong>Yeni \u00fcr\u00fcnlerde reform<\/strong>: Karton hamuru preslenir, kurutulur ve yeni kutulara, ambalajlara veya di\u011fer ka\u011f\u0131t \u00fcr\u00fcnlerine d\u00f6n\u00fc\u015ft\u00fcr\u00fcl\u00fcr.<\/p><\/li><\/ol><\/li><\/ol>\n\t\t\t\t\t<\/div>\n\t\t\t\t\t\t<\/div>\n\t\t\t\t<\/div>\n\t\t\t\t<\/div>\n\t\t\t\t\t<\/div>\n\t\t\t\t<\/div>\n\t\t<div class=\"elementor-element elementor-element-7526eff1 e-con-full e-flex e-con e-parent\" data-id=\"7526eff1\" data-element_type=\"container\" data-e-type=\"container\">\n\t\t\t\t<div class=\"elementor-element elementor-element-1995c3e elementor-arrows-position-inside elementor-pagination-position-outside elementor-widget elementor-widget-image-carousel\" data-id=\"1995c3e\" data-element_type=\"widget\" data-e-type=\"widget\" data-settings=\"{&quot;image_spacing_custom&quot;:{&quot;unit&quot;:&quot;px&quot;,&quot;size&quot;:30,&quot;sizes&quot;:[]},&quot;navigation&quot;:&quot;both&quot;,&quot;autoplay&quot;:&quot;yes&quot;,&quot;pause_on_hover&quot;:&quot;yes&quot;,&quot;pause_on_interaction&quot;:&quot;yes&quot;,&quot;autoplay_speed&quot;:5000,&quot;infinite&quot;:&quot;yes&quot;,&quot;speed&quot;:500,&quot;image_spacing_custom_tablet&quot;:{&quot;unit&quot;:&quot;px&quot;,&quot;size&quot;:&quot;&quot;,&quot;sizes&quot;:[]},&quot;image_spacing_custom_mobile&quot;:{&quot;unit&quot;:&quot;px&quot;,&quot;size&quot;:&quot;&quot;,&quot;sizes&quot;:[]}}\" data-widget_type=\"image-carousel.default\">\n\t\t\t\t<div class=\"elementor-widget-container\">\n\t\t\t\t\t\t\t<div class=\"elementor-image-carousel-wrapper swiper\" role=\"region\" aria-roledescription=\"carousel\" aria-label=\"Resim karuseli\" dir=\"ltr\">\n\t\t\t<div class=\"elementor-image-carousel swiper-wrapper\" aria-live=\"off\">\n\t\t\t\t\t\t\t\t<div class=\"swiper-slide\" role=\"group\" aria-roledescription=\"slide\" aria-label=\"1 \u0438\u0437 5\" data-no-translation-aria-label=\"\"><figure class=\"swiper-slide-inner\"><img decoding=\"async\" class=\"swiper-slide-image\" src=\"https:\/\/finplast.md\/wp-content\/uploads\/elementor\/thumbs\/20210414-163343-WestRock-08-r3o8uimdrwg828n9v5wkwka4fy3ox604ge8arl25sg.jpeg\" alt=\"20210414-163343-WestRock 08\" \/><\/figure><\/div><div class=\"swiper-slide\" role=\"group\" aria-roledescription=\"slide\" aria-label=\"2 \u0438\u0437 5\" data-no-translation-aria-label=\"\"><figure class=\"swiper-slide-inner\"><img decoding=\"async\" class=\"swiper-slide-image\" src=\"https:\/\/finplast.md\/wp-content\/uploads\/elementor\/thumbs\/Can-Wet-Cardboard-Be-Recycled-r0bpzuj1968xblxfdxh5794i7ngm8943grgcpgdtjk.jpg\" alt=\"Cardboard,Waste,Pile,Stacked,On,A,Landfill.,Recycled,Paper,Or\" \/><\/figure><\/div><div class=\"swiper-slide\" role=\"group\" aria-roledescription=\"slide\" aria-label=\"3 \u0438\u0437 5\" data-no-translation-aria-label=\"\"><figure class=\"swiper-slide-inner\"><img decoding=\"async\" class=\"swiper-slide-image\" src=\"https:\/\/finplast.md\/wp-content\/uploads\/elementor\/thumbs\/Cardboard-Recycling-new-r3o4ielcpgqttpeog6m7agh4p5k3iv8zzpo6e6j174.jpg\" alt=\"Kartons warten auf die Abholung durch die M\u00fcllabfuhr. Recycling von Altpapier.\" \/><\/figure><\/div><div class=\"swiper-slide\" role=\"group\" aria-roledescription=\"slide\" aria-label=\"4 \u0438\u0437 5\" data-no-translation-aria-label=\"\"><figure class=\"swiper-slide-inner\"><img decoding=\"async\" class=\"swiper-slide-image\" src=\"https:\/\/finplast.md\/wp-content\/uploads\/elementor\/thumbs\/Cardboard_recycling_IMG_8286-org-scaled-1-r3o4i64szyf8x7qytkyk60lzcopsllbeyjst2ovkr4.jpg\" alt=\"Cardboard_recycling_IMG_8286-org-scaled\" \/><\/figure><\/div><div class=\"swiper-slide\" role=\"group\" aria-roledescription=\"slide\" aria-label=\"5 \u0438\u0437 5\" data-no-translation-aria-label=\"\"><figure class=\"swiper-slide-inner\"><img decoding=\"async\" class=\"swiper-slide-image\" src=\"https:\/\/finplast.md\/wp-content\/uploads\/elementor\/thumbs\/how-to-recycle-cardboard-boxes-r0bpzxcjtocsaftbxgp0wqevzt2pvcfah5et5a9n0w.jpg\" alt=\"how-to-recycle-cardboard-boxes\" \/><\/figure><\/div>\t\t\t<\/div>\n\t\t\t\t\t\t\t\t\t\t\t\t<div class=\"elementor-swiper-button elementor-swiper-button-prev\" role=\"button\" tabindex=\"0\">\n\t\t\t\t\t\t<svg aria-hidden=\"true\" class=\"e-font-icon-svg e-eicon-chevron-left\" viewbox=\"0 0 1000 1000\" xmlns=\"http:\/\/www.w3.org\/2000\/svg\"><path d=\"M646 125C629 125 613 133 604 142L308 442C296 454 292 471 292 487 292 504 296 521 308 533L604 854C617 867 629 875 646 875 663 875 679 871 692 858 704 846 713 829 713 812 713 796 708 779 692 767L438 487 692 225C700 217 708 204 708 187 708 171 704 154 692 142 675 129 663 125 646 125Z\"><\/path><\/svg>\t\t\t\t\t<\/div>\n\t\t\t\t\t<div class=\"elementor-swiper-button elementor-swiper-button-next\" role=\"button\" tabindex=\"0\">\n\t\t\t\t\t\t<svg aria-hidden=\"true\" class=\"e-font-icon-svg e-eicon-chevron-right\" viewbox=\"0 0 1000 1000\" xmlns=\"http:\/\/www.w3.org\/2000\/svg\"><path d=\"M696 533C708 521 713 504 713 487 713 471 708 454 696 446L400 146C388 133 375 125 354 125 338 125 325 129 313 142 300 154 292 171 292 187 292 204 296 221 308 233L563 492 304 771C292 783 288 800 288 817 288 833 296 850 308 863 321 871 338 875 354 875 371 875 388 867 400 854L696 533Z\"><\/path><\/svg>\t\t\t\t\t<\/div>\n\t\t\t\t\n\t\t\t\t\t\t\t\t\t<div class=\"swiper-pagination\"><\/div>\n\t\t\t\t\t\t\t\t\t<\/div>\n\t\t\t\t\t\t<\/div>\n\t\t\t\t<\/div>\n\t\t\t\t<div class=\"elementor-element elementor-element-72e17833 elementor-widget elementor-widget-heading\" data-id=\"72e17833\" data-element_type=\"widget\" data-e-type=\"widget\" data-widget_type=\"heading.default\">\n\t\t\t\t<div class=\"elementor-widget-container\">\n\t\t\t\t\t<h3 class=\"elementor-heading-title elementor-size-default\">Finplast - Karton ambalaj geri d\u00f6n\u00fc\u015f\u00fcm\u00fc i\u00e7in s\u00fcrd\u00fcr\u00fclebilir \u00e7\u00f6z\u00fcmler<\/h3>\t\t\t\t<\/div>\n\t\t\t\t<\/div>\n\t\t\t\t<div class=\"elementor-element elementor-element-1cf3476f elementor-widget elementor-widget-wd_text_block\" data-id=\"1cf3476f\" data-element_type=\"widget\" data-e-type=\"widget\" data-widget_type=\"wd_text_block.default\">\n\t\t\t\t<div class=\"elementor-widget-container\">\n\t\t\t\t\t\t\t<div class=\"wd-text-block reset-last-child text-left\">\n\t\t\t\n\t\t\t<p>Finplast, \u00e7e\u015fitli end\u00fcstrilerde \u00f6nemli bir malzeme olan karton ambalajlar\u0131n toplanmas\u0131 ve geri d\u00f6n\u00fc\u015f\u00fcm\u00fc i\u00e7in verimli \u00e7\u00f6z\u00fcmler sunar. Bizimle \u00e7al\u0131\u015farak at\u0131klar\u0131n azalt\u0131lmas\u0131na, do\u011fal kaynaklar\u0131n korunmas\u0131na ve s\u00fcrd\u00fcr\u00fclebilir bir geri d\u00f6n\u00fc\u015f\u00fcm d\u00f6ng\u00fcs\u00fcn\u00fcn te\u015fvik edilmesine yard\u0131mc\u0131 olacaks\u0131n\u0131z. Ayr\u0131ca, \u00e7evrenin korunmas\u0131na aktif kat\u0131l\u0131m ve \u00e7evre d\u00fczenlemelerine uyum yoluyla \u015firketinizin imaj\u0131n\u0131 geli\u015ftireceksiniz.<\/p>\n\t\t\t\t\t<\/div>\n\t\t\t\t\t\t<\/div>\n\t\t\t\t<\/div>\n\t\t\t\t<\/div>\n\t\t<div class=\"wd-negative-gap elementor-element elementor-element-6f3e9c44 e-flex e-con-boxed e-con e-parent\" data-id=\"6f3e9c44\" data-element_type=\"container\" data-e-type=\"container\">\n\t\t\t\t\t<div class=\"e-con-inner\">\n\t\t\t\t<div class=\"elementor-element elementor-element-48070933 elementor-widget elementor-widget-wd_text_block\" data-id=\"48070933\" data-element_type=\"widget\" data-e-type=\"widget\" data-widget_type=\"wd_text_block.default\">\n\t\t\t\t<div class=\"elementor-widget-container\">\n\t\t\t\t\t\t\t<div class=\"wd-text-block reset-last-child text-center\">\n\t\t\t\n\t\t\t<p data-pm-slice=\"1 1 []\">Birlikte olumlu bir \u00e7evresel etki yaratabiliriz! S\u00fcrd\u00fcr\u00fclebilirli\u011fi destekleyen bir i\u015fbirli\u011fi ba\u015flatmak i\u00e7in bizimle ileti\u015fime ge\u00e7in.<\/p>\n\t\t\t\t\t<\/div>\n\t\t\t\t\t\t<\/div>\n\t\t\t\t<\/div>\n\t\t\t\t\t<\/div>\n\t\t\t\t<\/div>\n\t\t<div class=\"wd-negative-gap elementor-element elementor-element-7a508404 e-flex e-con-boxed e-con e-parent\" data-id=\"7a508404\" data-element_type=\"container\" data-e-type=\"container\">\n\t\t\t\t\t<div class=\"e-con-inner\">\n\t\t\t\t<div class=\"elementor-element elementor-element-c111cb4 elementor-widget__width-auto elementor-widget elementor-widget-wd_button\" data-id=\"c111cb4\" data-element_type=\"widget\" data-e-type=\"widget\" data-widget_type=\"wd_button.default\">\n\t\t\t\t<div class=\"elementor-widget-container\">\n\t\t\t\t\t\t\t<div class=\"wd-button-wrapper text-center\" >\n\t\t\t<a class=\"btn btn-style-default btn-shape-round btn-size-default btn-color-primary btn-icon-pos-right\"  href=\"tel:+37361290000\">\n\t\t\t\t<span class=\"wd-btn-text\" data-elementor-setting-key=\"text\">\n\t\t\t\t\tBize hemen ula\u015f\u0131n!\t\t\t\t<\/span>\n\n\t\t\t\t\t\t\t<\/a>\n\t\t<\/div>\n\t\t\t\t\t\t<\/div>\n\t\t\t\t<\/div>\n\t\t\t\t\t<\/div>\n\t\t\t\t<\/div>\n\t\t\t\t<\/div>","protected":false},"excerpt":{"rendered":"<p>Reciclarea Cartonului: O Practic\u0103 Esen\u021bial\u0103 pentru Sustenabilitate Cartonul este unul dintre cele mai folosite materiale pentru ambalare, fiind prezent \u00een<\/p>","protected":false},"author":7,"featured_media":0,"parent":0,"menu_order":0,"comment_status":"closed","ping_status":"closed","template":"","meta":{"footnotes":""},"class_list":["post-15759","page","type-page","status-publish","hentry"],"_links":{"self":[{"href":"https:\/\/finplast.md\/tr\/wp-json\/wp\/v2\/pages\/15759","targetHints":{"allow":["GET"]}}],"collection":[{"href":"https:\/\/finplast.md\/tr\/wp-json\/wp\/v2\/pages"}],"about":[{"href":"https:\/\/finplast.md\/tr\/wp-json\/wp\/v2\/types\/page"}],"author":[{"embeddable":true,"href":"https:\/\/finplast.md\/tr\/wp-json\/wp\/v2\/users\/7"}],"replies":[{"embeddable":true,"href":"https:\/\/finplast.md\/tr\/wp-json\/wp\/v2\/comments?post=15759"}],"version-history":[{"count":0,"href":"https:\/\/finplast.md\/tr\/wp-json\/wp\/v2\/pages\/15759\/revisions"}],"wp:attachment":[{"href":"https:\/\/finplast.md\/tr\/wp-json\/wp\/v2\/media?parent=15759"}],"curies":[{"name":"wp","href":"https:\/\/api.w.org\/{rel}","templated":true}]}}