{"id":16489,"date":"2025-01-25T13:28:42","date_gmt":"2025-01-25T11:28:42","guid":{"rendered":"https:\/\/finplast.md\/reciclare-plasticului-rigid-copy\/"},"modified":"2025-10-08T18:34:41","modified_gmt":"2025-10-08T15:34:41","slug":"reciclare-foliei-de-plastic","status":"publish","type":"page","link":"https:\/\/finplast.md\/tr\/reciclare-foliei-de-plastic\/","title":{"rendered":"Plastik Film Geri D\u00f6n\u00fc\u015f\u00fcm\u00fc"},"content":{"rendered":"<div data-elementor-type=\"wp-page\" data-elementor-id=\"16489\" class=\"elementor elementor-16489\" data-elementor-post-type=\"page\">\n\t\t\t\t<div class=\"elementor-element elementor-element-1101d6c9 e-con-full e-flex e-con e-parent\" data-id=\"1101d6c9\" data-element_type=\"container\" data-e-type=\"container\">\n\t\t\t\t<div class=\"elementor-element elementor-element-41e0a118 elementor-widget elementor-widget-heading\" data-id=\"41e0a118\" data-element_type=\"widget\" data-e-type=\"widget\" data-widget_type=\"heading.default\">\n\t\t\t\t<div class=\"elementor-widget-container\">\n\t\t\t\t\t<h1 class=\"elementor-heading-title elementor-size-default\">Plastik Film Geri D\u00f6n\u00fc\u015f\u00fcm\u00fc: D\u00f6ng\u00fcsel Ekonomi \u0130\u00e7in Hayati Bir Ad\u0131m<\/h1>\t\t\t\t<\/div>\n\t\t\t\t<\/div>\n\t\t\t\t<\/div>\n\t\t<div class=\"elementor-element elementor-element-7351569 e-flex e-con-boxed e-con e-parent\" data-id=\"7351569\" data-element_type=\"container\" data-e-type=\"container\">\n\t\t\t\t\t<div class=\"e-con-inner\">\n\t\t\t\t<div class=\"elementor-element elementor-element-2e45fa1 elementor-widget elementor-widget-image\" data-id=\"2e45fa1\" data-element_type=\"widget\" data-e-type=\"widget\" data-widget_type=\"image.default\">\n\t\t\t\t<div class=\"elementor-widget-container\">\n\t\t\t\t\t\t\t\t\t\t\t\t\t\t\t<img decoding=\"async\" src=\"https:\/\/finplast.md\/wp-content\/uploads\/elementor\/thumbs\/474147336_122177831450097850_7869248714506338208_n-r3o0pfk7hsjux6k8vujvi8rzbgy3xl77nnjqke73zw.webp\" title=\"474147336_122177831450097850_7869248714506338208_n\" alt=\"474147336_122177831450097850_7869248714506338208_n\" loading=\"lazy\" \/>\t\t\t\t\t\t\t\t\t\t\t\t\t\t\t<\/div>\n\t\t\t\t<\/div>\n\t\t\t\t\t<\/div>\n\t\t\t\t<\/div>\n\t\t<div class=\"wd-negative-gap elementor-element elementor-element-564c95d7 e-flex e-con-boxed e-con e-parent\" data-id=\"564c95d7\" data-element_type=\"container\" data-e-type=\"container\">\n\t\t\t\t\t<div class=\"e-con-inner\">\n\t\t\t\t<div class=\"elementor-element elementor-element-4336e15 elementor-widget elementor-widget-spacer\" data-id=\"4336e15\" data-element_type=\"widget\" data-e-type=\"widget\" data-widget_type=\"spacer.default\">\n\t\t\t\t<div class=\"elementor-widget-container\">\n\t\t\t\t\t\t\t<div class=\"elementor-spacer\">\n\t\t\t<div class=\"elementor-spacer-inner\"><\/div>\n\t\t<\/div>\n\t\t\t\t\t\t<\/div>\n\t\t\t\t<\/div>\n\t\t\t\t<div class=\"elementor-element elementor-element-4bd633c5 color-scheme-inherit text-left elementor-widget elementor-widget-text-editor\" data-id=\"4bd633c5\" data-element_type=\"widget\" data-e-type=\"widget\" data-widget_type=\"text-editor.default\">\n\t\t\t\t<div class=\"elementor-widget-container\">\n\t\t\t\t\t\t\t\t\t<p data-pm-slice=\"1 1 []\">\u00a0 \u00a0Genellikle g\u0131da veya nakliye ambalajlar\u0131nda kullan\u0131lan plastik film, yava\u015f par\u00e7alanmas\u0131 ve \u00e7\u00f6pl\u00fcklere b\u00fcy\u00fck miktarda at\u0131k b\u0131rakmas\u0131 nedeniyle \u00e7evreyi kirletmektedir. \nBirikimi, \u00f6zellikle su ekosistemlerinde olmak \u00fczere, fauna ve flora \u00fczerinde olumsuz etkiler yaratmaktad\u0131r.<\/p>\t\t\t\t\t\t\t\t<\/div>\n\t\t\t\t<\/div>\n\t\t\t\t\t<\/div>\n\t\t\t\t<\/div>\n\t\t<div class=\"wd-negative-gap elementor-element elementor-element-955199f e-flex e-con-boxed e-con e-parent\" data-id=\"955199f\" data-element_type=\"container\" data-e-type=\"container\">\n\t\t\t\t\t<div class=\"e-con-inner\">\n\t\t\t\t<div class=\"elementor-element elementor-element-886fc2d elementor-widget elementor-widget-spacer\" data-id=\"886fc2d\" data-element_type=\"widget\" data-e-type=\"widget\" data-widget_type=\"spacer.default\">\n\t\t\t\t<div class=\"elementor-widget-container\">\n\t\t\t\t\t\t\t<div class=\"elementor-spacer\">\n\t\t\t<div class=\"elementor-spacer-inner\"><\/div>\n\t\t<\/div>\n\t\t\t\t\t\t<\/div>\n\t\t\t\t<\/div>\n\t\t\t\t\t<\/div>\n\t\t\t\t<\/div>\n\t\t<div class=\"elementor-element elementor-element-60d7bea4 e-con-full e-flex e-con e-parent\" data-id=\"60d7bea4\" data-element_type=\"container\" data-e-type=\"container\">\n\t\t<div class=\"elementor-element elementor-element-6f547fad e-con-full e-flex e-con e-child\" data-id=\"6f547fad\" data-element_type=\"container\" data-e-type=\"container\">\n\t\t\t\t<div class=\"elementor-element elementor-element-e7bb167 elementor-widget elementor-widget-heading\" data-id=\"e7bb167\" data-element_type=\"widget\" data-e-type=\"widget\" data-widget_type=\"heading.default\">\n\t\t\t\t<div class=\"elementor-widget-container\">\n\t\t\t\t\t<h3 class=\"elementor-heading-title elementor-size-default\">Plastik Filmin Geri D\u00f6n\u00fc\u015f\u00fcm\u00fcn\u00fcn Avantajlar\u0131<\/h3>\t\t\t\t<\/div>\n\t\t\t\t<\/div>\n\t\t\t\t<div class=\"elementor-element elementor-element-c2dff03 color-scheme-inherit text-left elementor-widget elementor-widget-text-editor\" data-id=\"c2dff03\" data-element_type=\"widget\" data-e-type=\"widget\" data-widget_type=\"text-editor.default\">\n\t\t\t\t<div class=\"elementor-widget-container\">\n\t\t\t\t\t\t\t\t\t<ul><li><strong>At\u0131klar\u0131n Azalt\u0131lmas\u0131:<\/strong>Geri d\u00f6n\u00fc\u015f\u00fcm, \u00e7evre \u00fczerindeki etkileri en aza indirir.<\/li><li><strong>D\u00f6ng\u00fcsel Ekonominin Te\u015fviki<\/strong>: Geri d\u00f6n\u00fc\u015ft\u00fcr\u00fclm\u00fc\u015f malzemeler, yeni \u00fcr\u00fcnlerin \u00fcretiminde tekrar kullan\u0131labilir.<\/li><li><strong>Birincil Plastik Talebinin Azalt\u0131lmas\u0131<\/strong>: Geri d\u00f6n\u00fc\u015ft\u00fcr\u00fclm\u00fc\u015f film, do\u011fal kaynaklar\u0131n tasarruf edilmesine yard\u0131mc\u0131 olur.<script src=\"moz-extension:\/\/66cff2d0-0259-43ce-a95c-04c1204727e6\/js\/app.js\" type=\"text\/javascript\"><\/script><\/li><\/ul>\t\t\t\t\t\t\t\t<\/div>\n\t\t\t\t<\/div>\n\t\t\t\t<\/div>\n\t\t\t\t<div class=\"elementor-element elementor-element-65e0d8c elementor-widget elementor-widget-spacer\" data-id=\"65e0d8c\" data-element_type=\"widget\" data-e-type=\"widget\" data-widget_type=\"spacer.default\">\n\t\t\t\t<div class=\"elementor-widget-container\">\n\t\t\t\t\t\t\t<div class=\"elementor-spacer\">\n\t\t\t<div class=\"elementor-spacer-inner\"><\/div>\n\t\t<\/div>\n\t\t\t\t\t\t<\/div>\n\t\t\t\t<\/div>\n\t\t<div class=\"elementor-element elementor-element-14d38408 e-con-full e-flex e-con e-child\" data-id=\"14d38408\" data-element_type=\"container\" data-e-type=\"container\">\n\t\t\t\t<div class=\"elementor-element elementor-element-6292f8a5 elementor-widget elementor-widget-heading\" data-id=\"6292f8a5\" data-element_type=\"widget\" data-e-type=\"widget\" data-widget_type=\"heading.default\">\n\t\t\t\t<div class=\"elementor-widget-container\">\n\t\t\t\t\t<h3 class=\"elementor-heading-title elementor-size-default\">Geri D\u00f6n\u00fc\u015f\u00fcm S\u00fcreci A\u015famalar\u0131<\/h3>\t\t\t\t<\/div>\n\t\t\t\t<\/div>\n\t\t\t\t<div class=\"elementor-element elementor-element-3edd2bf4 elementor-widget elementor-widget-wd_text_block\" data-id=\"3edd2bf4\" data-element_type=\"widget\" data-e-type=\"widget\" data-widget_type=\"wd_text_block.default\">\n\t\t\t\t<div class=\"elementor-widget-container\">\n\t\t\t\t\t\t\t<div class=\"wd-text-block reset-last-child text-left\">\n\t\t\t\n\t\t\t<ul><li><p><strong>Toplama:<\/strong>Levhalar, evsel ve ticari kaynaklardan toplan\u0131r.<\/p><\/li><li><p><strong>Ay\u0131rma:<\/strong>Temiz ve kirli filmler ayr\u0131l\u0131r.<\/p><\/li><li><p><strong>Temizleme:<\/strong>Kir ve di\u011fer kal\u0131nt\u0131lar\u0131n giderilmesi i\u00e7in malzeme y\u0131kan\u0131r.<\/p><\/li><li><p><strong>Par\u00e7alama:<\/strong>Film, yeniden i\u015flenmek \u00fczere k\u00fc\u00e7\u00fck par\u00e7alara ayr\u0131l\u0131r.<\/p><\/li><li><p><strong>\u0130\u015fleme:<\/strong>Par\u00e7alar eritilerek kullan\u0131labilir gran\u00fcllere d\u00f6n\u00fc\u015ft\u00fcr\u00fcl\u00fcr.<\/p><\/li><\/ul>\n\t\t\t\t\t<\/div>\n\t\t\t\t\t\t<\/div>\n\t\t\t\t<\/div>\n\t\t\t\t<\/div>\n\t\t\t\t<\/div>\n\t\t<div class=\"elementor-element elementor-element-4b7310cd e-con-full e-flex e-con e-parent\" data-id=\"4b7310cd\" data-element_type=\"container\" data-e-type=\"container\">\n\t\t\t\t<div class=\"elementor-element elementor-element-6079360 elementor-arrows-position-inside elementor-pagination-position-outside elementor-widget elementor-widget-image-carousel\" data-id=\"6079360\" data-element_type=\"widget\" data-e-type=\"widget\" data-settings=\"{&quot;image_spacing_custom&quot;:{&quot;unit&quot;:&quot;px&quot;,&quot;size&quot;:30,&quot;sizes&quot;:[]},&quot;navigation&quot;:&quot;both&quot;,&quot;autoplay&quot;:&quot;yes&quot;,&quot;pause_on_hover&quot;:&quot;yes&quot;,&quot;pause_on_interaction&quot;:&quot;yes&quot;,&quot;autoplay_speed&quot;:5000,&quot;infinite&quot;:&quot;yes&quot;,&quot;speed&quot;:500,&quot;image_spacing_custom_tablet&quot;:{&quot;unit&quot;:&quot;px&quot;,&quot;size&quot;:&quot;&quot;,&quot;sizes&quot;:[]},&quot;image_spacing_custom_mobile&quot;:{&quot;unit&quot;:&quot;px&quot;,&quot;size&quot;:&quot;&quot;,&quot;sizes&quot;:[]}}\" data-widget_type=\"image-carousel.default\">\n\t\t\t\t<div class=\"elementor-widget-container\">\n\t\t\t\t\t\t\t<div class=\"elementor-image-carousel-wrapper swiper\" role=\"region\" aria-roledescription=\"carousel\" aria-label=\"Resim karuseli\" dir=\"ltr\">\n\t\t\t<div class=\"elementor-image-carousel swiper-wrapper\" aria-live=\"off\">\n\t\t\t\t\t\t\t\t<div class=\"swiper-slide\" role=\"group\" aria-roledescription=\"slide\" aria-label=\"1 \u0438\u0437 6\" data-no-translation-aria-label=\"\"><figure class=\"swiper-slide-inner\"><img decoding=\"async\" class=\"swiper-slide-image\" src=\"https:\/\/finplast.md\/wp-content\/uploads\/elementor\/thumbs\/c0c61111bfbb6139fec076fa4c7273d7-r3nj6xdcha4i7o7nzfqef4m3l8d0nqewh1ptysh5n4.webp\" alt=\"c0c61111bfbb6139fec076fa4c7273d7\" \/><\/figure><\/div><div class=\"swiper-slide\" role=\"group\" aria-roledescription=\"slide\" aria-label=\"2 \u0438\u0437 6\" data-no-translation-aria-label=\"\"><figure class=\"swiper-slide-inner\"><img decoding=\"async\" class=\"swiper-slide-image\" src=\"https:\/\/finplast.md\/wp-content\/uploads\/elementor\/thumbs\/freepik__the-style-is-candid-image-photography-with-natural__98980-r3nj6vho3m1xkgaeaex5a536egma8c7fssev08jxzk.webp\" alt=\"freepik__the-style-is-candid-image-photography-with-natural__98980\" \/><\/figure><\/div><div class=\"swiper-slide\" role=\"group\" aria-roledescription=\"slide\" aria-label=\"3 \u0438\u0437 6\" data-no-translation-aria-label=\"\"><figure class=\"swiper-slide-inner\"><img decoding=\"async\" class=\"swiper-slide-image\" src=\"https:\/\/finplast.md\/wp-content\/uploads\/elementor\/thumbs\/pollution-concept-with-plastic-garbage_23-2149094910-r3nivs09f0v2i6eo348pcfw9xpbacz5ilv5i1n09g0.webp\" alt=\"pollution-concept-with-plastic-garbage_23-2149094910\" \/><\/figure><\/div><div class=\"swiper-slide\" role=\"group\" aria-roledescription=\"slide\" aria-label=\"4 \u0438\u0437 6\" data-no-translation-aria-label=\"\"><figure class=\"swiper-slide-inner\"><img decoding=\"async\" class=\"swiper-slide-image\" src=\"https:\/\/finplast.md\/wp-content\/uploads\/elementor\/thumbs\/ab98f8802abcc0a444722b5896b337c3-r3nj6z90uy72uw4xogjnk450s03r34md5b0sxcedao.webp\" alt=\"ab98f8802abcc0a444722b5896b337c3\" \/><\/figure><\/div><div class=\"swiper-slide\" role=\"group\" aria-roledescription=\"slide\" aria-label=\"5 \u0438\u0437 6\" data-no-translation-aria-label=\"\"><figure class=\"swiper-slide-inner\"><img decoding=\"async\" class=\"swiper-slide-image\" src=\"https:\/\/finplast.md\/wp-content\/uploads\/elementor\/thumbs\/freepik__the-style-is-candid-image-photography-with-natural__98981-r3nj6tlzpxzcx8d4le3w55k97ovjsxzz4j3w1omqc0.webp\" alt=\"freepik__the-style-is-candid-image-photography-with-natural__98981\" \/><\/figure><\/div><div class=\"swiper-slide\" role=\"group\" aria-roledescription=\"slide\" aria-label=\"6 \u0438\u0437 6\" data-no-translation-aria-label=\"\"><figure class=\"swiper-slide-inner\"><img decoding=\"async\" class=\"swiper-slide-image\" src=\"https:\/\/finplast.md\/wp-content\/uploads\/elementor\/thumbs\/what-is-recycling-r3o0psprg9qmhvu654u4wxhgp6vougxd7kfrih2ths.jpg\" alt=\"what-is-recycling\" \/><\/figure><\/div>\t\t\t<\/div>\n\t\t\t\t\t\t\t\t\t\t\t\t<div class=\"elementor-swiper-button elementor-swiper-button-prev\" role=\"button\" tabindex=\"0\">\n\t\t\t\t\t\t<svg aria-hidden=\"true\" class=\"e-font-icon-svg e-eicon-chevron-left\" viewbox=\"0 0 1000 1000\" xmlns=\"http:\/\/www.w3.org\/2000\/svg\"><path d=\"M646 125C629 125 613 133 604 142L308 442C296 454 292 471 292 487 292 504 296 521 308 533L604 854C617 867 629 875 646 875 663 875 679 871 692 858 704 846 713 829 713 812 713 796 708 779 692 767L438 487 692 225C700 217 708 204 708 187 708 171 704 154 692 142 675 129 663 125 646 125Z\"><\/path><\/svg>\t\t\t\t\t<\/div>\n\t\t\t\t\t<div class=\"elementor-swiper-button elementor-swiper-button-next\" role=\"button\" tabindex=\"0\">\n\t\t\t\t\t\t<svg aria-hidden=\"true\" class=\"e-font-icon-svg e-eicon-chevron-right\" viewbox=\"0 0 1000 1000\" xmlns=\"http:\/\/www.w3.org\/2000\/svg\"><path d=\"M696 533C708 521 713 504 713 487 713 471 708 454 696 446L400 146C388 133 375 125 354 125 338 125 325 129 313 142 300 154 292 171 292 187 292 204 296 221 308 233L563 492 304 771C292 783 288 800 288 817 288 833 296 850 308 863 321 871 338 875 354 875 371 875 388 867 400 854L696 533Z\"><\/path><\/svg>\t\t\t\t\t<\/div>\n\t\t\t\t\n\t\t\t\t\t\t\t\t\t<div class=\"swiper-pagination\"><\/div>\n\t\t\t\t\t\t\t\t\t<\/div>\n\t\t\t\t\t\t<\/div>\n\t\t\t\t<\/div>\n\t\t\t\t<div class=\"elementor-element elementor-element-6f32eb58 elementor-widget elementor-widget-heading\" data-id=\"6f32eb58\" data-element_type=\"widget\" data-e-type=\"widget\" data-widget_type=\"heading.default\">\n\t\t\t\t<div class=\"elementor-widget-container\">\n\t\t\t\t\t<h3 class=\"elementor-heading-title elementor-size-default\">Finplast ile S\u00fcrd\u00fcr\u00fclebilir Bir Gelecek \u0130\u00e7in Ortakl\u0131k<\/h3>\t\t\t\t<\/div>\n\t\t\t\t<\/div>\n\t\t\t\t<div class=\"elementor-element elementor-element-2d9de869 elementor-widget elementor-widget-wd_text_block\" data-id=\"2d9de869\" data-element_type=\"widget\" data-e-type=\"widget\" data-widget_type=\"wd_text_block.default\">\n\t\t\t\t<div class=\"elementor-widget-container\">\n\t\t\t\t\t\t\t<div class=\"wd-text-block reset-last-child text-center\">\n\t\t\t\n\t\t\t<p>Finplast olarak, plastik ambalaj filmi ve kutular gibi sert plastikler de dahil olmak \u00fczere plastik at\u0131klar\u0131n bertaraf\u0131 ve geri d\u00f6n\u00fc\u015f\u00fcm\u00fc konusunda etkili ve \n\u00e7evre dostu \u00e7\u00f6z\u00fcmler sunuyoruz. \nBizimle i\u015f birli\u011fi yaparak \u00e7evrenin korunmas\u0131na katk\u0131da bulunur, i\u015fletme maliyetlerinizi azalt\u0131r ve \u00e7evresel mevzuatlara uyumu sa\u011flars\u0131n\u0131z.<\/p>\n\t\t\t\t\t<\/div>\n\t\t\t\t\t\t<\/div>\n\t\t\t\t<\/div>\n\t\t\t\t<\/div>\n\t\t<div class=\"wd-negative-gap elementor-element elementor-element-912af39 e-flex e-con-boxed e-con e-parent\" data-id=\"912af39\" data-element_type=\"container\" data-e-type=\"container\">\n\t\t\t\t\t<div class=\"e-con-inner\">\n\t\t\t\t<div class=\"elementor-element elementor-element-3a024953 elementor-widget elementor-widget-wd_text_block\" data-id=\"3a024953\" data-element_type=\"widget\" data-e-type=\"widget\" data-widget_type=\"wd_text_block.default\">\n\t\t\t\t<div class=\"elementor-widget-container\">\n\t\t\t\t\t\t\t<div class=\"wd-text-block reset-last-child text-center\">\n\t\t\t\n\t\t\t<p>Plastik at\u0131klar\u0131n sorumlu bertaraf\u0131 i\u00e7in g\u00fcvenilir bir ortak se\u00e7in!<\/p>\n\t\t\t\t\t<\/div>\n\t\t\t\t\t\t<\/div>\n\t\t\t\t<\/div>\n\t\t\t\t\t<\/div>\n\t\t\t\t<\/div>\n\t\t<div class=\"wd-negative-gap elementor-element elementor-element-6a3e93fc e-flex e-con-boxed e-con e-parent\" data-id=\"6a3e93fc\" data-element_type=\"container\" data-e-type=\"container\">\n\t\t\t\t\t<div class=\"e-con-inner\">\n\t\t\t\t<div class=\"elementor-element elementor-element-4a5ab544 elementor-widget__width-auto elementor-widget elementor-widget-wd_button\" data-id=\"4a5ab544\" data-element_type=\"widget\" data-e-type=\"widget\" data-widget_type=\"wd_button.default\">\n\t\t\t\t<div class=\"elementor-widget-container\">\n\t\t\t\t\t\t\t<div class=\"wd-button-wrapper text-center\" >\n\t\t\t<a class=\"btn btn-style-default btn-shape-round btn-size-default btn-color-primary btn-icon-pos-right\"  href=\"tel:+37361290000\">\n\t\t\t\t<span class=\"wd-btn-text\" data-elementor-setting-key=\"text\">\n\t\t\t\t\tBize hemen ula\u015f\u0131n!\t\t\t\t<\/span>\n\n\t\t\t\t\t\t\t<\/a>\n\t\t<\/div>\n\t\t\t\t\t\t<\/div>\n\t\t\t\t<\/div>\n\t\t\t\t\t<\/div>\n\t\t\t\t<\/div>\n\t\t\t\t<\/div>","protected":false},"excerpt":{"rendered":"<p>Reciclarea Foliei de Plastic: Un pas esen\u021bial pentru o economie circular\u0103 \u00a0 \u00a0Folia de plastic, folosit\u0103 frecvent \u00een ambalaje alimentare<\/p>","protected":false},"author":7,"featured_media":0,"parent":0,"menu_order":0,"comment_status":"closed","ping_status":"closed","template":"","meta":{"footnotes":""},"class_list":["post-16489","page","type-page","status-publish","hentry"],"_links":{"self":[{"href":"https:\/\/finplast.md\/tr\/wp-json\/wp\/v2\/pages\/16489","targetHints":{"allow":["GET"]}}],"collection":[{"href":"https:\/\/finplast.md\/tr\/wp-json\/wp\/v2\/pages"}],"about":[{"href":"https:\/\/finplast.md\/tr\/wp-json\/wp\/v2\/types\/page"}],"author":[{"embeddable":true,"href":"https:\/\/finplast.md\/tr\/wp-json\/wp\/v2\/users\/7"}],"replies":[{"embeddable":true,"href":"https:\/\/finplast.md\/tr\/wp-json\/wp\/v2\/comments?post=16489"}],"version-history":[{"count":6,"href":"https:\/\/finplast.md\/tr\/wp-json\/wp\/v2\/pages\/16489\/revisions"}],"predecessor-version":[{"id":17934,"href":"https:\/\/finplast.md\/tr\/wp-json\/wp\/v2\/pages\/16489\/revisions\/17934"}],"wp:attachment":[{"href":"https:\/\/finplast.md\/tr\/wp-json\/wp\/v2\/media?parent=16489"}],"curies":[{"name":"wp","href":"https:\/\/api.w.org\/{rel}","templated":true}]}}