{"id":16746,"date":"2025-01-28T15:49:52","date_gmt":"2025-01-28T13:49:52","guid":{"rendered":"https:\/\/finplast.md\/reciclarea-sticlei-copy\/"},"modified":"2025-02-04T16:52:33","modified_gmt":"2025-02-04T14:52:33","slug":"colectarea-deseurilor-din-sticla","status":"publish","type":"page","link":"https:\/\/finplast.md\/tr\/colectarea-deseurilor-din-sticla\/","title":{"rendered":"Cam At\u0131k Toplama"},"content":{"rendered":"<div data-elementor-type=\"wp-page\" data-elementor-id=\"16746\" class=\"elementor elementor-16746\" data-elementor-post-type=\"page\">\n\t\t\t\t<div class=\"elementor-element elementor-element-3b87ef1c e-con-full e-flex e-con e-parent\" data-id=\"3b87ef1c\" data-element_type=\"container\" data-e-type=\"container\">\n\t\t\t\t<div class=\"elementor-element elementor-element-3fc80ef1 elementor-widget elementor-widget-heading\" data-id=\"3fc80ef1\" data-element_type=\"widget\" data-e-type=\"widget\" data-widget_type=\"heading.default\">\n\t\t\t\t<div class=\"elementor-widget-container\">\n\t\t\t\t\t<h1 class=\"elementor-heading-title elementor-size-default\">Cam At\u0131k Toplama: Do\u011fal kaynaklar\u0131n korunmas\u0131<\/h1>\t\t\t\t<\/div>\n\t\t\t\t<\/div>\n\t\t\t\t<\/div>\n\t\t<div class=\"wd-negative-gap elementor-element elementor-element-3a80602f e-flex e-con-boxed e-con e-parent\" data-id=\"3a80602f\" data-element_type=\"container\" data-e-type=\"container\">\n\t\t\t\t\t<div class=\"e-con-inner\">\n\t\t\t\t<div class=\"elementor-element elementor-element-07f4116 elementor-widget elementor-widget-image\" data-id=\"07f4116\" data-element_type=\"widget\" data-e-type=\"widget\" data-widget_type=\"image.default\">\n\t\t\t\t<div class=\"elementor-widget-container\">\n\t\t\t\t\t\t\t\t\t\t\t\t\t\t\t<img fetchpriority=\"high\" decoding=\"async\" width=\"1200\" height=\"800\" src=\"https:\/\/finplast.md\/wp-content\/uploads\/2025\/01\/woman-carrying-crate-glass-bottles-recycling-1200x800.webp\" class=\"attachment-large size-large wp-image-16856\" alt=\"\" srcset=\"https:\/\/finplast.md\/wp-content\/uploads\/2025\/01\/woman-carrying-crate-glass-bottles-recycling-1200x800.webp 1200w, https:\/\/finplast.md\/wp-content\/uploads\/2025\/01\/woman-carrying-crate-glass-bottles-recycling-150x100.webp 150w, https:\/\/finplast.md\/wp-content\/uploads\/2025\/01\/woman-carrying-crate-glass-bottles-recycling-700x467.webp 700w, https:\/\/finplast.md\/wp-content\/uploads\/2025\/01\/woman-carrying-crate-glass-bottles-recycling-400x267.webp 400w, https:\/\/finplast.md\/wp-content\/uploads\/2025\/01\/woman-carrying-crate-glass-bottles-recycling-768x512.webp 768w, https:\/\/finplast.md\/wp-content\/uploads\/2025\/01\/woman-carrying-crate-glass-bottles-recycling-1536x1024.webp 1536w\" sizes=\"(max-width: 1200px) 100vw, 1200px\" \/>\t\t\t\t\t\t\t\t\t\t\t\t\t\t\t<\/div>\n\t\t\t\t<\/div>\n\t\t\t\t<div class=\"elementor-element elementor-element-142826a6 elementor-widget elementor-widget-spacer\" data-id=\"142826a6\" data-element_type=\"widget\" data-e-type=\"widget\" data-widget_type=\"spacer.default\">\n\t\t\t\t<div class=\"elementor-widget-container\">\n\t\t\t\t\t\t\t<div class=\"elementor-spacer\">\n\t\t\t<div class=\"elementor-spacer-inner\"><\/div>\n\t\t<\/div>\n\t\t\t\t\t\t<\/div>\n\t\t\t\t<\/div>\n\t\t\t\t<div class=\"elementor-element elementor-element-70f74ef6 color-scheme-inherit text-left elementor-widget elementor-widget-text-editor\" data-id=\"70f74ef6\" data-element_type=\"widget\" data-e-type=\"widget\" data-widget_type=\"text-editor.default\">\n\t\t\t\t<div class=\"elementor-widget-container\">\n\t\t\t\t\t\t\t\t\t<p data-pm-slice=\"1 1 []\">\u00a0\u00a0\u00a0 Kavanozlar, i\u00e7ecek \u015fi\u015feleri ve di\u011fer kaplar gibi cam at\u0131klar tamamen geri d\u00f6n\u00fc\u015ft\u00fcr\u00fclebilir bir malzeme t\u00fcr\u00fcd\u00fcr. Uygun \u015fekilde toplanmad\u0131klar\u0131nda, \u00e7evrede y\u00fczlerce y\u0131l kalabilir, uzun vadeli kirlili\u011fe katk\u0131da bulunabilir ve vah\u015fi ya\u015fam\u0131 tehlikeye atabilirler.<\/p><p><script src=\"moz-extension:\/\/66cff2d0-0259-43ce-a95c-04c1204727e6\/js\/app.js\" type=\"text\/javascript\"><\/script><\/p>\t\t\t\t\t\t\t\t<\/div>\n\t\t\t\t<\/div>\n\t\t\t\t\t<\/div>\n\t\t\t\t<\/div>\n\t\t<div class=\"wd-negative-gap elementor-element elementor-element-f45f625 e-flex e-con-boxed e-con e-parent\" data-id=\"f45f625\" data-element_type=\"container\" data-e-type=\"container\">\n\t\t\t\t\t<div class=\"e-con-inner\">\n\t\t\t\t<div class=\"elementor-element elementor-element-9a55a09 elementor-widget elementor-widget-spacer\" data-id=\"9a55a09\" data-element_type=\"widget\" data-e-type=\"widget\" data-widget_type=\"spacer.default\">\n\t\t\t\t<div class=\"elementor-widget-container\">\n\t\t\t\t\t\t\t<div class=\"elementor-spacer\">\n\t\t\t<div class=\"elementor-spacer-inner\"><\/div>\n\t\t<\/div>\n\t\t\t\t\t\t<\/div>\n\t\t\t\t<\/div>\n\t\t\t\t\t<\/div>\n\t\t\t\t<\/div>\n\t\t<div class=\"wd-negative-gap elementor-element elementor-element-32d58bca e-flex e-con-boxed e-con e-parent\" data-id=\"32d58bca\" data-element_type=\"container\" data-e-type=\"container\">\n\t\t\t\t\t<div class=\"e-con-inner\">\n\t\t<div class=\"elementor-element elementor-element-73f30733 e-con-full e-flex e-con e-child\" data-id=\"73f30733\" data-element_type=\"container\" data-e-type=\"container\">\n\t\t\t\t<div class=\"elementor-element elementor-element-2f495a46 elementor-widget elementor-widget-heading\" data-id=\"2f495a46\" data-element_type=\"widget\" data-e-type=\"widget\" data-widget_type=\"heading.default\">\n\t\t\t\t<div class=\"elementor-widget-container\">\n\t\t\t\t\t<h3 class=\"elementor-heading-title elementor-size-default\">\n\nCam at\u0131k toplaman\u0131n faydalar\u0131<\/h3>\t\t\t\t<\/div>\n\t\t\t\t<\/div>\n\t\t\t\t<div class=\"elementor-element elementor-element-44c2f5ac color-scheme-inherit text-left elementor-widget elementor-widget-text-editor\" data-id=\"44c2f5ac\" data-element_type=\"widget\" data-e-type=\"widget\" data-widget_type=\"text-editor.default\">\n\t\t\t\t<div class=\"elementor-widget-container\">\n\t\t\t\t\t\t\t\t\t<ul><li><strong>Kirlili\u011fin azalt\u0131lmas\u0131<\/strong>: Cam\u0131n geri d\u00f6n\u00fc\u015ft\u00fcr\u00fclmesi, \u00e7\u00f6p sahas\u0131na veya do\u011faya giden at\u0131k miktar\u0131n\u0131 azalt\u0131r.<\/li><li><strong>Kaynaklar\u0131n korunmas\u0131<\/strong>: Geri d\u00f6n\u00fc\u015ft\u00fcr\u00fclm\u00fc\u015f cam, kalite kayb\u0131 olmadan yeniden kullan\u0131labilir ve cam \u00fcretiminde kullan\u0131lan bir malzeme olan kum ihtiyac\u0131n\u0131 azalt\u0131r.<\/li><li><strong>Enerji tasarrufu<\/strong>: Geri d\u00f6n\u00fc\u015ft\u00fcr\u00fclm\u00fc\u015f cam yapmak, hammaddeden \u00fcretmekten daha az enerji gerektirir.<\/li><\/ul><p>\u00a0<\/p>\t\t\t\t\t\t\t\t<\/div>\n\t\t\t\t<\/div>\n\t\t\t\t<\/div>\n\t\t\t\t<div class=\"elementor-element elementor-element-23c9e11b elementor-widget elementor-widget-spacer\" data-id=\"23c9e11b\" data-element_type=\"widget\" data-e-type=\"widget\" data-widget_type=\"spacer.default\">\n\t\t\t\t<div class=\"elementor-widget-container\">\n\t\t\t\t\t\t\t<div class=\"elementor-spacer\">\n\t\t\t<div class=\"elementor-spacer-inner\"><\/div>\n\t\t<\/div>\n\t\t\t\t\t\t<\/div>\n\t\t\t\t<\/div>\n\t\t<div class=\"elementor-element elementor-element-34e75b47 e-con-full e-flex e-con e-child\" data-id=\"34e75b47\" data-element_type=\"container\" data-e-type=\"container\">\n\t\t\t\t<div class=\"elementor-element elementor-element-2dbd06c5 elementor-widget elementor-widget-heading\" data-id=\"2dbd06c5\" data-element_type=\"widget\" data-e-type=\"widget\" data-widget_type=\"heading.default\">\n\t\t\t\t<div class=\"elementor-widget-container\">\n\t\t\t\t\t<h3 class=\"elementor-heading-title elementor-size-default\">Cam At\u0131klar\u0131 Toplama ve Geri D\u00f6n\u00fc\u015ft\u00fcrme Ad\u0131mlar\u0131<\/h3>\t\t\t\t<\/div>\n\t\t\t\t<\/div>\n\t\t\t\t<div class=\"elementor-element elementor-element-40aaddf6 elementor-widget elementor-widget-wd_text_block\" data-id=\"40aaddf6\" data-element_type=\"widget\" data-e-type=\"widget\" data-widget_type=\"wd_text_block.default\">\n\t\t\t\t<div class=\"elementor-widget-container\">\n\t\t\t\t\t\t\t<div class=\"wd-text-block reset-last-child text-left\">\n\t\t\t\n\t\t\t<ol start=\"1\" data-spread=\"false\" data-pm-slice=\"3 3 []\"><li><p><strong>Toplama:<\/strong>: \u015ei\u015feler ve kavanozlar ayr\u0131 toplama sistemleri veya geri d\u00f6n\u00fc\u015f\u00fcm merkezleri arac\u0131l\u0131\u011f\u0131yla toplan\u0131r.<\/p><\/li><li><p><strong>Ay\u0131rma:<\/strong>: Geri d\u00f6n\u00fc\u015ft\u00fcr\u00fclm\u00fc\u015f \u00fcr\u00fcnlerin kalitesinden emin olmak i\u00e7in camlar\u0131 renklerine g\u00f6re ay\u0131r\u0131n (\u015feffaf, ye\u015fil, kahverengi).<\/p><\/li><li><p><strong>Temizleme:<\/strong>: \u015ei\u015fe, kirleri ve yiyecek art\u0131klar\u0131n\u0131 gidermek i\u00e7in y\u0131kan\u0131r.<\/p><\/li><li><p><strong>K\u00fc\u00e7\u00fclme<\/strong>: Cam, eritme i\u015flemini kolayla\u015ft\u0131rmak i\u00e7in k\u0131r\u0131k ad\u0131 verilen k\u00fc\u00e7\u00fck par\u00e7alara ayr\u0131l\u0131r.<\/p><\/li><li><p><strong>Eritme ve yeniden \u00fcretim<\/strong>: K\u0131r\u0131klar eritilerek yeni kaplara, camlara veya di\u011fer cam \u00fcr\u00fcnlere d\u00f6n\u00fc\u015ft\u00fcr\u00fcl\u00fcr.<\/p><\/li><\/ol>\n\t\t\t\t\t<\/div>\n\t\t\t\t\t\t<\/div>\n\t\t\t\t<\/div>\n\t\t\t\t<\/div>\n\t\t\t\t\t<\/div>\n\t\t\t\t<\/div>\n\t\t<div class=\"elementor-element elementor-element-41c15f7e e-con-full e-flex e-con e-parent\" data-id=\"41c15f7e\" data-element_type=\"container\" data-e-type=\"container\">\n\t\t\t\t<div class=\"elementor-element elementor-element-0e23278 elementor-arrows-position-inside elementor-pagination-position-outside elementor-widget elementor-widget-image-carousel\" data-id=\"0e23278\" data-element_type=\"widget\" data-e-type=\"widget\" data-settings=\"{&quot;image_spacing_custom&quot;:{&quot;unit&quot;:&quot;px&quot;,&quot;size&quot;:30,&quot;sizes&quot;:[]},&quot;navigation&quot;:&quot;both&quot;,&quot;autoplay&quot;:&quot;yes&quot;,&quot;pause_on_hover&quot;:&quot;yes&quot;,&quot;pause_on_interaction&quot;:&quot;yes&quot;,&quot;autoplay_speed&quot;:5000,&quot;infinite&quot;:&quot;yes&quot;,&quot;speed&quot;:500,&quot;image_spacing_custom_tablet&quot;:{&quot;unit&quot;:&quot;px&quot;,&quot;size&quot;:&quot;&quot;,&quot;sizes&quot;:[]},&quot;image_spacing_custom_mobile&quot;:{&quot;unit&quot;:&quot;px&quot;,&quot;size&quot;:&quot;&quot;,&quot;sizes&quot;:[]}}\" data-widget_type=\"image-carousel.default\">\n\t\t\t\t<div class=\"elementor-widget-container\">\n\t\t\t\t\t\t\t<div class=\"elementor-image-carousel-wrapper swiper\" role=\"region\" aria-roledescription=\"carousel\" aria-label=\"Resim karuseli\" dir=\"ltr\">\n\t\t\t<div class=\"elementor-image-carousel swiper-wrapper\" aria-live=\"off\">\n\t\t\t\t\t\t\t\t<div class=\"swiper-slide\" role=\"group\" aria-roledescription=\"slide\" aria-label=\"1 \u0438\u0437 5\" data-no-translation-aria-label=\"\"><figure class=\"swiper-slide-inner\"><img decoding=\"async\" class=\"swiper-slide-image\" src=\"https:\/\/finplast.md\/wp-content\/uploads\/elementor\/thumbs\/hand-with-bottle-near-recycle-symbol-scaled-r3nibgq28wjbht06li5rnsu5vrkit32tvf8fnaw700.webp\" alt=\"hand-with-bottle-near-recycle-symbol\" \/><\/figure><\/div><div class=\"swiper-slide\" role=\"group\" aria-roledescription=\"slide\" aria-label=\"2 \u0438\u0437 5\" data-no-translation-aria-label=\"\"><figure class=\"swiper-slide-inner\"><img decoding=\"async\" class=\"swiper-slide-image\" src=\"https:\/\/finplast.md\/wp-content\/uploads\/elementor\/thumbs\/704-r3nib89ije7qlbcgywi4jcz0jaq7vt58u9d2bt8qk0.webp\" alt=\"704\" \/><\/figure><\/div><div class=\"swiper-slide\" role=\"group\" aria-roledescription=\"slide\" aria-label=\"3 \u0438\u0437 5\" data-no-translation-aria-label=\"\"><figure class=\"swiper-slide-inner\"><img decoding=\"async\" class=\"swiper-slide-image\" src=\"https:\/\/finplast.md\/wp-content\/uploads\/elementor\/thumbs\/14099-r3nib5fzyw3vmhgkfda8tvomr5448pu1tvelvzcx2o.webp\" alt=\"14099\" \/><\/figure><\/div><div class=\"swiper-slide\" role=\"group\" aria-roledescription=\"slide\" aria-label=\"4 \u0438\u0437 5\" data-no-translation-aria-label=\"\"><figure class=\"swiper-slide-inner\"><img decoding=\"async\" class=\"swiper-slide-image\" src=\"https:\/\/finplast.md\/wp-content\/uploads\/elementor\/thumbs\/sticla-r3nhiejoyar6jt7tafy02mu4pwsztypkvl50ibzddc.webp\" alt=\"sticla\" \/><\/figure><\/div><div class=\"swiper-slide\" role=\"group\" aria-roledescription=\"slide\" aria-label=\"5 \u0438\u0437 5\" data-no-translation-aria-label=\"\"><figure class=\"swiper-slide-inner\"><img decoding=\"async\" class=\"swiper-slide-image\" src=\"https:\/\/finplast.md\/wp-content\/uploads\/elementor\/thumbs\/366148-r3nib2mhee00nnknvu2d4ee8yzi0lmiuthg5g5h3lc.webp\" alt=\"366148\" \/><\/figure><\/div>\t\t\t<\/div>\n\t\t\t\t\t\t\t\t\t\t\t\t<div class=\"elementor-swiper-button elementor-swiper-button-prev\" role=\"button\" tabindex=\"0\">\n\t\t\t\t\t\t<svg aria-hidden=\"true\" class=\"e-font-icon-svg e-eicon-chevron-left\" viewbox=\"0 0 1000 1000\" xmlns=\"http:\/\/www.w3.org\/2000\/svg\"><path d=\"M646 125C629 125 613 133 604 142L308 442C296 454 292 471 292 487 292 504 296 521 308 533L604 854C617 867 629 875 646 875 663 875 679 871 692 858 704 846 713 829 713 812 713 796 708 779 692 767L438 487 692 225C700 217 708 204 708 187 708 171 704 154 692 142 675 129 663 125 646 125Z\"><\/path><\/svg>\t\t\t\t\t<\/div>\n\t\t\t\t\t<div class=\"elementor-swiper-button elementor-swiper-button-next\" role=\"button\" tabindex=\"0\">\n\t\t\t\t\t\t<svg aria-hidden=\"true\" class=\"e-font-icon-svg e-eicon-chevron-right\" viewbox=\"0 0 1000 1000\" xmlns=\"http:\/\/www.w3.org\/2000\/svg\"><path d=\"M696 533C708 521 713 504 713 487 713 471 708 454 696 446L400 146C388 133 375 125 354 125 338 125 325 129 313 142 300 154 292 171 292 187 292 204 296 221 308 233L563 492 304 771C292 783 288 800 288 817 288 833 296 850 308 863 321 871 338 875 354 875 371 875 388 867 400 854L696 533Z\"><\/path><\/svg>\t\t\t\t\t<\/div>\n\t\t\t\t\n\t\t\t\t\t\t\t\t\t<div class=\"swiper-pagination\"><\/div>\n\t\t\t\t\t\t\t\t\t<\/div>\n\t\t\t\t\t\t<\/div>\n\t\t\t\t<\/div>\n\t\t\t\t<div class=\"elementor-element elementor-element-79a8eb5c elementor-widget elementor-widget-spacer\" data-id=\"79a8eb5c\" data-element_type=\"widget\" data-e-type=\"widget\" data-widget_type=\"spacer.default\">\n\t\t\t\t<div class=\"elementor-widget-container\">\n\t\t\t\t\t\t\t<div class=\"elementor-spacer\">\n\t\t\t<div class=\"elementor-spacer-inner\"><\/div>\n\t\t<\/div>\n\t\t\t\t\t\t<\/div>\n\t\t\t\t<\/div>\n\t\t\t\t<div class=\"elementor-element elementor-element-10a4781 elementor-widget elementor-widget-heading\" data-id=\"10a4781\" data-element_type=\"widget\" data-e-type=\"widget\" data-widget_type=\"heading.default\">\n\t\t\t\t<div class=\"elementor-widget-container\">\n\t\t\t\t\t<h3 class=\"elementor-heading-title elementor-size-default\">Finplast - Cam at\u0131klar\u0131n toplanmas\u0131 i\u00e7in ideal ortak<\/h3>\t\t\t\t<\/div>\n\t\t\t\t<\/div>\n\t\t\t\t<div class=\"elementor-element elementor-element-5bbf6400 elementor-widget elementor-widget-wd_text_block\" data-id=\"5bbf6400\" data-element_type=\"widget\" data-e-type=\"widget\" data-widget_type=\"wd_text_block.default\">\n\t\t\t\t<div class=\"elementor-widget-container\">\n\t\t\t\t\t\t\t<div class=\"wd-text-block reset-last-child text-left\">\n\t\t\t\n\t\t\t<p>Finplast, kalite kayb\u0131 olmadan tekrar tekrar kullan\u0131labilen bir malzeme olan at\u0131k cam\u0131n toplanmas\u0131 ve geri d\u00f6n\u00fc\u015ft\u00fcr\u00fclmesi i\u00e7in verimli hizmetler sunmaktad\u0131r. Geri d\u00f6n\u00fc\u015f\u00fcm sayesinde kirlili\u011fin azalt\u0131lmas\u0131na, do\u011fal kaynaklar\u0131n korunmas\u0131na ve CO\u2082 emisyonlar\u0131n\u0131n d\u00fc\u015f\u00fcr\u00fclmesine yard\u0131mc\u0131 oluyoruz. Bizimle \u00e7al\u0131\u015farak s\u00fcrd\u00fcr\u00fclebilir bir s\u00fcrecin par\u00e7as\u0131 olacak ve \u015firketinizin \u00e7evresel sorumlulu\u011funu g\u00f6stereceksiniz.<\/p>\n\t\t\t\t\t<\/div>\n\t\t\t\t\t\t<\/div>\n\t\t\t\t<\/div>\n\t\t\t\t<\/div>\n\t\t<div class=\"wd-negative-gap elementor-element elementor-element-2c10b1e1 e-flex e-con-boxed e-con e-parent\" data-id=\"2c10b1e1\" data-element_type=\"container\" data-e-type=\"container\">\n\t\t\t\t\t<div class=\"e-con-inner\">\n\t\t\t\t<div class=\"elementor-element elementor-element-2782ccb3 elementor-widget elementor-widget-wd_text_block\" data-id=\"2782ccb3\" data-element_type=\"widget\" data-e-type=\"widget\" data-widget_type=\"wd_text_block.default\">\n\t\t\t\t<div class=\"elementor-widget-container\">\n\t\t\t\t\t\t\t<div class=\"wd-text-block reset-last-child text-left\">\n\t\t\t\n\t\t\t<p data-pm-slice=\"1 1 []\">Bize ula\u015f\u0131n ve kullan\u0131lm\u0131\u015f cam\u0131 birlikte yeniden kullan\u0131labilir bir kayna\u011fa d\u00f6n\u00fc\u015ft\u00fcrelim.<\/p>\n\t\t\t\t\t<\/div>\n\t\t\t\t\t\t<\/div>\n\t\t\t\t<\/div>\n\t\t\t\t\t<\/div>\n\t\t\t\t<\/div>\n\t\t<div class=\"wd-negative-gap elementor-element elementor-element-42f5c038 e-flex e-con-boxed e-con e-parent\" data-id=\"42f5c038\" data-element_type=\"container\" data-e-type=\"container\">\n\t\t\t\t\t<div class=\"e-con-inner\">\n\t\t\t\t<div class=\"elementor-element elementor-element-1ce836bf elementor-widget__width-auto elementor-widget elementor-widget-wd_button\" data-id=\"1ce836bf\" data-element_type=\"widget\" data-e-type=\"widget\" data-widget_type=\"wd_button.default\">\n\t\t\t\t<div class=\"elementor-widget-container\">\n\t\t\t\t\t\t\t<div class=\"wd-button-wrapper text-center\" >\n\t\t\t<a class=\"btn btn-style-default btn-shape-round btn-size-default btn-color-primary btn-icon-pos-right\"  href=\"tel:+37361290000\">\n\t\t\t\t<span class=\"wd-btn-text\" data-elementor-setting-key=\"text\">\n\t\t\t\t\tBize hemen ula\u015f\u0131n!\t\t\t\t<\/span>\n\n\t\t\t\t\t\t\t<\/a>\n\t\t<\/div>\n\t\t\t\t\t\t<\/div>\n\t\t\t\t<\/div>\n\t\t\t\t\t<\/div>\n\t\t\t\t<\/div>\n\t\t<div class=\"wd-negative-gap elementor-element elementor-element-dd2dd42 e-flex e-con-boxed e-con e-parent\" data-id=\"dd2dd42\" data-element_type=\"container\" data-e-type=\"container\">\n\t\t\t\t\t<div class=\"e-con-inner\">\n\t\t\t\t\t<\/div>\n\t\t\t\t<\/div>\n\t\t\t\t<\/div>","protected":false},"excerpt":{"rendered":"<p>Colectarea de\u0219eurilor de Sticl\u0103: Protejarea resurselor naturale \u00a0\u00a0\u00a0 De\u0219eurile din sticl\u0103, cum ar fi borcanele, sticlele de b\u0103uturi sau alte<\/p>","protected":false},"author":7,"featured_media":0,"parent":0,"menu_order":0,"comment_status":"closed","ping_status":"closed","template":"","meta":{"footnotes":""},"class_list":["post-16746","page","type-page","status-publish","hentry"],"_links":{"self":[{"href":"https:\/\/finplast.md\/tr\/wp-json\/wp\/v2\/pages\/16746","targetHints":{"allow":["GET"]}}],"collection":[{"href":"https:\/\/finplast.md\/tr\/wp-json\/wp\/v2\/pages"}],"about":[{"href":"https:\/\/finplast.md\/tr\/wp-json\/wp\/v2\/types\/page"}],"author":[{"embeddable":true,"href":"https:\/\/finplast.md\/tr\/wp-json\/wp\/v2\/users\/7"}],"replies":[{"embeddable":true,"href":"https:\/\/finplast.md\/tr\/wp-json\/wp\/v2\/comments?post=16746"}],"version-history":[{"count":0,"href":"https:\/\/finplast.md\/tr\/wp-json\/wp\/v2\/pages\/16746\/revisions"}],"wp:attachment":[{"href":"https:\/\/finplast.md\/tr\/wp-json\/wp\/v2\/media?parent=16746"}],"curies":[{"name":"wp","href":"https:\/\/api.w.org\/{rel}","templated":true}]}}