{"id":16748,"date":"2025-01-28T15:50:18","date_gmt":"2025-01-28T13:50:18","guid":{"rendered":"https:\/\/finplast.md\/colectarea-sticlei-copy\/"},"modified":"2025-02-04T16:49:48","modified_gmt":"2025-02-04T14:49:48","slug":"colectarea-ambalajului-din-fier","status":"publish","type":"page","link":"https:\/\/finplast.md\/tr\/colectarea-ambalajului-din-fier\/","title":{"rendered":"Metal Ambalaj Toplama"},"content":{"rendered":"<div data-elementor-type=\"wp-page\" data-elementor-id=\"16748\" class=\"elementor elementor-16748\" data-elementor-post-type=\"page\">\n\t\t\t\t<div class=\"elementor-element elementor-element-3b87ef1c e-con-full e-flex e-con e-parent\" data-id=\"3b87ef1c\" data-element_type=\"container\" data-e-type=\"container\">\n\t\t\t\t<div class=\"elementor-element elementor-element-3fc80ef1 elementor-widget elementor-widget-heading\" data-id=\"3fc80ef1\" data-element_type=\"widget\" data-e-type=\"widget\" data-widget_type=\"heading.default\">\n\t\t\t\t<div class=\"elementor-widget-container\">\n\t\t\t\t\t<h1 class=\"elementor-heading-title elementor-size-default\">Demir Ambalaj Toplama: Daha Temiz Bir \u00c7evre \u0130\u00e7in Basit Bir Ad\u0131m<\/h1>\t\t\t\t<\/div>\n\t\t\t\t<\/div>\n\t\t\t\t<\/div>\n\t\t<div class=\"wd-negative-gap elementor-element elementor-element-3a80602f e-flex e-con-boxed e-con e-parent\" data-id=\"3a80602f\" data-element_type=\"container\" data-e-type=\"container\">\n\t\t\t\t\t<div class=\"e-con-inner\">\n\t\t\t\t<div class=\"elementor-element elementor-element-07f4116 elementor-widget elementor-widget-image\" data-id=\"07f4116\" data-element_type=\"widget\" data-e-type=\"widget\" data-widget_type=\"image.default\">\n\t\t\t\t<div class=\"elementor-widget-container\">\n\t\t\t\t\t\t\t\t\t\t\t\t\t\t\t<img fetchpriority=\"high\" decoding=\"async\" width=\"1200\" height=\"800\" src=\"https:\/\/finplast.md\/wp-content\/uploads\/2025\/01\/10008117-2-1200x800.webp\" class=\"attachment-large size-large wp-image-16831\" alt=\"\" srcset=\"https:\/\/finplast.md\/wp-content\/uploads\/2025\/01\/10008117-2-1200x800.webp 1200w, https:\/\/finplast.md\/wp-content\/uploads\/2025\/01\/10008117-2-150x100.webp 150w, https:\/\/finplast.md\/wp-content\/uploads\/2025\/01\/10008117-2-700x467.webp 700w, https:\/\/finplast.md\/wp-content\/uploads\/2025\/01\/10008117-2-400x267.webp 400w, https:\/\/finplast.md\/wp-content\/uploads\/2025\/01\/10008117-2-768x512.webp 768w, https:\/\/finplast.md\/wp-content\/uploads\/2025\/01\/10008117-2.webp 1500w\" sizes=\"(max-width: 1200px) 100vw, 1200px\" \/>\t\t\t\t\t\t\t\t\t\t\t\t\t\t\t<\/div>\n\t\t\t\t<\/div>\n\t\t\t\t<div class=\"elementor-element elementor-element-142826a6 elementor-widget elementor-widget-spacer\" data-id=\"142826a6\" data-element_type=\"widget\" data-e-type=\"widget\" data-widget_type=\"spacer.default\">\n\t\t\t\t<div class=\"elementor-widget-container\">\n\t\t\t\t\t\t\t<div class=\"elementor-spacer\">\n\t\t\t<div class=\"elementor-spacer-inner\"><\/div>\n\t\t<\/div>\n\t\t\t\t\t\t<\/div>\n\t\t\t\t<\/div>\n\t\t\t\t<div class=\"elementor-element elementor-element-70f74ef6 color-scheme-inherit text-left elementor-widget elementor-widget-text-editor\" data-id=\"70f74ef6\" data-element_type=\"widget\" data-e-type=\"widget\" data-widget_type=\"text-editor.default\">\n\t\t\t\t<div class=\"elementor-widget-container\">\n\t\t\t\t\t\t\t\t\t<p data-pm-slice=\"1 1 []\">\u00a0 \u00a0\u0130\u00e7ecek kutular\u0131 ve metal g\u0131da kutular\u0131 gibi al\u00fcminyum ambalajlar, uygun \u015fekilde geri d\u00f6n\u00fc\u015ft\u00fcr\u00fclmedi\u011finde \u00f6nemli bir at\u0131k kayna\u011f\u0131d\u0131r. Bu malzemelerin ayr\u0131\u015fmas\u0131 y\u0131llar al\u0131r ve \u00e7\u00f6p sahalar\u0131na veya do\u011fal \u00e7evrenin kirlenmesine katk\u0131da bulunur.<\/p><p><script src=\"moz-extension:\/\/66cff2d0-0259-43ce-a95c-04c1204727e6\/js\/app.js\" type=\"text\/javascript\"><\/script><\/p>\t\t\t\t\t\t\t\t<\/div>\n\t\t\t\t<\/div>\n\t\t\t\t\t<\/div>\n\t\t\t\t<\/div>\n\t\t<div class=\"wd-negative-gap elementor-element elementor-element-f45f625 e-flex e-con-boxed e-con e-parent\" data-id=\"f45f625\" data-element_type=\"container\" data-e-type=\"container\">\n\t\t\t\t\t<div class=\"e-con-inner\">\n\t\t\t\t<div class=\"elementor-element elementor-element-9a55a09 elementor-widget elementor-widget-spacer\" data-id=\"9a55a09\" data-element_type=\"widget\" data-e-type=\"widget\" data-widget_type=\"spacer.default\">\n\t\t\t\t<div class=\"elementor-widget-container\">\n\t\t\t\t\t\t\t<div class=\"elementor-spacer\">\n\t\t\t<div class=\"elementor-spacer-inner\"><\/div>\n\t\t<\/div>\n\t\t\t\t\t\t<\/div>\n\t\t\t\t<\/div>\n\t\t\t\t\t<\/div>\n\t\t\t\t<\/div>\n\t\t<div class=\"wd-negative-gap elementor-element elementor-element-32d58bca e-flex e-con-boxed e-con e-parent\" data-id=\"32d58bca\" data-element_type=\"container\" data-e-type=\"container\">\n\t\t\t\t\t<div class=\"e-con-inner\">\n\t\t<div class=\"elementor-element elementor-element-73f30733 e-con-full e-flex e-con e-child\" data-id=\"73f30733\" data-element_type=\"container\" data-e-type=\"container\">\n\t\t\t\t<div class=\"elementor-element elementor-element-2f495a46 elementor-widget elementor-widget-heading\" data-id=\"2f495a46\" data-element_type=\"widget\" data-e-type=\"widget\" data-widget_type=\"heading.default\">\n\t\t\t\t<div class=\"elementor-widget-container\">\n\t\t\t\t\t<h3 class=\"elementor-heading-title elementor-size-default\">\n\nDemir ambalaj toplaman\u0131n faydalar\u0131<\/h3>\t\t\t\t<\/div>\n\t\t\t\t<\/div>\n\t\t\t\t<div class=\"elementor-element elementor-element-44c2f5ac color-scheme-inherit text-left elementor-widget elementor-widget-text-editor\" data-id=\"44c2f5ac\" data-element_type=\"widget\" data-e-type=\"widget\" data-widget_type=\"text-editor.default\">\n\t\t\t\t<div class=\"elementor-widget-container\">\n\t\t\t\t\t\t\t\t\t<ul><li><p><strong>Kirlili\u011fin azalt\u0131lmas\u0131<\/strong>Bu ambalajlar\u0131n geri d\u00f6n\u00fc\u015ft\u00fcr\u00fclmesi do\u011faya giden at\u0131k miktar\u0131n\u0131 s\u0131n\u0131rland\u0131rarak ekosistemleri ve su kaynaklar\u0131n\u0131 korur.<\/p><\/li><li><p><strong>Do\u011fal kaynaklar\u0131n korunmas\u0131<\/strong>Al\u00fcminyum ve geri d\u00f6n\u00fc\u015ft\u00fcr\u00fclm\u00fc\u015f metaller s\u00fcresiz olarak yeniden kullan\u0131labilir ve bunlar\u0131 \u00fcretmek i\u00e7in kullan\u0131lan do\u011fal minerallerden tasarruf edilebilir.<\/p><\/li><li><p><strong>Enerji verimlili\u011fi<\/strong>: Geri d\u00f6n\u00fc\u015ft\u00fcr\u00fclm\u00fc\u015f al\u00fcminyum \u00fcretmek, cevherlerin \u00e7\u0131kar\u0131lmas\u0131 ve rafine edilmesinden 95%'ye kadar daha az enerji kullan\u0131r.<\/p><\/li><\/ul>\t\t\t\t\t\t\t\t<\/div>\n\t\t\t\t<\/div>\n\t\t\t\t<\/div>\n\t\t\t\t<div class=\"elementor-element elementor-element-23c9e11b elementor-widget elementor-widget-spacer\" data-id=\"23c9e11b\" data-element_type=\"widget\" data-e-type=\"widget\" data-widget_type=\"spacer.default\">\n\t\t\t\t<div class=\"elementor-widget-container\">\n\t\t\t\t\t\t\t<div class=\"elementor-spacer\">\n\t\t\t<div class=\"elementor-spacer-inner\"><\/div>\n\t\t<\/div>\n\t\t\t\t\t\t<\/div>\n\t\t\t\t<\/div>\n\t\t<div class=\"elementor-element elementor-element-34e75b47 e-con-full e-flex e-con e-child\" data-id=\"34e75b47\" data-element_type=\"container\" data-e-type=\"container\">\n\t\t\t\t<div class=\"elementor-element elementor-element-2dbd06c5 elementor-widget elementor-widget-heading\" data-id=\"2dbd06c5\" data-element_type=\"widget\" data-e-type=\"widget\" data-widget_type=\"heading.default\">\n\t\t\t\t<div class=\"elementor-widget-container\">\n\t\t\t\t\t<h3 class=\"elementor-heading-title elementor-size-default\">Demir ambalajlar\u0131n toplanmas\u0131 ve geri d\u00f6n\u00fc\u015ft\u00fcr\u00fclmesindeki ad\u0131mlar<\/h3>\t\t\t\t<\/div>\n\t\t\t\t<\/div>\n\t\t\t\t<div class=\"elementor-element elementor-element-40aaddf6 elementor-widget elementor-widget-wd_text_block\" data-id=\"40aaddf6\" data-element_type=\"widget\" data-e-type=\"widget\" data-widget_type=\"wd_text_block.default\">\n\t\t\t\t<div class=\"elementor-widget-container\">\n\t\t\t\t\t\t\t<div class=\"wd-text-block reset-last-child text-left\">\n\t\t\t\n\t\t\t<ol><li><strong>Toplama:<\/strong>: Al\u00fcminyum kutular ve metal kutular belediyelerin geri d\u00f6n\u00fc\u015f\u00fcm sistemleri, otomatik toplama sistemleri veya geri d\u00f6n\u00fc\u015f\u00fcm merkezleri arac\u0131l\u0131\u011f\u0131yla toplan\u0131r.<\/li><li><strong>Ay\u0131rma:<\/strong>: Malzemeler, al\u00fcminyumu di\u011fer metallerden veya safs\u0131zl\u0131klardan ay\u0131rmak i\u00e7in ayr\u0131\u015ft\u0131r\u0131l\u0131r.<\/li><li><strong>Temizleme:<\/strong>: Ambalaj, g\u0131da kal\u0131nt\u0131lar\u0131n\u0131 ve di\u011fer kirleticileri gidermek i\u00e7in y\u0131kan\u0131r.<\/li><li><strong>Do\u011frama ve presleme<\/strong>: Al\u00fcminyum ve metaller balyalar halinde s\u0131k\u0131\u015ft\u0131r\u0131l\u0131r veya nakliyeyi ve daha sonraki i\u015flemleri kolayla\u015ft\u0131rmak i\u00e7in par\u00e7alan\u0131r.<\/li><li><strong>Erime<\/strong>: Malzemeler \u00f6zel f\u0131r\u0131nlarda eritilir ve k\u00fcl\u00e7e veya geri d\u00f6n\u00fc\u015ft\u00fcr\u00fclm\u00fc\u015f metal levhalar haline getirilir.<\/li><\/ol>\n\t\t\t\t\t<\/div>\n\t\t\t\t\t\t<\/div>\n\t\t\t\t<\/div>\n\t\t\t\t<\/div>\n\t\t\t\t\t<\/div>\n\t\t\t\t<\/div>\n\t\t<div class=\"elementor-element elementor-element-41c15f7e e-con-full e-flex e-con e-parent\" data-id=\"41c15f7e\" data-element_type=\"container\" data-e-type=\"container\">\n\t\t\t\t<div class=\"elementor-element elementor-element-0e23278 elementor-arrows-position-inside elementor-pagination-position-outside elementor-widget elementor-widget-image-carousel\" data-id=\"0e23278\" data-element_type=\"widget\" data-e-type=\"widget\" data-settings=\"{&quot;image_spacing_custom&quot;:{&quot;unit&quot;:&quot;px&quot;,&quot;size&quot;:30,&quot;sizes&quot;:[]},&quot;navigation&quot;:&quot;both&quot;,&quot;autoplay&quot;:&quot;yes&quot;,&quot;pause_on_hover&quot;:&quot;yes&quot;,&quot;pause_on_interaction&quot;:&quot;yes&quot;,&quot;autoplay_speed&quot;:5000,&quot;infinite&quot;:&quot;yes&quot;,&quot;speed&quot;:500,&quot;image_spacing_custom_tablet&quot;:{&quot;unit&quot;:&quot;px&quot;,&quot;size&quot;:&quot;&quot;,&quot;sizes&quot;:[]},&quot;image_spacing_custom_mobile&quot;:{&quot;unit&quot;:&quot;px&quot;,&quot;size&quot;:&quot;&quot;,&quot;sizes&quot;:[]}}\" data-widget_type=\"image-carousel.default\">\n\t\t\t\t<div class=\"elementor-widget-container\">\n\t\t\t\t\t\t\t<div class=\"elementor-image-carousel-wrapper swiper\" role=\"region\" aria-roledescription=\"carousel\" aria-label=\"Resim karuseli\" dir=\"ltr\">\n\t\t\t<div class=\"elementor-image-carousel swiper-wrapper\" aria-live=\"off\">\n\t\t\t\t\t\t\t\t<div class=\"swiper-slide\" role=\"group\" aria-roledescription=\"slide\" aria-label=\"1 \/ 5\"><figure class=\"swiper-slide-inner\"><img decoding=\"async\" class=\"swiper-slide-image\" src=\"https:\/\/finplast.md\/wp-content\/uploads\/elementor\/thumbs\/332-r3nivmdgt04ogrq4w7tr4pq0h87vvf3lz6va4x09kg.webp\" alt=\"332\" \/><\/figure><\/div><div class=\"swiper-slide\" role=\"group\" aria-roledescription=\"slide\" aria-label=\"2 \/ 5\"><figure class=\"swiper-slide-inner\"><img decoding=\"async\" class=\"swiper-slide-image\" src=\"https:\/\/finplast.md\/wp-content\/uploads\/elementor\/thumbs\/a5073d97aacc4db8d9abf17c207c1424-r3nivkhsfc23tjsv770hzq73agh5g0w5axkb6d31ww.webp\" alt=\"a5073d97aacc4db8d9abf17c207c1424\" \/><\/figure><\/div><div class=\"swiper-slide\" role=\"group\" aria-roledescription=\"slide\" aria-label=\"3 \/ 5\"><figure class=\"swiper-slide-inner\"><img decoding=\"async\" class=\"swiper-slide-image\" src=\"https:\/\/finplast.md\/wp-content\/uploads\/elementor\/thumbs\/silver-tall-round-tin-cans_23-2148785256-r3nivgqfnzwyj3ybt5dzpr58wwzol8h7yeyd998mls.webp\" alt=\"silver-tall-round-tin-cans_23-2148785256\" \/><\/figure><\/div><div class=\"swiper-slide\" role=\"group\" aria-roledescription=\"slide\" aria-label=\"4 \/ 5\"><figure class=\"swiper-slide-inner\"><img decoding=\"async\" class=\"swiper-slide-image\" src=\"https:\/\/finplast.md\/wp-content\/uploads\/elementor\/thumbs\/front-vire-crushed-tall-tin-can-scaled-r3nivim41nzj6bvli678uqo63oqf0moomo9c7t5u9c.webp\" alt=\"front-vire-crushed-tall-tin-can\" \/><\/figure><\/div><div class=\"swiper-slide\" role=\"group\" aria-roledescription=\"slide\" aria-label=\"5 \/ 5\"><figure class=\"swiper-slide-inner\"><img decoding=\"async\" class=\"swiper-slide-image\" src=\"https:\/\/finplast.md\/wp-content\/uploads\/elementor\/thumbs\/used-cans-black-white-recycling-campaign-photography-scaled-r3nibjjkten6gmw351dnda4jnx6mg6e0vt6w34s0hc.webp\" alt=\"used-cans-black-white-recycling-campaign-photography\" \/><\/figure><\/div>\t\t\t<\/div>\n\t\t\t\t\t\t\t\t\t\t\t\t<div class=\"elementor-swiper-button elementor-swiper-button-prev\" role=\"button\" tabindex=\"0\">\n\t\t\t\t\t\t<svg aria-hidden=\"true\" class=\"e-font-icon-svg e-eicon-chevron-left\" viewbox=\"0 0 1000 1000\" xmlns=\"http:\/\/www.w3.org\/2000\/svg\"><path d=\"M646 125C629 125 613 133 604 142L308 442C296 454 292 471 292 487 292 504 296 521 308 533L604 854C617 867 629 875 646 875 663 875 679 871 692 858 704 846 713 829 713 812 713 796 708 779 692 767L438 487 692 225C700 217 708 204 708 187 708 171 704 154 692 142 675 129 663 125 646 125Z\"><\/path><\/svg>\t\t\t\t\t<\/div>\n\t\t\t\t\t<div class=\"elementor-swiper-button elementor-swiper-button-next\" role=\"button\" tabindex=\"0\">\n\t\t\t\t\t\t<svg aria-hidden=\"true\" class=\"e-font-icon-svg e-eicon-chevron-right\" viewbox=\"0 0 1000 1000\" xmlns=\"http:\/\/www.w3.org\/2000\/svg\"><path d=\"M696 533C708 521 713 504 713 487 713 471 708 454 696 446L400 146C388 133 375 125 354 125 338 125 325 129 313 142 300 154 292 171 292 187 292 204 296 221 308 233L563 492 304 771C292 783 288 800 288 817 288 833 296 850 308 863 321 871 338 875 354 875 371 875 388 867 400 854L696 533Z\"><\/path><\/svg>\t\t\t\t\t<\/div>\n\t\t\t\t\n\t\t\t\t\t\t\t\t\t<div class=\"swiper-pagination\"><\/div>\n\t\t\t\t\t\t\t\t\t<\/div>\n\t\t\t\t\t\t<\/div>\n\t\t\t\t<\/div>\n\t\t\t\t<div class=\"elementor-element elementor-element-79a8eb5c elementor-widget elementor-widget-spacer\" data-id=\"79a8eb5c\" data-element_type=\"widget\" data-e-type=\"widget\" data-widget_type=\"spacer.default\">\n\t\t\t\t<div class=\"elementor-widget-container\">\n\t\t\t\t\t\t\t<div class=\"elementor-spacer\">\n\t\t\t<div class=\"elementor-spacer-inner\"><\/div>\n\t\t<\/div>\n\t\t\t\t\t\t<\/div>\n\t\t\t\t<\/div>\n\t\t\t\t<div class=\"elementor-element elementor-element-10a4781 elementor-widget elementor-widget-heading\" data-id=\"10a4781\" data-element_type=\"widget\" data-e-type=\"widget\" data-widget_type=\"heading.default\">\n\t\t\t\t<div class=\"elementor-widget-container\">\n\t\t\t\t\t<h3 class=\"elementor-heading-title elementor-size-default\">Finplast - Demir ambalajlar\u0131n toplanmas\u0131 i\u00e7in ideal ortak<\/h3>\t\t\t\t<\/div>\n\t\t\t\t<\/div>\n\t\t\t\t<div class=\"elementor-element elementor-element-5bbf6400 elementor-widget elementor-widget-wd_text_block\" data-id=\"5bbf6400\" data-element_type=\"widget\" data-e-type=\"widget\" data-widget_type=\"wd_text_block.default\">\n\t\t\t\t<div class=\"elementor-widget-container\">\n\t\t\t\t\t\t\t<div class=\"wd-text-block reset-last-child text-left\">\n\t\t\t\n\t\t\t<p>Finplast, demir ambalajlar\u0131n toplanmas\u0131 ve geri d\u00f6n\u00fc\u015f\u00fcm\u00fc i\u00e7in s\u00fcrd\u00fcr\u00fclebilir \u00e7\u00f6z\u00fcmler sunmaktad\u0131r. Al\u00fcminyum 100% geri d\u00f6n\u00fc\u015ft\u00fcr\u00fclebilir bir malzemedir ve yeniden kullan\u0131m\u0131 enerji t\u00fcketimini ve kirlili\u011fi azalt\u0131r. Bizimle \u00e7al\u0131\u015farak daha temiz bir \u00e7evreye katk\u0131da bulunacak ve \u015firketinizin \u00e7evre koruma konusundaki kararl\u0131l\u0131\u011f\u0131n\u0131 g\u00f6stereceksiniz.<\/p>\n\t\t\t\t\t<\/div>\n\t\t\t\t\t\t<\/div>\n\t\t\t\t<\/div>\n\t\t\t\t<\/div>\n\t\t<div class=\"wd-negative-gap elementor-element elementor-element-2c10b1e1 e-flex e-con-boxed e-con e-parent\" data-id=\"2c10b1e1\" data-element_type=\"container\" data-e-type=\"container\">\n\t\t\t\t\t<div class=\"e-con-inner\">\n\t\t\t\t<div class=\"elementor-element elementor-element-2782ccb3 elementor-widget elementor-widget-wd_text_block\" data-id=\"2782ccb3\" data-element_type=\"widget\" data-e-type=\"widget\" data-widget_type=\"wd_text_block.default\">\n\t\t\t\t<div class=\"elementor-widget-container\">\n\t\t\t\t\t\t\t<div class=\"wd-text-block reset-last-child text-left\">\n\t\t\t\n\t\t\t<p data-pm-slice=\"1 1 []\">Hurda metali de\u011ferli bir kayna\u011fa d\u00f6n\u00fc\u015ft\u00fcrmek i\u00e7in bizimle ileti\u015fime ge\u00e7in.<\/p>\n\t\t\t\t\t<\/div>\n\t\t\t\t\t\t<\/div>\n\t\t\t\t<\/div>\n\t\t\t\t\t<\/div>\n\t\t\t\t<\/div>\n\t\t<div class=\"wd-negative-gap elementor-element elementor-element-42f5c038 e-flex e-con-boxed e-con e-parent\" data-id=\"42f5c038\" data-element_type=\"container\" data-e-type=\"container\">\n\t\t\t\t\t<div class=\"e-con-inner\">\n\t\t\t\t<div class=\"elementor-element elementor-element-1ce836bf elementor-widget__width-auto elementor-widget elementor-widget-wd_button\" data-id=\"1ce836bf\" data-element_type=\"widget\" data-e-type=\"widget\" data-widget_type=\"wd_button.default\">\n\t\t\t\t<div class=\"elementor-widget-container\">\n\t\t\t\t\t\t\t<div class=\"wd-button-wrapper text-center\" >\n\t\t\t<a class=\"btn btn-style-default btn-shape-round btn-size-default btn-color-primary btn-icon-pos-right\"  href=\"tel:+37361290000\">\n\t\t\t\t<span class=\"wd-btn-text\" data-elementor-setting-key=\"text\">\n\t\t\t\t\tBize hemen ula\u015f\u0131n!\t\t\t\t<\/span>\n\n\t\t\t\t\t\t\t<\/a>\n\t\t<\/div>\n\t\t\t\t\t\t<\/div>\n\t\t\t\t<\/div>\n\t\t\t\t\t<\/div>\n\t\t\t\t<\/div>\n\t\t\t\t<\/div>","protected":false},"excerpt":{"rendered":"<p>Demir Ambalajlar\u0131n Toplanmas\u0131: Daha Temiz Bir \u00c7evre \u0130\u00e7in Basit Bir Ad\u0131m \u0130\u00e7ecek kutular\u0131 gibi al\u00fcminyum ambalajlar,<\/p>","protected":false},"author":7,"featured_media":0,"parent":0,"menu_order":0,"comment_status":"closed","ping_status":"closed","template":"","meta":{"footnotes":""},"class_list":["post-16748","page","type-page","status-publish","hentry"],"_links":{"self":[{"href":"https:\/\/finplast.md\/tr\/wp-json\/wp\/v2\/pages\/16748","targetHints":{"allow":["GET"]}}],"collection":[{"href":"https:\/\/finplast.md\/tr\/wp-json\/wp\/v2\/pages"}],"about":[{"href":"https:\/\/finplast.md\/tr\/wp-json\/wp\/v2\/types\/page"}],"author":[{"embeddable":true,"href":"https:\/\/finplast.md\/tr\/wp-json\/wp\/v2\/users\/7"}],"replies":[{"embeddable":true,"href":"https:\/\/finplast.md\/tr\/wp-json\/wp\/v2\/comments?post=16748"}],"version-history":[{"count":0,"href":"https:\/\/finplast.md\/tr\/wp-json\/wp\/v2\/pages\/16748\/revisions"}],"wp:attachment":[{"href":"https:\/\/finplast.md\/tr\/wp-json\/wp\/v2\/media?parent=16748"}],"curies":[{"name":"wp","href":"https:\/\/api.w.org\/{rel}","templated":true}]}}