{"id":17691,"date":"2025-05-29T17:52:45","date_gmt":"2025-05-29T14:52:45","guid":{"rendered":"https:\/\/finplast.md\/?page_id=17691"},"modified":"2025-11-03T15:18:48","modified_gmt":"2025-11-03T13:18:48","slug":"distrugere-cardurilor-bancare","status":"publish","type":"page","link":"https:\/\/finplast.md\/tr\/distrugere-cardurilor-bancare\/","title":{"rendered":"Banka kart\u0131 imhas\u0131"},"content":{"rendered":"<div data-elementor-type=\"wp-page\" data-elementor-id=\"17691\" class=\"elementor elementor-17691\" data-elementor-post-type=\"page\">\n\t\t\t\t<div class=\"wd-negative-gap elementor-element elementor-element-c5b5e3a e-flex e-con-boxed e-con e-parent\" data-id=\"c5b5e3a\" data-element_type=\"container\" data-e-type=\"container\">\n\t\t\t\t\t<div class=\"e-con-inner\">\n\t\t\t\t<div class=\"elementor-element elementor-element-e96be3a elementor-widget elementor-widget-heading\" data-id=\"e96be3a\" data-element_type=\"widget\" data-e-type=\"widget\" data-widget_type=\"heading.default\">\n\t\t\t\t<div class=\"elementor-widget-container\">\n\t\t\t\t\t<h1 class=\"elementor-heading-title elementor-size-default\">Banka kart\u0131 minimizasyonu: ki\u015fisel verilerin korunmas\u0131 ve doland\u0131r\u0131c\u0131l\u0131\u011f\u0131n \u00f6nlenmesi i\u00e7in \u00f6nemli bir ad\u0131m<\/h1>\t\t\t\t<\/div>\n\t\t\t\t<\/div>\n\t\t\t\t<div class=\"elementor-element elementor-element-9031f53 elementor-widget elementor-widget-spacer\" data-id=\"9031f53\" data-element_type=\"widget\" data-e-type=\"widget\" data-widget_type=\"spacer.default\">\n\t\t\t\t<div class=\"elementor-widget-container\">\n\t\t\t\t\t\t\t<div class=\"elementor-spacer\">\n\t\t\t<div class=\"elementor-spacer-inner\"><\/div>\n\t\t<\/div>\n\t\t\t\t\t\t<\/div>\n\t\t\t\t<\/div>\n\t\t\t\t\t<\/div>\n\t\t\t\t<\/div>\n\t\t<div class=\"wd-negative-gap elementor-element elementor-element-be655a4 e-flex e-con-boxed e-con e-parent\" data-id=\"be655a4\" data-element_type=\"container\" data-e-type=\"container\">\n\t\t\t\t\t<div class=\"e-con-inner\">\n\t\t\t\t<div class=\"elementor-element elementor-element-0af44d9 elementor-widget elementor-widget-image\" data-id=\"0af44d9\" data-element_type=\"widget\" data-e-type=\"widget\" data-widget_type=\"image.default\">\n\t\t\t\t<div class=\"elementor-widget-container\">\n\t\t\t\t\t\t\t\t\t\t\t\t\t\t\t<img decoding=\"async\" src=\"https:\/\/finplast.md\/wp-content\/uploads\/elementor\/thumbs\/xVwW5nYBW_tetECe36VDJZMQUrDff5WJ-rkommtnjiago4qe6sdsigwdaycvvo3hnsovnvldrlo.jpg\" title=\"xVwW5nYBW_tetECe36VDJZMQUrDff5WJ\" alt=\"xVwW5nYBW_tetECe36VDJZMQUrDff5WJ\" loading=\"lazy\" \/>\t\t\t\t\t\t\t\t\t\t\t\t\t\t\t<\/div>\n\t\t\t\t<\/div>\n\t\t\t\t\t<\/div>\n\t\t\t\t<\/div>\n\t\t<div class=\"wd-negative-gap elementor-element elementor-element-cc14adf e-flex e-con-boxed e-con e-parent\" data-id=\"cc14adf\" data-element_type=\"container\" data-e-type=\"container\">\n\t\t\t\t\t<div class=\"e-con-inner\">\n\t\t\t\t<div class=\"elementor-element elementor-element-b635841 elementor-widget elementor-widget-spacer\" data-id=\"b635841\" data-element_type=\"widget\" data-e-type=\"widget\" data-widget_type=\"spacer.default\">\n\t\t\t\t<div class=\"elementor-widget-container\">\n\t\t\t\t\t\t\t<div class=\"elementor-spacer\">\n\t\t\t<div class=\"elementor-spacer-inner\"><\/div>\n\t\t<\/div>\n\t\t\t\t\t\t<\/div>\n\t\t\t\t<\/div>\n\t\t\t\t<div class=\"elementor-element elementor-element-659a1a3 color-scheme-inherit text-left elementor-widget elementor-widget-text-editor\" data-id=\"659a1a3\" data-element_type=\"widget\" data-e-type=\"widget\" data-widget_type=\"text-editor.default\">\n\t\t\t\t<div class=\"elementor-widget-container\">\n\t\t\t\t\t\t\t\t\t<p>\u00a0 \u00a0 Elektronik \u00f6demeler ve i\u015flemler i\u00e7in her g\u00fcn kullan\u0131lan banka kartlar\u0131, s\u00fcresi dolduktan veya iptal edildikten sonra saklan\u0131rsa doland\u0131r\u0131c\u0131l\u0131k amac\u0131yla kullan\u0131labilecek hassas g\u00fcvenlik bilgileri i\u00e7erir. Bunlar\u0131n k\u00fc\u00e7\u00fck par\u00e7alara ayr\u0131lmas\u0131, bile\u015fenlerin klonlanmas\u0131n\u0131 ve yeniden kullan\u0131lmas\u0131n\u0131 \u00f6nler, ki\u015fisel verileri korur ve finansal doland\u0131r\u0131c\u0131l\u0131\u011f\u0131 \u00f6nler.<\/p>\t\t\t\t\t\t\t\t<\/div>\n\t\t\t\t<\/div>\n\t\t\t\t<div class=\"elementor-element elementor-element-d254178 elementor-widget elementor-widget-spacer\" data-id=\"d254178\" data-element_type=\"widget\" data-e-type=\"widget\" data-widget_type=\"spacer.default\">\n\t\t\t\t<div class=\"elementor-widget-container\">\n\t\t\t\t\t\t\t<div class=\"elementor-spacer\">\n\t\t\t<div class=\"elementor-spacer-inner\"><\/div>\n\t\t<\/div>\n\t\t\t\t\t\t<\/div>\n\t\t\t\t<\/div>\n\t\t\t\t\t<\/div>\n\t\t\t\t<\/div>\n\t\t<div class=\"elementor-element elementor-element-8d022dd e-con-full e-flex e-con e-parent\" data-id=\"8d022dd\" data-element_type=\"container\" data-e-type=\"container\">\n\t\t<div class=\"elementor-element elementor-element-2361772 e-con-full e-flex e-con e-child\" data-id=\"2361772\" data-element_type=\"container\" data-e-type=\"container\">\n\t\t\t\t<div class=\"elementor-element elementor-element-a159265 elementor-widget elementor-widget-heading\" data-id=\"a159265\" data-element_type=\"widget\" data-e-type=\"widget\" data-widget_type=\"heading.default\">\n\t\t\t\t<div class=\"elementor-widget-container\">\n\t\t\t\t\t<h3 class=\"elementor-heading-title elementor-size-default\">G\u00fcvenli ve \u00c7evre Dostu Banka Kart\u0131 Par\u00e7alaman\u0131n Faydalar\u0131\n<\/h3>\t\t\t\t<\/div>\n\t\t\t\t<\/div>\n\t\t\t\t<div class=\"elementor-element elementor-element-27a2c72 color-scheme-inherit text-left elementor-widget elementor-widget-text-editor\" data-id=\"27a2c72\" data-element_type=\"widget\" data-e-type=\"widget\" data-widget_type=\"text-editor.default\">\n\t\t\t\t<div class=\"elementor-widget-container\">\n\t\t\t\t\t\t\t\t\t<ul><li><strong>Sorumlu finansal veri y\u00f6netimi:<\/strong> Banka kartlar\u0131n\u0131n kontroll\u00fc imhas\u0131, hassas bilgilere yetkisiz eri\u015fimi \u00f6nler ve kart sahiplerinin kimliklerini korur.<\/li><li><strong>D\u00f6ng\u00fcsel ekonominin desteklenmesi:<\/strong> Kartlar\u0131n imhas\u0131ndan kaynaklanan plastik ve metal malzemeler toplanarak geri d\u00f6n\u00fc\u015ft\u00fcr\u00fcl\u00fcr ve kaynaklar\u0131n di\u011fer sekt\u00f6rlerde yeniden kullan\u0131lmas\u0131na yard\u0131mc\u0131 olur.<\/li><li><strong>\u00c7evreyi korumak:<\/strong> \u0130mha edilen kartlardaki malzemelerin geri d\u00f6n\u00fc\u015ft\u00fcr\u00fclmesi at\u0131klar\u0131 azalt\u0131r ve do\u011fal kaynaklar\u0131n korunmas\u0131na yard\u0131mc\u0131 olur.<\/li><\/ul>\t\t\t\t\t\t\t\t<\/div>\n\t\t\t\t<\/div>\n\t\t\t\t<\/div>\n\t\t\t\t<div class=\"elementor-element elementor-element-ab09a63 elementor-widget elementor-widget-spacer\" data-id=\"ab09a63\" data-element_type=\"widget\" data-e-type=\"widget\" data-widget_type=\"spacer.default\">\n\t\t\t\t<div class=\"elementor-widget-container\">\n\t\t\t\t\t\t\t<div class=\"elementor-spacer\">\n\t\t\t<div class=\"elementor-spacer-inner\"><\/div>\n\t\t<\/div>\n\t\t\t\t\t\t<\/div>\n\t\t\t\t<\/div>\n\t\t<div class=\"elementor-element elementor-element-16f575c e-con-full e-flex e-con e-child\" data-id=\"16f575c\" data-element_type=\"container\" data-e-type=\"container\">\n\t\t\t\t<div class=\"elementor-element elementor-element-3e6e036 elementor-widget elementor-widget-heading\" data-id=\"3e6e036\" data-element_type=\"widget\" data-e-type=\"widget\" data-widget_type=\"heading.default\">\n\t\t\t\t<div class=\"elementor-widget-container\">\n\t\t\t\t\t<h3 class=\"elementor-heading-title elementor-size-default\">\u0130\u015fleme S\u00fcrecinin A\u015famalar\u0131<\/h3>\t\t\t\t<\/div>\n\t\t\t\t<\/div>\n\t\t\t\t<div class=\"elementor-element elementor-element-c26c1dd elementor-widget elementor-widget-wd_text_block\" data-id=\"c26c1dd\" data-element_type=\"widget\" data-e-type=\"widget\" data-widget_type=\"wd_text_block.default\">\n\t\t\t\t<div class=\"elementor-widget-container\">\n\t\t\t\t\t\t\t<div class=\"wd-text-block reset-last-child text-left\">\n\t\t\t\n\t\t\t<ul><li><strong>Koleksiyon:<\/strong> S\u00fcresi dolmu\u015f veya devre d\u0131\u015f\u0131 b\u0131rak\u0131lm\u0131\u015f banka kartlar\u0131 finans kurulu\u015flar\u0131ndan toplan\u0131r ve g\u00fcvenli bir \u015fekilde yetkili imha merkezlerine nakledilir.<\/li><li><strong>S\u0131ralama:<\/strong> Kartlar kontrol edilir ve malzemeye (plastik, metal, kompozit) ve geri d\u00f6n\u00fc\u015ft\u00fcr\u00fclebilirli\u011fe g\u00f6re ayr\u0131l\u0131r.<\/li><li><strong>Temizlik:<\/strong> Geri d\u00f6n\u00fc\u015f\u00fcme g\u00f6nderilecek kartlar \u00e7ipler, manyetik \u015feritler veya elektronik bile\u015fenler gibi uygunsuz \u00f6\u011felerden temizlenir.<\/li><li><strong>Kap\u0131 \u00e7al\u0131nd\u0131:<\/strong> Kartlar par\u00e7alanarak mekanik olarak imha edilir ve ki\u015fisel veriler kurtar\u0131lamaz hale gelir.<\/li><li><strong>Yeniden i\u015fleme:<\/strong> Elde edilen malzemeler geri d\u00f6n\u00fc\u015ft\u00fcr\u00fcl\u00fcr ve \u00e7e\u015fitli end\u00fcstrilerde kullan\u0131labilecek ikincil hammaddelere d\u00f6n\u00fc\u015ft\u00fcr\u00fclerek \u00e7evrenin korunmas\u0131na yard\u0131mc\u0131 olur.<\/li><\/ul>\n\t\t\t\t\t<\/div>\n\t\t\t\t\t\t<\/div>\n\t\t\t\t<\/div>\n\t\t\t\t<\/div>\n\t\t\t\t<\/div>\n\t\t<div class=\"wd-negative-gap elementor-element elementor-element-103c198 e-flex e-con-boxed e-con e-parent\" data-id=\"103c198\" data-element_type=\"container\" data-e-type=\"container\">\n\t\t\t\t\t<div class=\"e-con-inner\">\n\t\t\t\t<div class=\"elementor-element elementor-element-c05b575 elementor-widget elementor-widget-spacer\" data-id=\"c05b575\" data-element_type=\"widget\" data-e-type=\"widget\" data-widget_type=\"spacer.default\">\n\t\t\t\t<div class=\"elementor-widget-container\">\n\t\t\t\t\t\t\t<div class=\"elementor-spacer\">\n\t\t\t<div class=\"elementor-spacer-inner\"><\/div>\n\t\t<\/div>\n\t\t\t\t\t\t<\/div>\n\t\t\t\t<\/div>\n\t\t\t\t<div class=\"elementor-element elementor-element-7084839 elementor-arrows-position-inside elementor-pagination-position-outside elementor-widget elementor-widget-image-carousel\" data-id=\"7084839\" data-element_type=\"widget\" data-e-type=\"widget\" data-settings=\"{&quot;image_spacing_custom&quot;:{&quot;unit&quot;:&quot;px&quot;,&quot;size&quot;:30,&quot;sizes&quot;:[]},&quot;navigation&quot;:&quot;both&quot;,&quot;autoplay&quot;:&quot;yes&quot;,&quot;pause_on_hover&quot;:&quot;yes&quot;,&quot;pause_on_interaction&quot;:&quot;yes&quot;,&quot;autoplay_speed&quot;:5000,&quot;infinite&quot;:&quot;yes&quot;,&quot;speed&quot;:500,&quot;image_spacing_custom_tablet&quot;:{&quot;unit&quot;:&quot;px&quot;,&quot;size&quot;:&quot;&quot;,&quot;sizes&quot;:[]},&quot;image_spacing_custom_mobile&quot;:{&quot;unit&quot;:&quot;px&quot;,&quot;size&quot;:&quot;&quot;,&quot;sizes&quot;:[]}}\" data-widget_type=\"image-carousel.default\">\n\t\t\t\t<div class=\"elementor-widget-container\">\n\t\t\t\t\t\t\t<div class=\"elementor-image-carousel-wrapper swiper\" role=\"region\" aria-roledescription=\"carousel\" aria-label=\"Resim karuseli\" dir=\"ltr\">\n\t\t\t<div class=\"elementor-image-carousel swiper-wrapper\" aria-live=\"off\">\n\t\t\t\t\t\t\t\t<div class=\"swiper-slide\" role=\"group\" aria-roledescription=\"slide\" aria-label=\"1 \/ 5\"><figure class=\"swiper-slide-inner\"><img decoding=\"async\" class=\"swiper-slide-image\" src=\"https:\/\/finplast.md\/wp-content\/uploads\/elementor\/thumbs\/shutterstock_71576065-scaled-rcygo909dqazh2aw0afyz8vcbvx1fbje4q26txkb80.jpg\" alt=\"shutterstock_71576065\" \/><\/figure><\/div><div class=\"swiper-slide\" role=\"group\" aria-roledescription=\"slide\" aria-label=\"2 \/ 5\"><figure class=\"swiper-slide-inner\"><img decoding=\"async\" class=\"swiper-slide-image\" src=\"https:\/\/finplast.md\/wp-content\/uploads\/elementor\/thumbs\/old-credit-card-disposal-rcygrazdlchj7fv563zbkz49tyuzfwnzjudzzb1900.jpg\" alt=\"old-credit-card-disposal\" \/><\/figure><\/div><div class=\"swiper-slide\" role=\"group\" aria-roledescription=\"slide\" aria-label=\"3 \/ 5\"><figure class=\"swiper-slide-inner\"><img decoding=\"async\" class=\"swiper-slide-image\" src=\"https:\/\/finplast.md\/wp-content\/uploads\/elementor\/thumbs\/1714043956156-rcygr1kzp04nzc8sozx1w1hnw45baxmo6jv56jf6q8.jpg\" alt=\"1714043956156\" \/><\/figure><\/div><div class=\"swiper-slide\" role=\"group\" aria-roledescription=\"slide\" aria-label=\"4 \/ 5\"><figure class=\"swiper-slide-inner\"><img decoding=\"async\" class=\"swiper-slide-image\" src=\"https:\/\/finplast.md\/wp-content\/uploads\/elementor\/thumbs\/closeup-hand-broke-red-credit-600nw-695814379-rcygr85v0udo8lz8mkrfvhtw1t8vstcsjgfjjh5fio.webp\" alt=\"closeup-hand-broke-red-credit-600nw-695814379\" \/><\/figure><\/div><div class=\"swiper-slide\" role=\"group\" aria-roledescription=\"slide\" aria-label=\"5 \/ 5\"><figure class=\"swiper-slide-inner\"><img decoding=\"async\" class=\"swiper-slide-image\" src=\"https:\/\/finplast.md\/wp-content\/uploads\/elementor\/thumbs\/black-scissors-cutting-credit-card-scaled-rcygnuwoj7romwvdamckfufff3uj7uzf2s9wms57tc.jpg\" alt=\"Black scissors cutting a credit card.\" \/><\/figure><\/div>\t\t\t<\/div>\n\t\t\t\t\t\t\t\t\t\t\t\t<div class=\"elementor-swiper-button elementor-swiper-button-prev\" role=\"button\" tabindex=\"0\">\n\t\t\t\t\t\t<svg aria-hidden=\"true\" class=\"e-font-icon-svg e-eicon-chevron-left\" viewbox=\"0 0 1000 1000\" xmlns=\"http:\/\/www.w3.org\/2000\/svg\"><path d=\"M646 125C629 125 613 133 604 142L308 442C296 454 292 471 292 487 292 504 296 521 308 533L604 854C617 867 629 875 646 875 663 875 679 871 692 858 704 846 713 829 713 812 713 796 708 779 692 767L438 487 692 225C700 217 708 204 708 187 708 171 704 154 692 142 675 129 663 125 646 125Z\"><\/path><\/svg>\t\t\t\t\t<\/div>\n\t\t\t\t\t<div class=\"elementor-swiper-button elementor-swiper-button-next\" role=\"button\" tabindex=\"0\">\n\t\t\t\t\t\t<svg aria-hidden=\"true\" class=\"e-font-icon-svg e-eicon-chevron-right\" viewbox=\"0 0 1000 1000\" xmlns=\"http:\/\/www.w3.org\/2000\/svg\"><path d=\"M696 533C708 521 713 504 713 487 713 471 708 454 696 446L400 146C388 133 375 125 354 125 338 125 325 129 313 142 300 154 292 171 292 187 292 204 296 221 308 233L563 492 304 771C292 783 288 800 288 817 288 833 296 850 308 863 321 871 338 875 354 875 371 875 388 867 400 854L696 533Z\"><\/path><\/svg>\t\t\t\t\t<\/div>\n\t\t\t\t\n\t\t\t\t\t\t\t\t\t<div class=\"swiper-pagination\"><\/div>\n\t\t\t\t\t\t\t\t\t<\/div>\n\t\t\t\t\t\t<\/div>\n\t\t\t\t<\/div>\n\t\t\t\t<div class=\"elementor-element elementor-element-240e15c elementor-widget elementor-widget-heading\" data-id=\"240e15c\" data-element_type=\"widget\" data-e-type=\"widget\" data-widget_type=\"heading.default\">\n\t\t\t\t<div class=\"elementor-widget-container\">\n\t\t\t\t\t<h3 class=\"elementor-heading-title elementor-size-default\">Finplast - Banka kart\u0131 imhas\u0131 i\u00e7in ideal ortak<\/h3>\t\t\t\t<\/div>\n\t\t\t\t<\/div>\n\t\t\t\t<div class=\"elementor-element elementor-element-4e89b2f elementor-widget elementor-widget-wd_text_block\" data-id=\"4e89b2f\" data-element_type=\"widget\" data-e-type=\"widget\" data-widget_type=\"wd_text_block.default\">\n\t\t\t\t<div class=\"elementor-widget-container\">\n\t\t\t\t\t\t\t<div class=\"wd-text-block reset-last-child text-center\">\n\t\t\t\n\t\t\t<p>S\u00fcresi dolmu\u015f veya iptal edilmi\u015f banka kartlar\u0131, doland\u0131r\u0131c\u0131l\u0131k amac\u0131yla kullan\u0131labilecek hassas veriler i\u00e7erir. Finplast size bile\u015fenlerin klonlanmas\u0131n\u0131 ve yeniden kullan\u0131lmas\u0131n\u0131 \u00f6nleyen g\u00fcvenli mikro par\u00e7alama hizmetleri sunar.&nbsp;<span style=\"font-size: 15px;\"><\/span><\/p>\n\t\t\t\t\t<\/div>\n\t\t\t\t\t\t<\/div>\n\t\t\t\t<\/div>\n\t\t\t\t<div class=\"elementor-element elementor-element-a18c3d9 elementor-widget elementor-widget-wd_text_block\" data-id=\"a18c3d9\" data-element_type=\"widget\" data-e-type=\"widget\" data-widget_type=\"wd_text_block.default\">\n\t\t\t\t<div class=\"elementor-widget-container\">\n\t\t\t\t\t\t\t<div class=\"wd-text-block reset-last-child text-center\">\n\t\t\t\n\t\t\t<p>M\u00fc\u015fteri verilerini korumak ve finansal doland\u0131r\u0131c\u0131l\u0131\u011f\u0131 \u00f6nlemek i\u00e7in bizimle ileti\u015fime ge\u00e7in!<span style=\"font-size: 15px;\"><\/span><\/p>\n\t\t\t\t\t<\/div>\n\t\t\t\t\t\t<\/div>\n\t\t\t\t<\/div>\n\t\t\t\t\t<\/div>\n\t\t\t\t<\/div>\n\t\t<div class=\"wd-negative-gap elementor-element elementor-element-c617465 e-flex e-con-boxed e-con e-parent\" data-id=\"c617465\" data-element_type=\"container\" data-e-type=\"container\">\n\t\t\t\t\t<div class=\"e-con-inner\">\n\t\t\t\t<div class=\"elementor-element elementor-element-ad48eb9 elementor-widget elementor-widget-spacer\" data-id=\"ad48eb9\" data-element_type=\"widget\" data-e-type=\"widget\" data-widget_type=\"spacer.default\">\n\t\t\t\t<div class=\"elementor-widget-container\">\n\t\t\t\t\t\t\t<div class=\"elementor-spacer\">\n\t\t\t<div class=\"elementor-spacer-inner\"><\/div>\n\t\t<\/div>\n\t\t\t\t\t\t<\/div>\n\t\t\t\t<\/div>\n\t\t\t\t<div class=\"elementor-element elementor-element-6463d0d elementor-widget elementor-widget-wd_button\" data-id=\"6463d0d\" data-element_type=\"widget\" data-e-type=\"widget\" data-widget_type=\"wd_button.default\">\n\t\t\t\t<div class=\"elementor-widget-container\">\n\t\t\t\t\t\t\t<div class=\"wd-button-wrapper text-center\" >\n\t\t\t<a class=\"btn btn-style-default btn-shape-round btn-size-default btn-color-primary btn-icon-pos-right\"  href=\"tel:+37369166577\">\n\t\t\t\t<span class=\"wd-btn-text\" data-elementor-setting-key=\"text\">\n\t\t\t\t\tBize hemen ula\u015f\u0131n!\t\t\t\t<\/span>\n\n\t\t\t\t\t\t\t<\/a>\n\t\t<\/div>\n\t\t\t\t\t\t<\/div>\n\t\t\t\t<\/div>\n\t\t\t\t\t<\/div>\n\t\t\t\t<\/div>\n\t\t\t\t<\/div>","protected":false},"excerpt":{"rendered":"<p>Banka kartlar\u0131n\u0131n par\u00e7alanmas\u0131: ki\u015fisel verileri korumak ve doland\u0131r\u0131c\u0131l\u0131\u011f\u0131 \u00f6nlemek i\u00e7in \u00f6nemli bir ad\u0131m Banka kartlar\u0131, her g\u00fcn<\/p>","protected":false},"author":7,"featured_media":0,"parent":0,"menu_order":0,"comment_status":"closed","ping_status":"closed","template":"","meta":{"footnotes":""},"class_list":["post-17691","page","type-page","status-publish","hentry"],"_links":{"self":[{"href":"https:\/\/finplast.md\/tr\/wp-json\/wp\/v2\/pages\/17691","targetHints":{"allow":["GET"]}}],"collection":[{"href":"https:\/\/finplast.md\/tr\/wp-json\/wp\/v2\/pages"}],"about":[{"href":"https:\/\/finplast.md\/tr\/wp-json\/wp\/v2\/types\/page"}],"author":[{"embeddable":true,"href":"https:\/\/finplast.md\/tr\/wp-json\/wp\/v2\/users\/7"}],"replies":[{"embeddable":true,"href":"https:\/\/finplast.md\/tr\/wp-json\/wp\/v2\/comments?post=17691"}],"version-history":[{"count":12,"href":"https:\/\/finplast.md\/tr\/wp-json\/wp\/v2\/pages\/17691\/revisions"}],"predecessor-version":[{"id":18044,"href":"https:\/\/finplast.md\/tr\/wp-json\/wp\/v2\/pages\/17691\/revisions\/18044"}],"wp:attachment":[{"href":"https:\/\/finplast.md\/tr\/wp-json\/wp\/v2\/media?parent=17691"}],"curies":[{"name":"wp","href":"https:\/\/api.w.org\/{rel}","templated":true}]}}