{"id":17709,"date":"2025-05-29T18:13:48","date_gmt":"2025-05-29T15:13:48","guid":{"rendered":"https:\/\/finplast.md\/?page_id=17709"},"modified":"2025-10-09T17:04:49","modified_gmt":"2025-10-09T14:04:49","slug":"distrugerea-documentelor-confidentiale","status":"publish","type":"page","link":"https:\/\/finplast.md\/tr\/distrugerea-documentelor-confidentiale\/","title":{"rendered":"Gizli belgelerin imhas\u0131"},"content":{"rendered":"<div data-elementor-type=\"wp-page\" data-elementor-id=\"17709\" class=\"elementor elementor-17709\" data-elementor-post-type=\"page\">\n\t\t\t\t<div class=\"wd-negative-gap elementor-element elementor-element-520386a e-flex e-con-boxed e-con e-parent\" data-id=\"520386a\" data-element_type=\"container\" data-e-type=\"container\">\n\t\t\t\t\t<div class=\"e-con-inner\">\n\t\t\t\t<div class=\"elementor-element elementor-element-682ae8d elementor-widget elementor-widget-heading\" data-id=\"682ae8d\" data-element_type=\"widget\" data-e-type=\"widget\" data-widget_type=\"heading.default\">\n\t\t\t\t<div class=\"elementor-widget-container\">\n\t\t\t\t\t<h1 class=\"elementor-heading-title elementor-size-default\">Gizli belgelerin par\u00e7alanmas\u0131: hassas bilgilerin g\u00fcvenli\u011fi i\u00e7in hayati bir \u00f6nlem<\/h1>\t\t\t\t<\/div>\n\t\t\t\t<\/div>\n\t\t\t\t<div class=\"elementor-element elementor-element-5c61e1b elementor-widget elementor-widget-spacer\" data-id=\"5c61e1b\" data-element_type=\"widget\" data-e-type=\"widget\" data-widget_type=\"spacer.default\">\n\t\t\t\t<div class=\"elementor-widget-container\">\n\t\t\t\t\t\t\t<div class=\"elementor-spacer\">\n\t\t\t<div class=\"elementor-spacer-inner\"><\/div>\n\t\t<\/div>\n\t\t\t\t\t\t<\/div>\n\t\t\t\t<\/div>\n\t\t\t\t\t<\/div>\n\t\t\t\t<\/div>\n\t\t<div class=\"wd-negative-gap elementor-element elementor-element-e169392 e-flex e-con-boxed e-con e-parent\" data-id=\"e169392\" data-element_type=\"container\" data-e-type=\"container\">\n\t\t\t\t\t<div class=\"e-con-inner\">\n\t\t\t\t<div class=\"elementor-element elementor-element-1606c70 elementor-widget elementor-widget-image\" data-id=\"1606c70\" data-element_type=\"widget\" data-e-type=\"widget\" data-widget_type=\"image.default\">\n\t\t\t\t<div class=\"elementor-widget-container\">\n\t\t\t\t\t\t\t\t\t\t\t\t\t\t\t<img decoding=\"async\" src=\"https:\/\/finplast.md\/wp-content\/uploads\/elementor\/thumbs\/depositphotos_73980069-stock-photo-confidential-concept-with-word-on-rkomml6zss5388qh5s4vcgi5lw1kqtk2rj0ak3qb5o.jpg\" title=\"depositphotos_73980069-stock-photo-confidential-concept-with-word-on\" alt=\"depositphotos_73980069-stock-photo-confidential-concept-with-word-on\" loading=\"lazy\" \/>\t\t\t\t\t\t\t\t\t\t\t\t\t\t\t<\/div>\n\t\t\t\t<\/div>\n\t\t\t\t\t<\/div>\n\t\t\t\t<\/div>\n\t\t<div class=\"wd-negative-gap elementor-element elementor-element-8efcb27 e-flex e-con-boxed e-con e-parent\" data-id=\"8efcb27\" data-element_type=\"container\" data-e-type=\"container\">\n\t\t\t\t\t<div class=\"e-con-inner\">\n\t\t\t\t<div class=\"elementor-element elementor-element-101b8da elementor-widget elementor-widget-spacer\" data-id=\"101b8da\" data-element_type=\"widget\" data-e-type=\"widget\" data-widget_type=\"spacer.default\">\n\t\t\t\t<div class=\"elementor-widget-container\">\n\t\t\t\t\t\t\t<div class=\"elementor-spacer\">\n\t\t\t<div class=\"elementor-spacer-inner\"><\/div>\n\t\t<\/div>\n\t\t\t\t\t\t<\/div>\n\t\t\t\t<\/div>\n\t\t\t\t<div class=\"elementor-element elementor-element-0b00d5e color-scheme-inherit text-left elementor-widget elementor-widget-text-editor\" data-id=\"0b00d5e\" data-element_type=\"widget\" data-e-type=\"widget\" data-widget_type=\"text-editor.default\">\n\t\t\t\t<div class=\"elementor-widget-container\">\n\t\t\t\t\t\t\t\t\t<p>\u00a0 \u00a0 Ki\u015fisel, finansal ve kurumsal verilerin saklanmas\u0131 i\u00e7in kullan\u0131lan gizli belgeler, uygun \u015fekilde y\u00f6netilmedi\u011fi takdirde istismar edilebilecek hassas bilgiler i\u00e7erir. Bunlar\u0131n g\u00fcvenli bir \u015fekilde imha edilmeden saklanmas\u0131 ve istiflenmesi, veri s\u0131z\u0131nt\u0131s\u0131n\u0131, kimlik h\u0131rs\u0131zl\u0131\u011f\u0131n\u0131 ve ticari s\u0131rlar\u0131n a\u00e7\u0131\u011fa \u00e7\u0131kmas\u0131n\u0131 kolayla\u015ft\u0131rarak bireylerin ve kurulu\u015flar\u0131n gizlili\u011fini ve itibar\u0131n\u0131 riske atar.<\/p>\t\t\t\t\t\t\t\t<\/div>\n\t\t\t\t<\/div>\n\t\t\t\t<div class=\"elementor-element elementor-element-2835dd0 elementor-widget elementor-widget-spacer\" data-id=\"2835dd0\" data-element_type=\"widget\" data-e-type=\"widget\" data-widget_type=\"spacer.default\">\n\t\t\t\t<div class=\"elementor-widget-container\">\n\t\t\t\t\t\t\t<div class=\"elementor-spacer\">\n\t\t\t<div class=\"elementor-spacer-inner\"><\/div>\n\t\t<\/div>\n\t\t\t\t\t\t<\/div>\n\t\t\t\t<\/div>\n\t\t\t\t\t<\/div>\n\t\t\t\t<\/div>\n\t\t<div class=\"elementor-element elementor-element-7b145c5 e-con-full e-flex e-con e-parent\" data-id=\"7b145c5\" data-element_type=\"container\" data-e-type=\"container\">\n\t\t<div class=\"elementor-element elementor-element-937cb9a e-con-full e-flex e-con e-child\" data-id=\"937cb9a\" data-element_type=\"container\" data-e-type=\"container\">\n\t\t\t\t<div class=\"elementor-element elementor-element-c73e57c elementor-widget elementor-widget-heading\" data-id=\"c73e57c\" data-element_type=\"widget\" data-e-type=\"widget\" data-widget_type=\"heading.default\">\n\t\t\t\t<div class=\"elementor-widget-container\">\n\t\t\t\t\t<h3 class=\"elementor-heading-title elementor-size-default\">Gizli Belgelerin G\u00fcvenli ve \u00c7evreye Duyarl\u0131 \u015eekilde \u0130mha Edilmesinin Faydalar\u0131<\/h3>\t\t\t\t<\/div>\n\t\t\t\t<\/div>\n\t\t\t\t<div class=\"elementor-element elementor-element-ebf6c73 color-scheme-inherit text-left elementor-widget elementor-widget-text-editor\" data-id=\"ebf6c73\" data-element_type=\"widget\" data-e-type=\"widget\" data-widget_type=\"text-editor.default\">\n\t\t\t\t<div class=\"elementor-widget-container\">\n\t\t\t\t\t\t\t\t\t<ul><li><strong>Sorumlu belge y\u00f6netimi:<\/strong> Gizli belgelerin g\u00fcvenli bir \u015fekilde imha edilmesi s\u0131z\u0131nt\u0131lar\u0131 \u00f6nler ve hassas verileri korur.<\/li><li><strong>D\u00f6ng\u00fcsel ekonominin desteklenmesi:<\/strong> Par\u00e7alanm\u0131\u015f ka\u011f\u0131tlar toplanarak geri d\u00f6n\u00fc\u015ft\u00fcr\u00fcl\u00fcr ve yeni ka\u011f\u0131t \u00fcr\u00fcnlerinin \u00fcretiminde malzemelerin yeniden kullan\u0131lmas\u0131na yard\u0131mc\u0131 olur.<\/li><li><strong>\u00c7evreyi korumak:<\/strong> Belge imha i\u015fleminden elde edilen malzemelerin geri d\u00f6n\u00fc\u015ft\u00fcr\u00fclmesi do\u011fal kaynaklar\u0131n t\u00fcketimini azalt\u0131r ve \u00e7evresel etkiyi en aza indirir.<\/li><\/ul>\t\t\t\t\t\t\t\t<\/div>\n\t\t\t\t<\/div>\n\t\t\t\t<\/div>\n\t\t\t\t<div class=\"elementor-element elementor-element-892cc37 elementor-widget elementor-widget-spacer\" data-id=\"892cc37\" data-element_type=\"widget\" data-e-type=\"widget\" data-widget_type=\"spacer.default\">\n\t\t\t\t<div class=\"elementor-widget-container\">\n\t\t\t\t\t\t\t<div class=\"elementor-spacer\">\n\t\t\t<div class=\"elementor-spacer-inner\"><\/div>\n\t\t<\/div>\n\t\t\t\t\t\t<\/div>\n\t\t\t\t<\/div>\n\t\t<div class=\"elementor-element elementor-element-11e102f e-con-full e-flex e-con e-child\" data-id=\"11e102f\" data-element_type=\"container\" data-e-type=\"container\">\n\t\t\t\t<div class=\"elementor-element elementor-element-c26e56e elementor-widget elementor-widget-heading\" data-id=\"c26e56e\" data-element_type=\"widget\" data-e-type=\"widget\" data-widget_type=\"heading.default\">\n\t\t\t\t<div class=\"elementor-widget-container\">\n\t\t\t\t\t<h3 class=\"elementor-heading-title elementor-size-default\">\u0130\u015fleme S\u00fcrecinin A\u015famalar\u0131<\/h3>\t\t\t\t<\/div>\n\t\t\t\t<\/div>\n\t\t\t\t<div class=\"elementor-element elementor-element-2e3e404 elementor-widget elementor-widget-wd_text_block\" data-id=\"2e3e404\" data-element_type=\"widget\" data-e-type=\"widget\" data-widget_type=\"wd_text_block.default\">\n\t\t\t\t<div class=\"elementor-widget-container\">\n\t\t\t\t\t\t\t<div class=\"wd-text-block reset-last-child text-left\">\n\t\t\t\n\t\t\t<ul><li><strong>Koleksiyon:<\/strong> Gizli belgeler belirlenen yerlerden toplan\u0131r ve g\u00fcvenli bir \u015fekilde yetkili merkezlere ta\u015f\u0131n\u0131r.<\/li><li><strong>S\u0131ralama:<\/strong> Materyaller kontrol edilir ve ortam t\u00fcr\u00fcne (ka\u011f\u0131t, karton, dijital, vb.) ve gizlilik d\u00fczeyine g\u00f6re ayr\u0131l\u0131r.<\/li><li><strong>Haz\u0131rl\u0131k:<\/strong> Belgeler, uygun olmayan \u00f6\u011feler (z\u0131mba teli, dosya, klas\u00f6r, film) \u00e7\u0131kar\u0131larak imha i\u00e7in haz\u0131rlan\u0131r.<\/li><li><strong>Kap\u0131 \u00e7al\u0131nd\u0131:<\/strong> Belgeler mekanik olarak imha edilir ve g\u00fcvenlik kurallar\u0131na g\u00f6re yeniden yap\u0131land\u0131r\u0131lmas\u0131 imkans\u0131z olan ince par\u00e7alara d\u00f6n\u00fc\u015f\u00fcr.<\/li><li><strong>Geri d\u00f6n\u00fc\u015f\u00fcm:<\/strong> Ortaya \u00e7\u0131kan at\u0131klar toplan\u0131r ve yetkili geri d\u00f6n\u00fc\u015f\u00fcmc\u00fclere g\u00f6nderilerek \u00e7evrenin korunmas\u0131na ve at\u0131klar\u0131n azalt\u0131lmas\u0131na yard\u0131mc\u0131 olunur.<\/li><\/ul>\n\t\t\t\t\t<\/div>\n\t\t\t\t\t\t<\/div>\n\t\t\t\t<\/div>\n\t\t\t\t<\/div>\n\t\t\t\t<\/div>\n\t\t<div class=\"wd-negative-gap elementor-element elementor-element-ba8de7a e-flex e-con-boxed e-con e-parent\" data-id=\"ba8de7a\" data-element_type=\"container\" data-e-type=\"container\">\n\t\t\t\t\t<div class=\"e-con-inner\">\n\t\t\t\t<div class=\"elementor-element elementor-element-250af22 elementor-widget elementor-widget-spacer\" data-id=\"250af22\" data-element_type=\"widget\" data-e-type=\"widget\" data-widget_type=\"spacer.default\">\n\t\t\t\t<div class=\"elementor-widget-container\">\n\t\t\t\t\t\t\t<div class=\"elementor-spacer\">\n\t\t\t<div class=\"elementor-spacer-inner\"><\/div>\n\t\t<\/div>\n\t\t\t\t\t\t<\/div>\n\t\t\t\t<\/div>\n\t\t\t\t<div class=\"elementor-element elementor-element-ba84627 elementor-arrows-position-inside elementor-pagination-position-outside elementor-widget elementor-widget-image-carousel\" data-id=\"ba84627\" data-element_type=\"widget\" data-e-type=\"widget\" data-settings=\"{&quot;image_spacing_custom&quot;:{&quot;unit&quot;:&quot;px&quot;,&quot;size&quot;:30,&quot;sizes&quot;:[]},&quot;navigation&quot;:&quot;both&quot;,&quot;autoplay&quot;:&quot;yes&quot;,&quot;pause_on_hover&quot;:&quot;yes&quot;,&quot;pause_on_interaction&quot;:&quot;yes&quot;,&quot;autoplay_speed&quot;:5000,&quot;infinite&quot;:&quot;yes&quot;,&quot;speed&quot;:500,&quot;image_spacing_custom_tablet&quot;:{&quot;unit&quot;:&quot;px&quot;,&quot;size&quot;:&quot;&quot;,&quot;sizes&quot;:[]},&quot;image_spacing_custom_mobile&quot;:{&quot;unit&quot;:&quot;px&quot;,&quot;size&quot;:&quot;&quot;,&quot;sizes&quot;:[]}}\" data-widget_type=\"image-carousel.default\">\n\t\t\t\t<div class=\"elementor-widget-container\">\n\t\t\t\t\t\t\t<div class=\"elementor-image-carousel-wrapper swiper\" role=\"region\" aria-roledescription=\"carousel\" aria-label=\"Resim karuseli\" dir=\"ltr\">\n\t\t\t<div class=\"elementor-image-carousel swiper-wrapper\" aria-live=\"off\">\n\t\t\t\t\t\t\t\t<div class=\"swiper-slide\" role=\"group\" aria-roledescription=\"slide\" aria-label=\"1 \/ 6\"><figure class=\"swiper-slide-inner\"><img decoding=\"async\" class=\"swiper-slide-image\" src=\"https:\/\/finplast.md\/wp-content\/uploads\/elementor\/thumbs\/photo_2025-10-09_15-46-05-rcyfqsx06yiockvwbbyvr6pvdaruj1r8j6d72h5mmo.jpg\" alt=\"photo_2025-10-09_15-46-05\" \/><\/figure><\/div><div class=\"swiper-slide\" role=\"group\" aria-roledescription=\"slide\" aria-label=\"2 \/ 6\"><figure class=\"swiper-slide-inner\"><img decoding=\"async\" class=\"swiper-slide-image\" src=\"https:\/\/finplast.md\/wp-content\/uploads\/elementor\/thumbs\/photo_2025-10-09_15-46-06-2-rcyfr1djwgu992jlxxmivml0prm5gbotkc8kdyt32o.jpg\" alt=\"photo_2025-10-09_15-46-06 (2)\" \/><\/figure><\/div><div class=\"swiper-slide\" role=\"group\" aria-roledescription=\"slide\" aria-label=\"3 \/ 6\"><figure class=\"swiper-slide-inner\"><img decoding=\"async\" class=\"swiper-slide-image\" src=\"https:\/\/finplast.md\/wp-content\/uploads\/elementor\/thumbs\/photo_2025-10-09_15-46-06-rcyfrbprzn8ess4l9k3f51z39076sztv9rewo0dr68.jpg\" alt=\"photo_2025-10-09_15-46-06\" \/><\/figure><\/div><div class=\"swiper-slide\" role=\"group\" aria-roledescription=\"slide\" aria-label=\"4 \/ 6\"><figure class=\"swiper-slide-inner\"><img decoding=\"async\" class=\"swiper-slide-image\" src=\"https:\/\/finplast.md\/wp-content\/uploads\/elementor\/thumbs\/big-heap-white-shredded-papers-list-with-agreement-scaled-rcyg6abarppplce8wiwnbs27msgibk82bt84nk764w.jpg\" alt=\"Big heap of white shredded papers on list with agreement\" \/><\/figure><\/div><div class=\"swiper-slide\" role=\"group\" aria-roledescription=\"slide\" aria-label=\"5 \/ 6\"><figure class=\"swiper-slide-inner\"><img decoding=\"async\" class=\"swiper-slide-image\" src=\"https:\/\/finplast.md\/wp-content\/uploads\/elementor\/thumbs\/high-angle-view-text-white-table-scaled-rcyg6oevm890fhtrm701v6i4jkj0j0s1dr0eupm9jk.jpg\" alt=\"Close up of shredded waste paper strips\" \/><\/figure><\/div><div class=\"swiper-slide\" role=\"group\" aria-roledescription=\"slide\" aria-label=\"6 \/ 6\"><figure class=\"swiper-slide-inner\"><img decoding=\"async\" class=\"swiper-slide-image\" src=\"https:\/\/finplast.md\/wp-content\/uploads\/elementor\/thumbs\/shredded-paper-Depositphotos_416674030_L-rcyg6vxl4wjb0diuea92f4ltanhy8llw2s8aoxb45s.webp\" alt=\"shredded-paper-Depositphotos_416674030_L\" \/><\/figure><\/div>\t\t\t<\/div>\n\t\t\t\t\t\t\t\t\t\t\t\t<div class=\"elementor-swiper-button elementor-swiper-button-prev\" role=\"button\" tabindex=\"0\">\n\t\t\t\t\t\t<svg aria-hidden=\"true\" class=\"e-font-icon-svg e-eicon-chevron-left\" viewbox=\"0 0 1000 1000\" xmlns=\"http:\/\/www.w3.org\/2000\/svg\"><path d=\"M646 125C629 125 613 133 604 142L308 442C296 454 292 471 292 487 292 504 296 521 308 533L604 854C617 867 629 875 646 875 663 875 679 871 692 858 704 846 713 829 713 812 713 796 708 779 692 767L438 487 692 225C700 217 708 204 708 187 708 171 704 154 692 142 675 129 663 125 646 125Z\"><\/path><\/svg>\t\t\t\t\t<\/div>\n\t\t\t\t\t<div class=\"elementor-swiper-button elementor-swiper-button-next\" role=\"button\" tabindex=\"0\">\n\t\t\t\t\t\t<svg aria-hidden=\"true\" class=\"e-font-icon-svg e-eicon-chevron-right\" viewbox=\"0 0 1000 1000\" xmlns=\"http:\/\/www.w3.org\/2000\/svg\"><path d=\"M696 533C708 521 713 504 713 487 713 471 708 454 696 446L400 146C388 133 375 125 354 125 338 125 325 129 313 142 300 154 292 171 292 187 292 204 296 221 308 233L563 492 304 771C292 783 288 800 288 817 288 833 296 850 308 863 321 871 338 875 354 875 371 875 388 867 400 854L696 533Z\"><\/path><\/svg>\t\t\t\t\t<\/div>\n\t\t\t\t\n\t\t\t\t\t\t\t\t\t<div class=\"swiper-pagination\"><\/div>\n\t\t\t\t\t\t\t\t\t<\/div>\n\t\t\t\t\t\t<\/div>\n\t\t\t\t<\/div>\n\t\t\t\t<div class=\"elementor-element elementor-element-4c45f7a elementor-widget elementor-widget-heading\" data-id=\"4c45f7a\" data-element_type=\"widget\" data-e-type=\"widget\" data-widget_type=\"heading.default\">\n\t\t\t\t<div class=\"elementor-widget-container\">\n\t\t\t\t\t<h2 class=\"elementor-heading-title elementor-size-default\">Finplast - gizli belgelerin par\u00e7alanmas\u0131 i\u00e7in ideal ortak<\/h2>\t\t\t\t<\/div>\n\t\t\t\t<\/div>\n\t\t\t\t<div class=\"elementor-element elementor-element-abdd064 elementor-widget elementor-widget-wd_text_block\" data-id=\"abdd064\" data-element_type=\"widget\" data-e-type=\"widget\" data-widget_type=\"wd_text_block.default\">\n\t\t\t\t<div class=\"elementor-widget-container\">\n\t\t\t\t\t\t\t<div class=\"wd-text-block reset-last-child text-center\">\n\t\t\t\n\t\t\t<p>Gizli belgeler kritik \u015firket veya ki\u015fisel bilgiler i\u00e7erebilir ve tamamen imha edilmeleri gerekir. Finplast, ISO bilgi g\u00fcvenli\u011fi standartlar\u0131na uygun olarak mekanik par\u00e7alama ve ard\u0131ndan ka\u011f\u0131t geri d\u00f6n\u00fc\u015f\u00fcm\u00fc sa\u011flar.&nbsp;<span style=\"font-size: 15px;\"><\/span><\/p>\n\t\t\t\t\t<\/div>\n\t\t\t\t\t\t<\/div>\n\t\t\t\t<\/div>\n\t\t\t\t<div class=\"elementor-element elementor-element-e5d1b60 elementor-widget elementor-widget-wd_text_block\" data-id=\"e5d1b60\" data-element_type=\"widget\" data-e-type=\"widget\" data-widget_type=\"wd_text_block.default\">\n\t\t\t\t<div class=\"elementor-widget-container\">\n\t\t\t\t\t\t\t<div class=\"wd-text-block reset-last-child text-center\">\n\t\t\t\n\t\t\t<p>Hassas verilerinizi korumak ve bilgi y\u00f6netiminde hesap verebilirlik g\u00f6stermek i\u00e7in bizimle \u00e7al\u0131\u015f\u0131n.<\/p>\n\t\t\t\t\t<\/div>\n\t\t\t\t\t\t<\/div>\n\t\t\t\t<\/div>\n\t\t\t\t\t<\/div>\n\t\t\t\t<\/div>\n\t\t<div class=\"wd-negative-gap elementor-element elementor-element-2594eb1 e-flex e-con-boxed e-con e-parent\" data-id=\"2594eb1\" data-element_type=\"container\" data-e-type=\"container\">\n\t\t\t\t\t<div class=\"e-con-inner\">\n\t\t\t\t<div class=\"elementor-element elementor-element-ecf1d99 elementor-widget elementor-widget-spacer\" data-id=\"ecf1d99\" data-element_type=\"widget\" data-e-type=\"widget\" data-widget_type=\"spacer.default\">\n\t\t\t\t<div class=\"elementor-widget-container\">\n\t\t\t\t\t\t\t<div class=\"elementor-spacer\">\n\t\t\t<div class=\"elementor-spacer-inner\"><\/div>\n\t\t<\/div>\n\t\t\t\t\t\t<\/div>\n\t\t\t\t<\/div>\n\t\t\t\t<div class=\"elementor-element elementor-element-8804276 elementor-widget elementor-widget-wd_button\" data-id=\"8804276\" data-element_type=\"widget\" data-e-type=\"widget\" data-widget_type=\"wd_button.default\">\n\t\t\t\t<div class=\"elementor-widget-container\">\n\t\t\t\t\t\t\t<div class=\"wd-button-wrapper text-center\" >\n\t\t\t<a class=\"btn btn-style-default btn-shape-round btn-size-default btn-color-primary btn-icon-pos-right\"  href=\"tel:+37369166577\">\n\t\t\t\t<span class=\"wd-btn-text\" data-elementor-setting-key=\"text\">\n\t\t\t\t\tBize hemen ula\u015f\u0131n!\t\t\t\t<\/span>\n\n\t\t\t\t\t\t\t<\/a>\n\t\t<\/div>\n\t\t\t\t\t\t<\/div>\n\t\t\t\t<\/div>\n\t\t\t\t\t<\/div>\n\t\t\t\t<\/div>\n\t\t\t\t<\/div>","protected":false},"excerpt":{"rendered":"<p>Gizli belgelerin imhas\u0131: hassas bilgilerin g\u00fcvenli\u011fi i\u00e7in hayati bir \u00f6nlem Gizli belgeler, ki\u015fisel, finansal ve di\u011fer bilgileri saklamak i\u00e7in kullan\u0131l\u0131r.<\/p>","protected":false},"author":7,"featured_media":0,"parent":0,"menu_order":0,"comment_status":"closed","ping_status":"closed","template":"","meta":{"footnotes":""},"class_list":["post-17709","page","type-page","status-publish","hentry"],"_links":{"self":[{"href":"https:\/\/finplast.md\/tr\/wp-json\/wp\/v2\/pages\/17709","targetHints":{"allow":["GET"]}}],"collection":[{"href":"https:\/\/finplast.md\/tr\/wp-json\/wp\/v2\/pages"}],"about":[{"href":"https:\/\/finplast.md\/tr\/wp-json\/wp\/v2\/types\/page"}],"author":[{"embeddable":true,"href":"https:\/\/finplast.md\/tr\/wp-json\/wp\/v2\/users\/7"}],"replies":[{"embeddable":true,"href":"https:\/\/finplast.md\/tr\/wp-json\/wp\/v2\/comments?post=17709"}],"version-history":[{"count":15,"href":"https:\/\/finplast.md\/tr\/wp-json\/wp\/v2\/pages\/17709\/revisions"}],"predecessor-version":[{"id":17977,"href":"https:\/\/finplast.md\/tr\/wp-json\/wp\/v2\/pages\/17709\/revisions\/17977"}],"wp:attachment":[{"href":"https:\/\/finplast.md\/tr\/wp-json\/wp\/v2\/media?parent=17709"}],"curies":[{"name":"wp","href":"https:\/\/api.w.org\/{rel}","templated":true}]}}